{"id":8093,"date":"2024-11-08T11:00:00","date_gmt":"2024-11-08T11:00:00","guid":{"rendered":"https:\/\/key-bak.fr\/?post_type=product&#038;p=8093"},"modified":"2025-03-13T11:26:44","modified_gmt":"2025-03-13T11:26:44","slug":"toolmate-5lb","status":"publish","type":"product","link":"https:\/\/key-bak.fr\/pt\/produit\/toolmate-5lb\/","title":{"rendered":"Toolmate 5lb"},"content":{"rendered":"<p>Concebido para evitar a queda de objectos, prenda com confian\u00e7a as suas ferramentas com um peso at\u00e9 2200 gramas a si pr\u00f3prio, ao seu arn\u00eas, escada, guincho ou estrutura para evitar que uma ferramenta caia acidentalmente e fira um colega de equipa.<\/p>\n<h3>Impacto m\u00ednimo no trabalho<\/h3>\n<p>As nossas correias retr\u00e1cteis para ferramentas ToolMate retraem apenas a correia, n\u00e3o a ferramenta, fornecendo exatamente a for\u00e7a de retra\u00e7\u00e3o necess\u00e1ria para rebobinar a correia sem puxar a ferramenta durante a utiliza\u00e7\u00e3o.<\/p>\n<h3>Design anti-entalamento<\/h3>\n<p>O cord\u00e3o auto-retr\u00e1til mant\u00e9m o cord\u00e3o de 100 cm t\u00e3o curto quanto necess\u00e1rio, evitando emaranhados e obst\u00e1culos no espa\u00e7o de trabalho, resolvendo o problema encontrado com os cord\u00f5es n\u00e3o retr\u00e1cteis.<\/p>\n<h3>Concebida para durar<\/h3>\n<p>O corpo \u00e9 feito de policarbonato resistente ao impacto com uma mola de a\u00e7o inoxid\u00e1vel, concebido para durar em quase todos os ambientes de trabalho.<\/p>\n<h3>Mosquet\u00e3o de ancoragem<\/h3>\n<p>Mosquet\u00e3o girat\u00f3rio de alum\u00ednio com bloqueio autom\u00e1tico para evitar a abertura e remo\u00e7\u00e3o acidentais.<\/p>\n<h3>Testado por terceiros<\/h3>\n<p>Os testes de terceiros garantem que o seu ToolMate foi concebido, testado e comprovado com um fator de seguran\u00e7a de 2:1.<\/p>","protected":false},"excerpt":{"rendered":"<h3>TOOLMATE 2,2 quilos 100 cm porta-ferramentas com gancho de press\u00e3o<\/h3>\n<p>Evite acidentes causados pela queda de ferramentas com o porta-ferramentas com catraca anti-retorno ToolMate de 2200 gramas da gama Key-Bak Pro.<\/p>\n<p><strong>O TOOLMATE N\u00c3O \u00c9 UM PORTA-CHAVES RETR\u00c1CTIL, MAS SIM UM DISPOSITIVO ANTI-QUEDA PARA FERRAMENTAS<\/strong><\/p>\n<h3>Especifica\u00e7\u00f5es<\/h3>\n<ul>\n<li>Peso m\u00e1ximo suportado da ferramenta: 2,2 kg (5 lb)<\/li>\n<li>For\u00e7a de contra\u00e7\u00e3o: 170 gramas (n\u00e3o encolhe 2200 gramas)<\/li>\n<li>Comprimento do cabo: 100 cm<\/li>\n<li>Alcance total de funcionamento: 138 cm<\/li>\n<li>Material do cabo: cabo de Dacron<\/li>\n<li>Fixa\u00e7\u00e3o da ferramenta: Gancho girat\u00f3rio de alum\u00ednio com fecho autom\u00e1tico<\/li>\n<li>Fixa\u00e7\u00e3o da \u00e2ncora: mosquet\u00e3o girat\u00f3rio de alum\u00ednio com fecho autom\u00e1tico<\/li>\n<li>Cinta: Tecido de poli\u00e9ster<\/li>\n<li><a href=\"https:\/\/key-bak.fr\/pt\/norma-ansi-isea-121-2018\/\">Certifica\u00e7\u00e3o ANSI\/ISEA 121-2018<\/a><\/li>\n<\/ul>\n<div class=\"product-block\">\n<div class=\"rte\">\n<div class=\"shogun-root\" data-region=\"main\" data-shogun-variant-id=\"5f22dc87cfc0a40052f426e6\" data-shogun-platform-type=\"shopify\" data-shogun-page-version-id=\"5f22dc87cfc0a40052f426e4\" data-shogun-page-id=\"5f22dc87cfc0a40052f426e5\" data-shogun-site-id=\"e86a1cc1-284a-4ce1-993b-40b93c6dd0bd\" data-shogun-id=\"5f22dc87cfc0a40052f426e5\">\n<div id=\"s-f2cc359e-eb95-4e0b-8a84-8467de240fbe\" class=\"shg-c\">\n<h3>Aumento da seguran\u00e7a<\/h3>\n<ul>\n<li class=\"x_ContentPasted4\">Elimina\u00e7\u00e3o de riscos: Os suportes de ferramentas retr\u00e1cteis substituem os cabos el\u00e1sticos e as correias pendentes que podem ficar emaranhados e presos em objectos.<\/li>\n<li class=\"x_ContentPasted4\">Em conformidade com a norma ANSI 121, o que significa que foi testado e certificado para cumprir os mais rigorosos requisitos de seguran\u00e7a e desempenho<\/li>\n<\/ul>\n<h3>Carater\u00edsticas pr\u00e1ticas<\/h3>\n<ul>\n<li class=\"x_ContentPasted4\">Mosquet\u00e3o duplo autoblocante: Proporciona pontos de ancoragem e de fixa\u00e7\u00e3o de ferramentas f\u00e1ceis de utilizar<\/li>\n<li class=\"x_ContentPasted4\">Proteger as suas ferramentas: Com uma capacidade de carga de 2,2 kg (aprox. 5 lb), este suporte de ferramentas permite-lhe proteger as suas ferramentas e evitar que caiam ou se percam enquanto trabalha.<\/li>\n<li class=\"x_ContentPasted4\">Correia el\u00e1stica de absor\u00e7\u00e3o de choques: proporciona uma prote\u00e7\u00e3o extra contra quedas acidentais<\/li>\n<\/ul>\n<\/div>\n<\/div>\n<\/div>\n<\/div>","protected":false},"featured_media":8101,"template":"","meta":[],"product_brand":[],"product_cat":[68,96,28],"product_tag":[],"class_list":{"0":"post-8093","1":"product","2":"type-product","3":"status-publish","4":"has-post-thumbnail","6":"product_cat-industrie","7":"product_cat-infrastructure","8":"product_cat-key-bak-speciaux","10":"first","11":"instock","12":"taxable","13":"shipping-taxable","14":"purchasable","15":"product-type-simple"},"_links":{"self":[{"href":"https:\/\/key-bak.fr\/pt\/wp-json\/wp\/v2\/product\/8093","targetHints":{"allow":["GET"]}}],"collection":[{"href":"https:\/\/key-bak.fr\/pt\/wp-json\/wp\/v2\/product"}],"about":[{"href":"https:\/\/key-bak.fr\/pt\/wp-json\/wp\/v2\/types\/product"}],"version-history":[{"count":0,"href":"https:\/\/key-bak.fr\/pt\/wp-json\/wp\/v2\/product\/8093\/revisions"}],"wp:featuredmedia":[{"embeddable":true,"href":"https:\/\/key-bak.fr\/pt\/wp-json\/wp\/v2\/media\/8101"}],"wp:attachment":[{"href":"https:\/\/key-bak.fr\/pt\/wp-json\/wp\/v2\/media?parent=8093"}],"wp:term":[{"taxonomy":"product_brand","embeddable":true,"href":"https:\/\/key-bak.fr\/pt\/wp-json\/wp\/v2\/product_brand?post=8093"},{"taxonomy":"product_cat","embeddable":true,"href":"https:\/\/key-bak.fr\/pt\/wp-json\/wp\/v2\/product_cat?post=8093"},{"taxonomy":"product_tag","embeddable":true,"href":"https:\/\/key-bak.fr\/pt\/wp-json\/wp\/v2\/product_tag?post=8093"}],"curies":[{"name":"wp","href":"https:\/\/api.w.org\/{rel}","templated":true}]}}