{"id":7833,"date":"2022-07-28T12:08:52","date_gmt":"2022-07-28T12:08:52","guid":{"rendered":"https:\/\/key-bak.fr\/?post_type=product&#038;p=7833"},"modified":"2026-04-15T08:11:00","modified_gmt":"2026-04-15T08:11:00","slug":"separador-de-telefone-de-ligacao-rapida","status":"publish","type":"product","link":"https:\/\/key-bak.fr\/pt\/produit\/languette-telephone-quick-connect\/","title":{"rendered":"Separador de telefone \"Quick-Connect"},"content":{"rendered":"<h2>Fixa\u00e7\u00e3o inovadora<\/h2>\n<p>Transforme a forma como transporta o seu telem\u00f3vel. Concebido para prender com seguran\u00e7a o seu dispositivo ao cinto ou \u00e0 mala, o nosso sistema de fixa\u00e7\u00e3o de adesivos proporciona uma liga\u00e7\u00e3o fi\u00e1vel que garante que o seu telem\u00f3vel se mant\u00e9m preso em seguran\u00e7a, mesmo em movimento.<\/p>\n<h2>Conce\u00e7\u00e3o robusta<\/h2>\n<p>Fabricado com materiais met\u00e1licos de alta qualidade, o nosso adesivo de fixa\u00e7\u00e3o foi concebido para suportar os rigores da utiliza\u00e7\u00e3o quotidiana. Oferece uma resist\u00eancia superior, garantindo a estabilidade e a durabilidade do seu dispositivo durante as suas actividades.<\/p>\n<h2>Compatibilidade universal<\/h2>\n<p>O nosso sistema de fixa\u00e7\u00e3o \u00e9 adequado para todos os modelos de smartphones com capa, gra\u00e7as a uma correia ajust\u00e1vel que proporciona uma fixa\u00e7\u00e3o segura e confort\u00e1vel. O seu telem\u00f3vel est\u00e1 seguro, qualquer que seja o modelo.<\/p>\n<h2>Utiliza\u00e7\u00e3o vers\u00e1til<\/h2>\n<p>Quer esteja a trabalhar, a viajar ou a desfrutar do ar livre, o nosso suporte para telem\u00f3vel d\u00e1-lhe a tranquilidade de saber que o seu dispositivo est\u00e1 sempre \u00e0 m\u00e3o e protegido contra perdas ou quedas acidentais.<\/p>\n<h2>F\u00e1cil de instalar<\/h2>\n<p>O separador de telem\u00f3vel keybak requer a utiliza\u00e7\u00e3o de uma capa de telem\u00f3vel com um orif\u00edcio de carregador acess\u00edvel para uma instala\u00e7\u00e3o r\u00e1pida e f\u00e1cil. Compat\u00edvel com a maioria das correias e cord\u00f5es para telem\u00f3vel, o nosso adesivo de fixa\u00e7\u00e3o mede aproximadamente 6 x 1,5 cm, adequado para uma variedade de configura\u00e7\u00f5es.<\/p>\n<p>Invista na seguran\u00e7a com o suporte para telem\u00f3vel Key-Bak e transforme a forma como utiliza o seu telem\u00f3vel todos os dias.<\/p>","protected":false},"excerpt":{"rendered":"<h3>Suporte para telefone compat\u00edvel com o seu Key-Bak<\/h3>\n<p>A seguran\u00e7a e a acessibilidade do seu telem\u00f3vel em qualquer lugar.<\/p>\n<h3>Carater\u00edsticas<\/h3>\n<ul>\n<li>A l\u00edngua r\u00edgida de 6,5 cm adapta-se a todos os smartphones com uma capa protetora<\/li>\n<li>Fixa-se ao seu Key-Bak preferido com um anel de zinco preto de 2 cm e um gancho de press\u00e3o preto de 3 cm (inclu\u00eddos)<\/li>\n<\/ul>","protected":false},"featured_media":7943,"template":"","meta":[],"product_brand":[],"product_cat":[52],"product_tag":[],"class_list":{"0":"post-7833","1":"product","2":"type-product","3":"status-publish","4":"has-post-thumbnail","6":"product_cat-accessoires","8":"first","9":"instock","10":"featured","11":"taxable","12":"shipping-taxable","13":"purchasable","14":"product-type-simple"},"_links":{"self":[{"href":"https:\/\/key-bak.fr\/pt\/wp-json\/wp\/v2\/product\/7833","targetHints":{"allow":["GET"]}}],"collection":[{"href":"https:\/\/key-bak.fr\/pt\/wp-json\/wp\/v2\/product"}],"about":[{"href":"https:\/\/key-bak.fr\/pt\/wp-json\/wp\/v2\/types\/product"}],"version-history":[{"count":0,"href":"https:\/\/key-bak.fr\/pt\/wp-json\/wp\/v2\/product\/7833\/revisions"}],"wp:featuredmedia":[{"embeddable":true,"href":"https:\/\/key-bak.fr\/pt\/wp-json\/wp\/v2\/media\/7943"}],"wp:attachment":[{"href":"https:\/\/key-bak.fr\/pt\/wp-json\/wp\/v2\/media?parent=7833"}],"wp:term":[{"taxonomy":"product_brand","embeddable":true,"href":"https:\/\/key-bak.fr\/pt\/wp-json\/wp\/v2\/product_brand?post=7833"},{"taxonomy":"product_cat","embeddable":true,"href":"https:\/\/key-bak.fr\/pt\/wp-json\/wp\/v2\/product_cat?post=7833"},{"taxonomy":"product_tag","embeddable":true,"href":"https:\/\/key-bak.fr\/pt\/wp-json\/wp\/v2\/product_tag?post=7833"}],"curies":[{"name":"wp","href":"https:\/\/api.w.org\/{rel}","templated":true}]}}