{"id":7829,"date":"2024-07-24T09:24:09","date_gmt":"2024-07-24T09:24:09","guid":{"rendered":"https:\/\/key-bak.fr\/?post_type=product&#038;p=7829"},"modified":"2024-07-28T12:10:25","modified_gmt":"2024-07-28T12:10:25","slug":"key-bak-sidekick-laniere","status":"publish","type":"product","link":"https:\/\/key-bak.fr\/pt\/produit\/key-bak-sidekick-laniere\/","title":{"rendered":"Porta-chaves retr\u00e1til SIDEKICK com cord\u00e3o de seguran\u00e7a amov\u00edvel"},"content":{"rendered":"<p>Adopte o Sidekick\u00ae para uma gest\u00e3o simplificada do seu acesso di\u00e1rio, com a garantia de um produto fi\u00e1vel, robusto e constru\u00eddo para durar.<\/p>\n<h2>Simplicidade e seguran\u00e7a no quotidiano<\/h2>\n<p>O Sidekick\u00ae \u00e9 essencial para os profissionais que necessitam de aceder rapidamente \u00e0s suas chaves e cart\u00f5es sem os retirar. Perfeito para utiliza\u00e7\u00e3o em ambientes seguros e em confer\u00eancias, este porta-cart\u00f5es \u00e9 uma adi\u00e7\u00e3o eficiente e discreta \u00e0 sua rotina di\u00e1ria.<\/p>\n<h2>Capacidade \u00f3ptima<\/h2>\n<p>Equipado com um enrolador de cart\u00f5es e uma argola para chaves, o Sidekick\u00ae pode conter at\u00e9 cinco chaves e um cart\u00e3o, satisfazendo as necessidades dos profissionais mais ocupados.<\/p>\n<h2>Conce\u00e7\u00e3o sustent\u00e1vel<\/h2>\n<p>Fabricada nos EUA, a sua correia ajust\u00e1vel e amov\u00edvel incorpora a robusta fibra DuPont\u2122 Kevlar\u00ae, garantindo uma resist\u00eancia e durabilidade excepcionais face aos desafios do dia a dia.<\/p>\n<h2>Funcionamento intuitivo<\/h2>\n<p>Utilizar as suas chaves ou distintivo \u00e9 f\u00e1cil - basta puxar para utilizar e soltar para retra\u00e7\u00e3o autom\u00e1tica num estojo de prote\u00e7\u00e3o compacto.<\/p>\n<h2>Dupla funcionalidade<\/h2>\n<p>Combine a visibilidade de um cord\u00e3o destac\u00e1vel com a praticidade de um mecanismo retr\u00e1til para uma solu\u00e7\u00e3o dois em um imbat\u00edvel.<\/p>\n<h2><strong>Design e car\u00e1cter pr\u00e1tico<\/strong><\/h2>\n<p>O Sidekick\u00ae n\u00e3o \u00e9 apenas funcional; tem um design elegante com uma caixa de policarbonato refor\u00e7ada com fibra Kevlar, pronta para suportar os rigores de uma utiliza\u00e7\u00e3o intensa.<\/p>\n<h2><strong>Compromisso de qualidade<\/strong><\/h2>\n<p>Conte com uma garantia de um ano e uma pol\u00edtica de repara\u00e7\u00e3o vital\u00edcia, demonstrando a nossa confian\u00e7a na fiabilidade do Sidekick\u00ae.<\/p>\n<h2><strong>Escolha de profissionais<\/strong><\/h2>\n<p>Adotado pelos l\u00edderes das ind\u00fastrias de seguran\u00e7a e eventos, o Sidekick\u00ae \u00e9 a refer\u00eancia para a gest\u00e3o de chaves e crach\u00e1s.<\/p>","protected":false},"excerpt":{"rendered":"<h3>O porta-cart\u00f5es Key-Bak para usar ao pesco\u00e7o<\/h3>\n<p>O Sidekick com cord\u00e3o de seguran\u00e7a amov\u00edvel permite-lhe mostrar o seu distintivo em qualquer altura. Tem tamb\u00e9m uma argola para prender as suas chaves.<\/p>\n<h3>Carater\u00edsticas<\/h3>\n<ul>\n<li>For\u00e7a de contra\u00e7\u00e3o de 225 gramas<\/li>\n<li>Conjunto de molas em a\u00e7o inoxid\u00e1vel numa caixa de policarbonato transparente com 3 cm de di\u00e2metro.<\/li>\n<li>Durabilidade protegida por uma garantia de 1 ano.<\/li>\n<li>For\u00e7a de retra\u00e7\u00e3o de servi\u00e7o standard capaz de suportar at\u00e9 112 g, (aproximadamente 5 chaves e um distintivo).<\/li>\n<li>Cabo de fibra DuPont\u2122 Kevlar\u00ae de 60 cm com uma resist\u00eancia igual \u00e0 do a\u00e7o e um ponto de rutura de 36,3 kg.<\/li>\n<li>Fecho sem tor\u00e7\u00e3o com argola para prender v\u00e1rias chaves e um cart\u00e3o de identifica\u00e7\u00e3o.<\/li>\n<\/ul>","protected":false},"featured_media":7934,"template":"","meta":[],"product_brand":[],"product_cat":[27,29,65,69],"product_tag":[],"class_list":{"0":"post-7829","1":"product","2":"type-product","3":"status-publish","4":"has-post-thumbnail","6":"product_cat-key-bak-enrouleurs","7":"product_cat-porte-badges","8":"product_cat-sante","9":"product_cat-usage-quotidien","11":"first","12":"instock","13":"featured","14":"taxable","15":"shipping-taxable","16":"purchasable","17":"product-type-simple"},"_links":{"self":[{"href":"https:\/\/key-bak.fr\/pt\/wp-json\/wp\/v2\/product\/7829","targetHints":{"allow":["GET"]}}],"collection":[{"href":"https:\/\/key-bak.fr\/pt\/wp-json\/wp\/v2\/product"}],"about":[{"href":"https:\/\/key-bak.fr\/pt\/wp-json\/wp\/v2\/types\/product"}],"version-history":[{"count":0,"href":"https:\/\/key-bak.fr\/pt\/wp-json\/wp\/v2\/product\/7829\/revisions"}],"wp:featuredmedia":[{"embeddable":true,"href":"https:\/\/key-bak.fr\/pt\/wp-json\/wp\/v2\/media\/7934"}],"wp:attachment":[{"href":"https:\/\/key-bak.fr\/pt\/wp-json\/wp\/v2\/media?parent=7829"}],"wp:term":[{"taxonomy":"product_brand","embeddable":true,"href":"https:\/\/key-bak.fr\/pt\/wp-json\/wp\/v2\/product_brand?post=7829"},{"taxonomy":"product_cat","embeddable":true,"href":"https:\/\/key-bak.fr\/pt\/wp-json\/wp\/v2\/product_cat?post=7829"},{"taxonomy":"product_tag","embeddable":true,"href":"https:\/\/key-bak.fr\/pt\/wp-json\/wp\/v2\/product_tag?post=7829"}],"curies":[{"name":"wp","href":"https:\/\/api.w.org\/{rel}","templated":true}]}}