{"id":7787,"date":"2024-07-23T18:11:43","date_gmt":"2024-07-23T18:11:43","guid":{"rendered":"https:\/\/key-bak.fr\/?post_type=product&#038;p=7787"},"modified":"2026-03-26T11:03:21","modified_gmt":"2026-03-26T11:03:21","slug":"keybak-original-hybrid","status":"publish","type":"product","link":"https:\/\/key-bak.fr\/pt\/produit\/keybak-original-hybride\/","title":{"rendered":"KeyBak Hybrid \"484"},"content":{"rendered":"<h2>Dupla funcionalidade para uma flexibilidade sem igual<\/h2>\n<p>Descubra o KeyBak Hybrid \u00ab484\u00bb, uma grande inova\u00e7\u00e3o que combina duas fun\u00e7\u00f5es essenciais para profissionais exigentes:<\/p>\n<ol>\n<li class=\"translation-block\"><strong>Mecanismo de enrolamento retr\u00e1til<\/strong>: Capaz de conter at\u00e9 20 chaves ou um acess\u00f3rio com um peso at\u00e9 225 gramas, garante que os seus objectos essenciais permanecem seguros e ao seu alcance.<\/li>\n<li><strong>Clip destac\u00e1vel inovador<\/strong> Fixada ao cinto, pode ser rapidamente retirada e facilmente recolocada, oferecendo uma utiliza\u00e7\u00e3o alargada muito para al\u00e9m dos 120 cm do nosso modelo KeyBak original.<\/li>\n<\/ol>\n<h2>Design pr\u00e1tico e duradouro<\/h2>\n<p>O KeyBak Hybrid possui um clipe de cinto rotativo amov\u00edvel combinado com um anel retr\u00e1til robusto, ideal para organizar chaves e outros acess\u00f3rios. F\u00e1cil de retirar, o estojo permanece com as suas chaves, optimizando o seu tempo e aumentando a sua paz de esp\u00edrito sempre que o utiliza.<\/p>\n<h2>Ultra pr\u00e1tico e elegante<\/h2>\n<p>Compacto, mas extremamente capaz, este modelo revolucion\u00e1rio ocupa um espa\u00e7o m\u00ednimo, satisfazendo os requisitos mais exigentes. Dispon\u00edvel com uma corrente de 60 cm ou um cabo de 120 cm, pode ser adaptado \u00e0s suas necessidades espec\u00edficas.<\/p>\n<h2>Utiliza\u00e7\u00e3o simplificada para m\u00e1xima efici\u00eancia<\/h2>\n<p>Utilize as suas chaves ou acess\u00f3rios, depois solte-os: eles recolhem automaticamente para o seu estojo de prote\u00e7\u00e3o, sempre prontos para a pr\u00f3xima utiliza\u00e7\u00e3o. Este sistema garante uma facilidade de utiliza\u00e7\u00e3o e uma efic\u00e1cia sem precedentes.<\/p>\n<h2>Compromisso a longo prazo<\/h2>\n<p>A KeyBak Hybrid n\u00e3o foi feita apenas para durar, foi feita para se destacar. Beneficia de uma garantia de um ano e de uma pol\u00edtica de repara\u00e7\u00e3o vital\u00edcia. Adotado pelos l\u00edderes da ind\u00fastria e do luxo, este porta-chaves \u00e9 conhecido pela sua qualidade excecional e inova\u00e7\u00e3o cont\u00ednua.<\/p>\n<h2>Escolha a excel\u00eancia com o KeyBak h\u00edbrido \u00ab484\u00bb<\/h2>\n<p>Ofere\u00e7a a si pr\u00f3prio o melhor em termos de gest\u00e3o de chaves e acess\u00f3rios. Encomende hoje e experimente a combina\u00e7\u00e3o perfeita de design, robustez e funcionalidade.<\/p>","protected":false},"excerpt":{"rendered":"<h3>O KeyBak h\u00edbrido com :<\/h3>\n<ol>\n<li>Um mecanismo de enrolador retr\u00e1til KeyBak, para prender at\u00e9 15 chaves ou um acess\u00f3rio de 225 gramas.<\/li>\n<li>Um clipe amov\u00edvel que se prende ao cinto, permitindo-lhe retir\u00e1-lo e voltar a coloc\u00e1-lo com facilidade.<\/li>\n<\/ol>\n<h3>Carater\u00edsticas<\/h3>\n<ul>\n<li>Corrente de a\u00e7o inoxid\u00e1vel ou cabo Kevlar de 60 cm<\/li>\n<li>Facilmente acopl\u00e1vel e desacopl\u00e1vel do cinto<\/li>\n<li>Conjunto de molas em a\u00e7o inoxid\u00e1vel numa caixa de 5 cm em a\u00e7o inoxid\u00e1vel<\/li>\n<li>For\u00e7a de retra\u00e7\u00e3o standard at\u00e9 225 g.<\/li>\n<li>Fixador sem tor\u00e7\u00e3o com anel dividido para fixar v\u00e1rias chaves.<\/li>\n<li>Clipe de a\u00e7o preto que se prende facilmente ao cinto, bolso ou bolsa.<\/li>\n<li>Anel de a\u00e7o temperado resistente \u00e0 corros\u00e3o de 2,5 cm<\/li>\n<li>Testado para durar 1 milh\u00e3o de impress\u00f5es<\/li>\n<li>As bobinas ecol\u00f3gicas KEY-BAK geram menos 90% de res\u00edduos do que as bobinas, porta-chaves e fechos descart\u00e1veis<\/li>\n<\/ul>\n<h3>2 for\u00e7as de retra\u00e7\u00e3o<\/h3>\n<ul>\n<li>O \u00ab484\u00bb (corrente de 60 cm). Encolhimento at\u00e9 225 g (aprox. 10 chaves)<\/li>\n<li>O \u00ab484 HDK\u00bb (cabo de 120 cm). Encolhimento at\u00e9 225g (\u00b1 15 teclas)<\/li>\n<\/ul>\n<p><iframe title=\"Leitor de v\u00eddeo do YouTube\" src=\"https:\/\/www.youtube.com\/embed\/Klg4qI3kCw8?si=1XvbdiuPVDi_i2JP\" width=\"560\" height=\"315\" frameborder=\"0\" allowfullscreen=\"allowfullscreen\"><\/iframe><\/p>","protected":false},"featured_media":7920,"template":"","meta":[],"product_brand":[],"product_cat":[68,27,67,69],"product_tag":[],"class_list":{"0":"post-7787","1":"product","2":"type-product","3":"status-publish","4":"has-post-thumbnail","6":"product_cat-industrie","7":"product_cat-key-bak-enrouleurs","8":"product_cat-securite","9":"product_cat-usage-quotidien","11":"first","12":"instock","13":"featured","14":"taxable","15":"shipping-taxable","16":"purchasable","17":"product-type-variable"},"_links":{"self":[{"href":"https:\/\/key-bak.fr\/pt\/wp-json\/wp\/v2\/product\/7787","targetHints":{"allow":["GET"]}}],"collection":[{"href":"https:\/\/key-bak.fr\/pt\/wp-json\/wp\/v2\/product"}],"about":[{"href":"https:\/\/key-bak.fr\/pt\/wp-json\/wp\/v2\/types\/product"}],"version-history":[{"count":0,"href":"https:\/\/key-bak.fr\/pt\/wp-json\/wp\/v2\/product\/7787\/revisions"}],"wp:featuredmedia":[{"embeddable":true,"href":"https:\/\/key-bak.fr\/pt\/wp-json\/wp\/v2\/media\/7920"}],"wp:attachment":[{"href":"https:\/\/key-bak.fr\/pt\/wp-json\/wp\/v2\/media?parent=7787"}],"wp:term":[{"taxonomy":"product_brand","embeddable":true,"href":"https:\/\/key-bak.fr\/pt\/wp-json\/wp\/v2\/product_brand?post=7787"},{"taxonomy":"product_cat","embeddable":true,"href":"https:\/\/key-bak.fr\/pt\/wp-json\/wp\/v2\/product_cat?post=7787"},{"taxonomy":"product_tag","embeddable":true,"href":"https:\/\/key-bak.fr\/pt\/wp-json\/wp\/v2\/product_tag?post=7787"}],"curies":[{"name":"wp","href":"https:\/\/api.w.org\/{rel}","templated":true}]}}