{"id":7736,"date":"2024-07-22T11:53:57","date_gmt":"2024-07-22T11:53:57","guid":{"rendered":"https:\/\/key-bak.fr\/?post_type=product&#038;p=7736"},"modified":"2025-12-29T21:48:06","modified_gmt":"2025-12-29T21:48:06","slug":"keybak-75-anniversaire","status":"publish","type":"product","link":"https:\/\/key-bak.fr\/pt\/produit\/keybak-75-anniversaire\/","title":{"rendered":"KeyBak ORIGINAL 75\u00ba Anivers\u00e1rio"},"content":{"rendered":"<p class=\"translation-block\">Comemore connosco o 75\u00ba anivers\u00e1rio da nossa marca, criada em 1948 com base na inova\u00e7\u00e3o de um <a href=\"https:\/\/key-bak.fr\/pt\/a-propos\/\" target=\"_self\"><strong>agricultor californiano.<\/strong><\/a><\/p>\n<h2>Durabilidade e fiabilidade excepcionais<\/h2>\n<p>Esta edi\u00e7\u00e3o de colecionador do nosso ic\u00f3nico porta-chaves retr\u00e1til apresenta uma corrente de alta qualidade e um mecanismo de retra\u00e7\u00e3o concebido para superar a concorr\u00eancia.<\/p>\n<p>\u00c9 o modelo mais popular e mais imitado da nossa gama, o que comprova a sua qualidade superior e a sua funcionalidade impec\u00e1vel.<\/p>\n<h2>Design ergon\u00f3mico e seguro<\/h2>\n<p>Este Key-Bak Original Anniversary prende-se facilmente ao seu cinto gra\u00e7as a um clipe resistente, dando-lhe acesso r\u00e1pido e f\u00e1cil \u00e0s suas chaves. Acabou-se o inc\u00f3modo de ter as chaves nos bolsos ou de desgastar a roupa. Com este porta-chaves, tamb\u00e9m minimiza o risco de perda ou roubo das suas chaves.<\/p>\n<h2>Personaliz\u00e1vel e adapt\u00e1vel<\/h2>\n<p>Adapte o Key-Bak \u00e0s suas necessidades espec\u00edficas com duas op\u00e7\u00f5es de cabo (corrente ou Kevlar) e quatro op\u00e7\u00f5es de comprimento (60 cm, 70 cm, 90 cm ou 120 cm), oferecendo uma variedade para satisfazer todos os requisitos de utiliza\u00e7\u00e3o.<\/p>\n<h2>Um peda\u00e7o de hist\u00f3ria copiado mas nunca igualado<\/h2>\n<p>O Key-Bak Original Anniversary \u00e9 mais do que um porta-chaves: \u00e9 um peda\u00e7o de hist\u00f3ria inovador, concebido para durar e acompanh\u00e1-lo todos os dias. Prende-se ao cinto com um clip, tornando a utiliza\u00e7\u00e3o das chaves r\u00e1pida e f\u00e1cil. O porta-chaves original key-bak elimina o inc\u00f3modo de ter as chaves no bolso, evitando o desgaste da roupa e a perda ou roubo das chaves.<\/p>","protected":false},"excerpt":{"rendered":"<h3>Proteja as suas chaves e ferramentas com este KeyBak de anivers\u00e1rio<\/h3>\n<p>O Key-Bak Original Chromed foi o primeiro porta-chaves retr\u00e1til do mundo e tornou-se um cl\u00e1ssico essencial. Estamos a celebrar o nosso 75\u00ba anivers\u00e1rio com esta edi\u00e7\u00e3o limitada.<\/p>\n<h3>Carater\u00edsticas<\/h3>\n<ul>\n<li>Medalh\u00e3o comemorativo 75 anos na fachada<\/li>\n<li>Protegido numa caixa de lata<\/li>\n<li>Corrente inquebr\u00e1vel de a\u00e7o inoxid\u00e1vel ou cabo Kevlar<\/li>\n<li>Conjunto de molas em a\u00e7o inoxid\u00e1vel numa caixa de 5 cm em a\u00e7o inoxid\u00e1vel<\/li>\n<li>Anel de a\u00e7o temperado resistente \u00e0 corros\u00e3o de 2,5 cm<\/li>\n<li>Testado para durar 1 milh\u00e3o de impress\u00f5es<\/li>\n<li>Protegido por uma garantia de um ano<\/li>\n<li>As bobinas KEY-BAK ECO-REELS produzem menos 90 % de res\u00edduos do que a concorr\u00eancia.<\/li>\n<li>Fabricado nos EUA<\/li>\n<\/ul>","protected":false},"featured_media":7912,"template":"","meta":[],"product_brand":[],"product_cat":[68,27,67,69],"product_tag":[],"class_list":{"0":"post-7736","1":"product","2":"type-product","3":"status-publish","4":"has-post-thumbnail","6":"product_cat-industrie","7":"product_cat-key-bak-enrouleurs","8":"product_cat-securite","9":"product_cat-usage-quotidien","11":"first","12":"instock","13":"featured","14":"taxable","15":"shipping-taxable","16":"purchasable","17":"product-type-simple"},"_links":{"self":[{"href":"https:\/\/key-bak.fr\/pt\/wp-json\/wp\/v2\/product\/7736","targetHints":{"allow":["GET"]}}],"collection":[{"href":"https:\/\/key-bak.fr\/pt\/wp-json\/wp\/v2\/product"}],"about":[{"href":"https:\/\/key-bak.fr\/pt\/wp-json\/wp\/v2\/types\/product"}],"version-history":[{"count":0,"href":"https:\/\/key-bak.fr\/pt\/wp-json\/wp\/v2\/product\/7736\/revisions"}],"wp:featuredmedia":[{"embeddable":true,"href":"https:\/\/key-bak.fr\/pt\/wp-json\/wp\/v2\/media\/7912"}],"wp:attachment":[{"href":"https:\/\/key-bak.fr\/pt\/wp-json\/wp\/v2\/media?parent=7736"}],"wp:term":[{"taxonomy":"product_brand","embeddable":true,"href":"https:\/\/key-bak.fr\/pt\/wp-json\/wp\/v2\/product_brand?post=7736"},{"taxonomy":"product_cat","embeddable":true,"href":"https:\/\/key-bak.fr\/pt\/wp-json\/wp\/v2\/product_cat?post=7736"},{"taxonomy":"product_tag","embeddable":true,"href":"https:\/\/key-bak.fr\/pt\/wp-json\/wp\/v2\/product_tag?post=7736"}],"curies":[{"name":"wp","href":"https:\/\/api.w.org\/{rel}","templated":true}]}}