{"id":7602,"date":"2024-03-24T20:21:02","date_gmt":"2024-03-24T20:21:02","guid":{"rendered":"https:\/\/key-bak.fr\/?post_type=product&#038;p=7602"},"modified":"2026-03-26T11:27:26","modified_gmt":"2026-03-26T11:27:26","slug":"rasgar","status":"publish","type":"product","link":"https:\/\/key-bak.fr\/pt\/produit\/ratch-it\/","title":{"rendered":"Mosquet\u00e3o anti-retorno Ratch-It"},"content":{"rendered":"<h2>Design robusto para utiliza\u00e7\u00e3o quotidiana<\/h2>\n<p>O porta-chaves Key-Bak Ratch-It n\u00e3o \u00e9 um acess\u00f3rio vulgar. O Ratch-It combina durabilidade e engenhosidade com o seu inv\u00f3lucro compacto de policarbonato preto e o cabo ultra-resistente de Kevlar, capaz de resistir a condi\u00e7\u00f5es extremas. Fabricado nos EUA com materiais de alta qualidade, foi constru\u00eddo para durar e resistir ao teste do tempo.<\/p>\n<h2>Comodidade e seguran\u00e7a avan\u00e7adas<\/h2>\n<p>Com o seu robusto mosquet\u00e3o em liga de zinco, o Ratch-It prende-se facilmente ao seu cinto, alforges ou sacos, protegendo as suas chaves onde quer que v\u00e1. O sistema de bloqueio \u00fanico permite que o cord\u00e3o se bloqueie em intervalos de 12,5 cm, dando-lhe flexibilidade e comodidade durante a utiliza\u00e7\u00e3o.<\/p>\n<h2>Inova\u00e7\u00e3o e desempenho<\/h2>\n<p>Este porta-chaves \u00e9 mais do que um simples acess\u00f3rio, \u00e9 uma solu\u00e7\u00e3o concebida para facilitar o seu quotidiano. A sua mola em a\u00e7o inoxid\u00e1vel, alojada numa caixa robusta, garante um funcionamento perfeito. O cord\u00e3o de Kevlar, mais forte do que o a\u00e7o, pode suportar uma tra\u00e7\u00e3o at\u00e9 40 kg.<\/p>\n<h2>Durabilidade garantida<\/h2>\n<p>Testado para durar 1 milh\u00e3o de pux\u00f5es, o mosquet\u00e3o Ratch-It n\u00e3o s\u00f3 \u00e9 constru\u00eddo para durar, como tamb\u00e9m vem com uma garantia de um ano, demonstrando o nosso compromisso com a qualidade e a sua satisfa\u00e7\u00e3o.<\/p>\n<h2>O acess\u00f3rio para utilizadores exigentes<\/h2>\n<p>Quer seja um profissional ocupado ou um entusiasta de aventuras, o Ratch-It foi concebido para melhorar a efici\u00eancia e reduzir o stress. Adopte-o hoje mesmo e transforme a forma como gere as suas chaves, ferramentas ou prende o seu telem\u00f3vel com o acess\u00f3rio certo.<\/p>\n<p>O Ratch-It \u00e9 a ferramenta essencial para quem procura combinar seguran\u00e7a, praticidade e durabilidade num \u00fanico produto. As bobinas ecol\u00f3gicas KEY-BAK geram menos 90% de res\u00edduos do que as bobinas, os porta-chaves e os fechos descart\u00e1veis.<\/p>","protected":false},"excerpt":{"rendered":"<h3>O KeyBak com bloqueio anti-retorno<\/h3>\n<p>Mantenha as suas chaves, telefone ou ferramentas sempre \u00e0 m\u00e3o com o revolucion\u00e1rio porta-chaves com mosquet\u00e3o anti-retorno da Ratch-It! Equipado com um mecanismo de bloqueio anti-retorno, este porta-chaves inovador garante que as suas chaves, ferramentas ou telem\u00f3vel n\u00e3o s\u00f3 est\u00e3o seguros, mas tamb\u00e9m imediatamente acess\u00edveis.<\/p>\n<h3><strong>Carater\u00edsticas<\/strong><\/h3>\n<ul style=\"font-weight: 400;\">\n<li>Conjunto de molas em a\u00e7o inoxid\u00e1vel numa caixa de 5 cm de di\u00e2metro<\/li>\n<li>Mecanismo de bloqueio anti-retorno bloqueia em intervalos de 12,5 cm<\/li>\n<li>O mosquet\u00e3o em liga de zinco prende-se facilmente \u00e0s presilhas dos cintos, sacos, carrinhos de beb\u00e9 ou bolsas<\/li>\n<li>Cabo de fibra de Kevlar com uma resist\u00eancia m\u00ednima \u00e0 rutura de 36,3 kg<\/li>\n<li>Testado para durar 1 milh\u00e3o de impress\u00f5es<\/li>\n<li>Durabilidade protegida por uma garantia de 1 ano<\/li>\n<\/ul>","protected":false},"featured_media":7605,"template":"","meta":[],"product_brand":[],"product_cat":[66,68,27,67,69],"product_tag":[],"class_list":{"0":"post-7602","1":"product","2":"type-product","3":"status-publish","4":"has-post-thumbnail","6":"product_cat-hotellerie","7":"product_cat-industrie","8":"product_cat-key-bak-enrouleurs","9":"product_cat-securite","10":"product_cat-usage-quotidien","12":"first","13":"instock","14":"sale","15":"taxable","16":"shipping-taxable","17":"purchasable","18":"product-type-variable"},"_links":{"self":[{"href":"https:\/\/key-bak.fr\/pt\/wp-json\/wp\/v2\/product\/7602","targetHints":{"allow":["GET"]}}],"collection":[{"href":"https:\/\/key-bak.fr\/pt\/wp-json\/wp\/v2\/product"}],"about":[{"href":"https:\/\/key-bak.fr\/pt\/wp-json\/wp\/v2\/types\/product"}],"version-history":[{"count":0,"href":"https:\/\/key-bak.fr\/pt\/wp-json\/wp\/v2\/product\/7602\/revisions"}],"wp:featuredmedia":[{"embeddable":true,"href":"https:\/\/key-bak.fr\/pt\/wp-json\/wp\/v2\/media\/7605"}],"wp:attachment":[{"href":"https:\/\/key-bak.fr\/pt\/wp-json\/wp\/v2\/media?parent=7602"}],"wp:term":[{"taxonomy":"product_brand","embeddable":true,"href":"https:\/\/key-bak.fr\/pt\/wp-json\/wp\/v2\/product_brand?post=7602"},{"taxonomy":"product_cat","embeddable":true,"href":"https:\/\/key-bak.fr\/pt\/wp-json\/wp\/v2\/product_cat?post=7602"},{"taxonomy":"product_tag","embeddable":true,"href":"https:\/\/key-bak.fr\/pt\/wp-json\/wp\/v2\/product_tag?post=7602"}],"curies":[{"name":"wp","href":"https:\/\/api.w.org\/{rel}","templated":true}]}}