{"id":7577,"date":"2024-03-24T17:46:41","date_gmt":"2024-03-24T17:46:41","guid":{"rendered":"https:\/\/key-bak.fr\/?post_type=product&#038;p=7577"},"modified":"2026-03-26T11:29:13","modified_gmt":"2026-03-26T11:29:13","slug":"keybak-clear-sidekick","status":"publish","type":"product","link":"https:\/\/key-bak.fr\/pt\/produit\/keybak-clear-sidekick\/","title":{"rendered":"Keybak SIDEKICK CLEAR"},"content":{"rendered":"<p>Liberdade no seu bolso ou na sua mala com a nova gera\u00e7\u00e3o do Sidekick!<\/p>\n<h2>Compacto e ultra-pr\u00e1tico<\/h2>\n<p>Apesar do seu pequeno tamanho, o Sidekick \u00e9 uma verdadeira pot\u00eancia em termos de funcionalidade. Capaz de conter at\u00e9 5 teclas e 1 distintivo, combina leveza e robustez numa elegante caixa transparente.<\/p>\n<h2>Acesso imediato<\/h2>\n<p>Gra\u00e7as ao seu inovador sistema de cord\u00e3o retr\u00e1til, n\u00e3o precisa de passar longos minutos a procurar desesperadamente na sua mala ou nos seus bolsos. Basta um simples gesto para agarrar o que procura, gra\u00e7as ao seu cord\u00e3o retr\u00e1til de alta resist\u00eancia.<\/p>\n<h2>Durabilidade e resist\u00eancia<\/h2>\n<p>Fabricado em policarbonato ultra-resistente e refor\u00e7ado com fibras de Kevlar, o Sidekick est\u00e1 pronto para enfrentar os desafios da vida quotidiana. Prenda-o ao cinto, \u00e0 bolsa ou ao colete e ele resistir\u00e1 a todas as suas actividades sem falhas.<\/p>\n<h2>Utiliza\u00e7\u00e3o sem esfor\u00e7o<\/h2>\n<p>Utilize as suas chaves ou o seu crach\u00e1 com facilidade e, depois de os utilizar, deixe-os recolher suavemente para o seu estojo de prote\u00e7\u00e3o. Isto poupa-lhe tempo valioso e d\u00e1-lhe uma paz de esp\u00edrito inigual\u00e1vel sempre que as utiliza.<\/p>\n<h2>Design sofisticado e ultra-pr\u00e1tico<\/h2>\n<p>O Sidekick n\u00e3o \u00e9 apenas \u00fatil; \u00e9 tamb\u00e9m um acess\u00f3rio de moda, com o seu design elegante e moderno. Reconhecido e adotado pelos profissionais, tornou-se um modelo de refer\u00eancia para quem procura uma solu\u00e7\u00e3o simultaneamente est\u00e9tica e funcional.<\/p>\n<h2>Investir na qualidade<\/h2>\n<p>N\u00e3o procure mais, o Sidekick \u00e9 o companheiro ideal de que estava \u00e0 espera. Ofere\u00e7a a si mesmo esta pe\u00e7a de excel\u00eancia, com garantia de 1 ano, para uma experi\u00eancia di\u00e1ria transformada.<\/p>\n<p>Leve a sua organiza\u00e7\u00e3o pessoal para o n\u00edvel seguinte com a nova gera\u00e7\u00e3o do Sidekick. Encomende-o hoje e redefina a forma como transporta as suas chaves e distintivos todos os dias.<\/p>","protected":false},"excerpt":{"rendered":"<h3>O KeyBak para levar para todo o lado<\/h3>\n<p>Diga adeus aos porta-chaves volumosos e \u00e0s chaves ou crach\u00e1s perdidos no fundo da sua mala.<\/p>\n<h3><strong>Carater\u00edsticas<\/strong><\/h3>\n<p class=\"translation-block\">- O mosquet\u00e3o prende-se facilmente \u00e0s presilhas dos cintos, sacos ou bolsas.\r\n- Mola de a\u00e7o inoxid\u00e1vel envolta numa caixa de policarbonato transparente com 3 cm de di\u00e2metro <br>\r\n- Fixa\u00e7\u00e3o sem tor\u00e7\u00e3o com anel dividido para prender v\u00e1rias chaves e crach\u00e1s de identifica\u00e7\u00e3o.<br>\r\n- For\u00e7a de retra\u00e7\u00e3o standard capaz de suportar at\u00e9 120g (5 chaves + 1 crach\u00e1).<br>\r\n- Cord\u00e3o colorido de fibra DuPont\u2122 Kevlar\u00ae de 60cm com resist\u00eancia igual ao a\u00e7o com um ponto de rutura de 40kg.<br>\r\n- Durabilidade protegida por uma garantia de 1 ano.<\/p>","protected":false},"featured_media":7583,"template":"","meta":[],"product_brand":[],"product_cat":[66,27,29,65,69],"product_tag":[],"class_list":{"0":"post-7577","1":"product","2":"type-product","3":"status-publish","4":"has-post-thumbnail","6":"product_cat-hotellerie","7":"product_cat-key-bak-enrouleurs","8":"product_cat-porte-badges","9":"product_cat-sante","10":"product_cat-usage-quotidien","12":"first","13":"instock","14":"taxable","15":"shipping-taxable","16":"purchasable","17":"product-type-variable"},"_links":{"self":[{"href":"https:\/\/key-bak.fr\/pt\/wp-json\/wp\/v2\/product\/7577","targetHints":{"allow":["GET"]}}],"collection":[{"href":"https:\/\/key-bak.fr\/pt\/wp-json\/wp\/v2\/product"}],"about":[{"href":"https:\/\/key-bak.fr\/pt\/wp-json\/wp\/v2\/types\/product"}],"version-history":[{"count":0,"href":"https:\/\/key-bak.fr\/pt\/wp-json\/wp\/v2\/product\/7577\/revisions"}],"wp:featuredmedia":[{"embeddable":true,"href":"https:\/\/key-bak.fr\/pt\/wp-json\/wp\/v2\/media\/7583"}],"wp:attachment":[{"href":"https:\/\/key-bak.fr\/pt\/wp-json\/wp\/v2\/media?parent=7577"}],"wp:term":[{"taxonomy":"product_brand","embeddable":true,"href":"https:\/\/key-bak.fr\/pt\/wp-json\/wp\/v2\/product_brand?post=7577"},{"taxonomy":"product_cat","embeddable":true,"href":"https:\/\/key-bak.fr\/pt\/wp-json\/wp\/v2\/product_cat?post=7577"},{"taxonomy":"product_tag","embeddable":true,"href":"https:\/\/key-bak.fr\/pt\/wp-json\/wp\/v2\/product_tag?post=7577"}],"curies":[{"name":"wp","href":"https:\/\/api.w.org\/{rel}","templated":true}]}}