{"id":7290,"date":"2023-04-30T16:22:32","date_gmt":"2023-04-30T16:22:32","guid":{"rendered":"https:\/\/key-bak.fr\/?post_type=product&#038;p=7290"},"modified":"2026-05-05T09:24:07","modified_gmt":"2026-05-05T09:24:07","slug":"ligacao-de-chave","status":"publish","type":"product","link":"https:\/\/key-bak.fr\/pt\/produit\/key-connect\/","title":{"rendered":"LIGA\u00c7\u00c3O-CHAVE"},"content":{"rendered":"<h2>Fixa\u00e7\u00e3o f\u00e1cil e vers\u00e1til<\/h2>\n<p>Equipado com um gancho de metal resistente, este porta-chaves prende-se facilmente a mochilas, presilhas de cinto ou malas de m\u00e3o. Um mosquet\u00e3o de pl\u00e1stico dur\u00e1vel adicional facilita a gest\u00e3o e a troca de v\u00e1rios conjuntos de chaves ou a fixa\u00e7\u00e3o de outros objectos essenciais sem o esfor\u00e7o dos porta-chaves tradicionais.<\/p>\n<h2>Design atrativo e pr\u00e1tico<\/h2>\n<p>Com o seu cord\u00e3o cor de laranja brilhante e a sua caixa transparente, este porta-chaves vai certamente destacar-se da multid\u00e3o. D\u00e1 um toque de cor e divers\u00e3o aos acess\u00f3rios quotidianos das crian\u00e7as, mantendo-se uma escolha pr\u00e1tica para os pais.<\/p>\n<h2>Alcance alargado para maior conforto<\/h2>\n<p>O cord\u00e3o pode ser estendido at\u00e9 60 cm para manter as chaves e outros objectos importantes facilmente acess\u00edveis sem o risco de os perder. As crian\u00e7as podem utilizar facilmente as suas chaves e depois deix\u00e1-las recolher em seguran\u00e7a no estojo.<\/p>\n<h2>Seguran\u00e7a refor\u00e7ada<\/h2>\n<p>Este porta-chaves foi especialmente concebido para proporcionar tranquilidade aos pais e independ\u00eancia \u00e0s crian\u00e7as. Os materiais robustos garantem uma utiliza\u00e7\u00e3o duradoura e segura, ideal para os dias agitados de jovens activos.<\/p>\n<p>Escolha comodidade e seguran\u00e7a com este porta-chaves mosquet\u00e3o com corpo transparente e cord\u00e3o cor de laranja. \u00c9 o acess\u00f3rio perfeito para incentivar a organiza\u00e7\u00e3o e a responsabilidade dos seus filhos, dando-lhes um toque de divers\u00e3o.<\/p>\n<p class=\"translation-block\">Este modelo tamb\u00e9m existe sem apito: o <a href=\"https:\/\/key-bak.fr\/pt\/product-2\/chave-de-ligacao-segura\/\" target=\"_self\"><strong>Cofre de liga\u00e7\u00e3o \u00e0 chave<\/strong><\/a>.<\/p>","protected":false},"excerpt":{"rendered":"<h3>Proteja as suas chaves com este divertido KeyBak<\/h3>\n<p class=\"translation-block\">Esta vers\u00e3o colorida do porta-chaves retr\u00e1til <a href=\"https:\/\/key-bak.fr\/pt\/product-2\/chave-bak-sidekick\/\" target=\"_self\">SIDEKICK<\/a> \u00e9 a solu\u00e7\u00e3o ideal para si ou para os seus filhos manterem as suas chaves e pequenos objectos sempre ao seu alcance. Concebido para a a\u00e7\u00e3o, o KeyBak Key-Connect combina funcionalidade com um estilo divertido.<\/p>\n<h3>Carater\u00edsticas<\/h3>\n<ul>\n<li>Fixa\u00e7\u00e3o f\u00e1cil para evitar a perda de chaves<\/li>\n<li>Capacidade de retra\u00e7\u00e3o at\u00e9 113 g (aprox. 5 chaves)<\/li>\n<li>O cord\u00e3o de 60 cm permite utilizar as chaves sem as desligar<\/li>\n<li>Clipe de mosquet\u00e3o para sacos e presilhas de cinto<\/li>\n<li>Fabricado nos EUA<\/li>\n<\/ul>\n<p><iframe title=\"Leitor de v\u00eddeo do YouTube\" src=\"https:\/\/www.youtube.com\/embed\/fyybACGI0l8?si=PeL4QVMuqwM5so1T\" width=\"560\" height=\"315\" frameborder=\"0\" allowfullscreen=\"allowfullscreen\"><\/iframe><\/p>","protected":false},"featured_media":7291,"template":"","meta":[],"product_brand":[],"product_cat":[27,69],"product_tag":[],"class_list":{"0":"post-7290","1":"product","2":"type-product","3":"status-publish","4":"has-post-thumbnail","6":"product_cat-key-bak-enrouleurs","7":"product_cat-usage-quotidien","9":"first","10":"instock","11":"featured","12":"taxable","13":"shipping-taxable","14":"purchasable","15":"product-type-simple"},"_links":{"self":[{"href":"https:\/\/key-bak.fr\/pt\/wp-json\/wp\/v2\/product\/7290","targetHints":{"allow":["GET"]}}],"collection":[{"href":"https:\/\/key-bak.fr\/pt\/wp-json\/wp\/v2\/product"}],"about":[{"href":"https:\/\/key-bak.fr\/pt\/wp-json\/wp\/v2\/types\/product"}],"version-history":[{"count":1,"href":"https:\/\/key-bak.fr\/pt\/wp-json\/wp\/v2\/product\/7290\/revisions"}],"predecessor-version":[{"id":8984,"href":"https:\/\/key-bak.fr\/pt\/wp-json\/wp\/v2\/product\/7290\/revisions\/8984"}],"wp:featuredmedia":[{"embeddable":true,"href":"https:\/\/key-bak.fr\/pt\/wp-json\/wp\/v2\/media\/7291"}],"wp:attachment":[{"href":"https:\/\/key-bak.fr\/pt\/wp-json\/wp\/v2\/media?parent=7290"}],"wp:term":[{"taxonomy":"product_brand","embeddable":true,"href":"https:\/\/key-bak.fr\/pt\/wp-json\/wp\/v2\/product_brand?post=7290"},{"taxonomy":"product_cat","embeddable":true,"href":"https:\/\/key-bak.fr\/pt\/wp-json\/wp\/v2\/product_cat?post=7290"},{"taxonomy":"product_tag","embeddable":true,"href":"https:\/\/key-bak.fr\/pt\/wp-json\/wp\/v2\/product_tag?post=7290"}],"curies":[{"name":"wp","href":"https:\/\/api.w.org\/{rel}","templated":true}]}}