{"id":7277,"date":"2023-04-30T14:59:21","date_gmt":"2023-04-30T14:59:21","guid":{"rendered":"https:\/\/key-bak.fr\/?post_type=product&#038;p=7277"},"modified":"2026-04-16T12:28:18","modified_gmt":"2026-04-16T12:28:18","slug":"chave-de-ligacao-segura","status":"publish","type":"product","link":"https:\/\/key-bak.fr\/pt\/produit\/key-connect-safe\/","title":{"rendered":"COFRE DE LIGA\u00c7\u00c3O COM CHAVE"},"content":{"rendered":"<p>Ganhe paz de esp\u00edrito com o Key-Connect Safe, uma inova\u00e7\u00e3o que combina seguran\u00e7a pessoal com funcionalidade. Combinando um apito de emerg\u00eancia acess\u00edvel e um porta-chaves retr\u00e1til, este dispositivo foi concebido para o proteger a si e \u00e0s suas chaves em todas as circunst\u00e2ncias.<\/p>\n<h2>F\u00e1cil de instalar e vers\u00e1til<\/h2>\n<p>O cofre Key-Connect tem um gancho de metal robusto para uma f\u00e1cil fixa\u00e7\u00e3o a mochilas, presilhas de cinto ou malas de m\u00e3o. Um segundo gancho de pl\u00e1stico dur\u00e1vel ao qual o apito est\u00e1 preso tamb\u00e9m facilita a gest\u00e3o de v\u00e1rios conjuntos de chaves ou a fixa\u00e7\u00e3o de outros acess\u00f3rios sem dificuldade.<\/p>\n<h2>Design atrativo e funcional<\/h2>\n<p>O cord\u00e3o cor de laranja vibrante e o estojo transparente v\u00e3o certamente chamar a aten\u00e7\u00e3o, ao mesmo tempo que proporcionam um acess\u00f3rio pr\u00e1tico e seguro. \u00c9 um toque de cor que tamb\u00e9m acrescenta uma dimens\u00e3o divertida e f\u00e1cil de identificar, ideal para o uso quotidiano.<\/p>\n<h2>Extensibilidade para um acesso f\u00e1cil<\/h2>\n<p>Gra\u00e7as ao seu cabo retr\u00e1til, que pode ser estendido at\u00e9 60 cm, as suas chaves e outros objectos essenciais ficam \u00e0 m\u00e3o e n\u00e3o h\u00e1 risco de se perderem. Utilize as suas chaves sem preocupa\u00e7\u00f5es e depois deixe-as recolher em seguran\u00e7a para o seu estojo.<\/p>\n<h2>Melhoria da seguran\u00e7a<\/h2>\n<p>O cofre Key-Connect d\u00e1-lhe uma tranquilidade extra. A sua robustez garante longevidade e fiabilidade, perfeita para actividades quotidianas atarefadas. O apito de emerg\u00eancia integrado \u00e9 ideal para uma prote\u00e7\u00e3o extra em situa\u00e7\u00f5es de alto risco.<\/p>\n<h2>Um acess\u00f3rio essencial para a sua seguran\u00e7a<\/h2>\n<p>Escolha o cofre Key-Connect para combinar comodidade e seguran\u00e7a. \u00c9 a ferramenta ideal para quem procura aumentar a sua seguran\u00e7a pessoal, mantendo as suas chaves organizadas e acess\u00edveis. Nunca mais saia de casa sem ele!<\/p>\n<p class=\"translation-block\">O cofre Key-Connect combina est\u00e9tica, funcionalidade e seguran\u00e7a num \u00fanico produto compacto. Adopte-o hoje mesmo para uma experi\u00eancia quotidiana tranquilizadora e sem complica\u00e7\u00f5es. Este modelo tamb\u00e9m est\u00e1 dispon\u00edvel sem apito: o <strong><a href=\"https:\/\/key-bak.fr\/pt\/product-2\/ligacao-de-chave\/\" target=\"_self\">Key-Connect<\/a><\/strong>.<\/p>","protected":false},"excerpt":{"rendered":"<h3>O seu dispositivo de seguran\u00e7a pessoal para combater o ass\u00e9dio na rua<\/h3>\n<p>Merece a paz de esp\u00edrito de que necessita quando voc\u00ea ou o seu filho saem de casa.<\/p>\n<h3>Carater\u00edsticas<\/h3>\n<ul>\n<li>Mosquet\u00e3o f\u00e1cil de utilizar para presilhas de cintos e mochilas.<\/li>\n<li>Extens\u00e3o retr\u00e1til de 60 cm com capacidade para retrair at\u00e9 120 g (aproximadamente 5 chaves se desejar retirar o apito)<\/li>\n<li>Apito Fox40 cor de laranja de alta qualidade, SEMPRE \u00e0 m\u00e3o e nunca perdido.<\/li>\n<li>Apito com um som que pode ser ouvido at\u00e9 1500 metros de dist\u00e2ncia<\/li>\n<li>Ajuda a proteg\u00ea-lo quando se desloca sozinho ou para crian\u00e7as que tenham sido assediadas.<\/li>\n<li>Corpo transparente com cord\u00e3o cor de laranja<\/li>\n<li>Adequado para crian\u00e7as e adultos.<\/li>\n<\/ul>\n<p><iframe title=\"Leitor de v\u00eddeo do YouTube\" src=\"https:\/\/www.youtube.com\/embed\/I09sXTeTfA8?si=tuN2G_jxy4xYbX3q\" width=\"560\" height=\"315\" frameborder=\"0\" allowfullscreen=\"allowfullscreen\"><\/iframe><\/p>","protected":false},"featured_media":7285,"template":"","meta":[],"product_brand":[],"product_cat":[27,69],"product_tag":[],"class_list":{"0":"post-7277","1":"product","2":"type-product","3":"status-publish","4":"has-post-thumbnail","6":"product_cat-key-bak-enrouleurs","7":"product_cat-usage-quotidien","9":"first","10":"instock","11":"featured","12":"taxable","13":"shipping-taxable","14":"purchasable","15":"product-type-simple"},"_links":{"self":[{"href":"https:\/\/key-bak.fr\/pt\/wp-json\/wp\/v2\/product\/7277","targetHints":{"allow":["GET"]}}],"collection":[{"href":"https:\/\/key-bak.fr\/pt\/wp-json\/wp\/v2\/product"}],"about":[{"href":"https:\/\/key-bak.fr\/pt\/wp-json\/wp\/v2\/types\/product"}],"version-history":[{"count":1,"href":"https:\/\/key-bak.fr\/pt\/wp-json\/wp\/v2\/product\/7277\/revisions"}],"predecessor-version":[{"id":8985,"href":"https:\/\/key-bak.fr\/pt\/wp-json\/wp\/v2\/product\/7277\/revisions\/8985"}],"wp:featuredmedia":[{"embeddable":true,"href":"https:\/\/key-bak.fr\/pt\/wp-json\/wp\/v2\/media\/7285"}],"wp:attachment":[{"href":"https:\/\/key-bak.fr\/pt\/wp-json\/wp\/v2\/media?parent=7277"}],"wp:term":[{"taxonomy":"product_brand","embeddable":true,"href":"https:\/\/key-bak.fr\/pt\/wp-json\/wp\/v2\/product_brand?post=7277"},{"taxonomy":"product_cat","embeddable":true,"href":"https:\/\/key-bak.fr\/pt\/wp-json\/wp\/v2\/product_cat?post=7277"},{"taxonomy":"product_tag","embeddable":true,"href":"https:\/\/key-bak.fr\/pt\/wp-json\/wp\/v2\/product_tag?post=7277"}],"curies":[{"name":"wp","href":"https:\/\/api.w.org\/{rel}","templated":true}]}}