{"id":4230,"date":"2022-03-24T20:26:42","date_gmt":"2022-03-24T20:26:42","guid":{"rendered":"https:\/\/www.keybak.amicalementgeorge.com\/?post_type=product&#038;p=4230"},"modified":"2025-09-13T12:34:25","modified_gmt":"2025-09-13T12:34:25","slug":"clip-porta-chaves-600","status":"publish","type":"product","link":"https:\/\/key-bak.fr\/pt\/produit\/porte-cle-attache-600\/","title":{"rendered":"Porta-chaves Fixador 600"},"content":{"rendered":"<div class=\"woocommerce-tabs wc-tabs-wrapper\">\n<div id=\"tab-description\" class=\"woocommerce-Tabs-panel woocommerce-Tabs-panel--description panel entry-content wc-tab\" role=\"tabpanel\" aria-labelledby=\"tab-title-description\">\n<p>Parce que parfois, rien ne peut remplacer la simplicit\u00e9. D\u00e9couvrez le KeyBak \u00ab Attache 600 \u00bb, un syst\u00e8me d&rsquo;attache pour ceinture con\u00e7u pour s\u00e9curiser vos cl\u00e9s avec simplicit\u00e9.<\/p>\n<div class=\"flex flex-grow flex-col max-w-full\">\n<div class=\"min-h-[20px] text-message flex flex-col items-start whitespace-pre-wrap break-words [.text-message+&amp;]:mt-5 juice:w-full juice:items-end overflow-x-auto gap-2\" dir=\"auto\" data-message-author-role=\"assistant\" data-message-id=\"981458f4-40e6-4e1b-93a1-54c499f923a2\">\n<div class=\"flex w-full flex-col gap-1 juice:empty:hidden juice:first:pt-[3px]\">\n<div class=\"markdown prose w-full break-words dark:prose-invert dark\">\n<h2>Conception innovante et pratique<\/h2>\n<p>Le KeyBak \u00ab Attache 600 \u00bb est dot\u00e9 d&rsquo;un design exclusif qui combine facilit\u00e9 d&rsquo;utilisation et s\u00e9curit\u00e9 accrue. Id\u00e9al pour attacher rapidement et s\u00fbrement les cl\u00e9s dont vous avez besoin au quotidien.<\/p>\n<h2>S\u00e9curit\u00e9 et acc\u00e8s facile<\/h2>\n<p>Ce syst\u00e8me d&rsquo;attache utilise un m\u00e9canisme de verrouillage solide qui garantit que vos objets restent attach\u00e9s en toute s\u00e9curit\u00e9 \u00e0 votre ceinture, tout en offrant un acc\u00e8s facile et rapide lorsque n\u00e9cessaire. Vous pouvez vaquer \u00e0 vos activit\u00e9s quotidiennes sans vous soucier de perdre vos objets importants.<\/p>\n<h2>Polyvalence et compatibilit\u00e9<\/h2>\n<p>KeyBak \u00ab Attache 600 \u00bb est con\u00e7u pour \u00eatre universel, s&rsquo;adaptant \u00e0 une vari\u00e9t\u00e9 de ceintures et de styles. Que vous soyez en d\u00e9placement, au travail, ou en activit\u00e9 ext\u00e9rieure, ce clip est votre compagnon id\u00e9al pour une organisation optimale.<\/p>\n<h2>Robuste et durable<\/h2>\n<p>Fabriqu\u00e9 avec des mat\u00e9riaux de haute qualit\u00e9, le KeyBak \u00ab Attache 600 \u00bb est con\u00e7u pour r\u00e9sister aux rigueurs de l&rsquo;utilisation quotidienne. Sa robustesse assure une long\u00e9vit\u00e9 exceptionnelle, m\u00eame dans les conditions les plus exigeantes.<\/p>\n<h2>L&rsquo;accessoire essentiel pour tous<\/h2>\n<p>Que vous soyez professionnel souhaitant un acc\u00e8s rapide \u00e0 vos cl\u00e9s, ou simplement \u00e0 la recherche d&rsquo;une solution pratique pour ne plus jamais perdre vos cl\u00e9s, le KeyBak \u00ab Attache 600 \u00bb est la solution la plus simple.<\/p>\n<\/div>\n<\/div>\n<\/div>\n<\/div>\n<div class=\"mt-1 flex gap-3 empty:hidden juice:-ml-3\"><\/div>\n<\/div>\n<\/div>\n<section class=\"related products\"><\/section>\n","protected":false},"excerpt":{"rendered":"<h3>O seu primeiro KeyBak, mas n\u00e3o o \u00faltimo<\/h3>\n<p>Para quem procura qualidade e simplicidade a um pre\u00e7o justo.<\/p>\n<h3>Carater\u00edsticas<\/h3>\n<ul>\n<li style=\"list-style-type: none;\">\n<ul>\n<li>Mantenha as suas chaves seguras e acess\u00edveis no seu cinto<\/li>\n<li>Anel de 3 cm em a\u00e7o inoxid\u00e1vel temperado<\/li>\n<\/ul>\n<\/li>\n<\/ul>","protected":false},"featured_media":4654,"template":"","meta":[],"product_brand":[],"product_cat":[52,68,69],"product_tag":[],"class_list":{"0":"post-4230","1":"product","2":"type-product","3":"status-publish","4":"has-post-thumbnail","6":"product_cat-accessoires","7":"product_cat-industrie","8":"product_cat-usage-quotidien","10":"first","11":"instock","12":"taxable","13":"shipping-taxable","14":"purchasable","15":"product-type-simple"},"_links":{"self":[{"href":"https:\/\/key-bak.fr\/pt\/wp-json\/wp\/v2\/product\/4230","targetHints":{"allow":["GET"]}}],"collection":[{"href":"https:\/\/key-bak.fr\/pt\/wp-json\/wp\/v2\/product"}],"about":[{"href":"https:\/\/key-bak.fr\/pt\/wp-json\/wp\/v2\/types\/product"}],"version-history":[{"count":0,"href":"https:\/\/key-bak.fr\/pt\/wp-json\/wp\/v2\/product\/4230\/revisions"}],"wp:featuredmedia":[{"embeddable":true,"href":"https:\/\/key-bak.fr\/pt\/wp-json\/wp\/v2\/media\/4654"}],"wp:attachment":[{"href":"https:\/\/key-bak.fr\/pt\/wp-json\/wp\/v2\/media?parent=4230"}],"wp:term":[{"taxonomy":"product_brand","embeddable":true,"href":"https:\/\/key-bak.fr\/pt\/wp-json\/wp\/v2\/product_brand?post=4230"},{"taxonomy":"product_cat","embeddable":true,"href":"https:\/\/key-bak.fr\/pt\/wp-json\/wp\/v2\/product_cat?post=4230"},{"taxonomy":"product_tag","embeddable":true,"href":"https:\/\/key-bak.fr\/pt\/wp-json\/wp\/v2\/product_tag?post=4230"}],"curies":[{"name":"wp","href":"https:\/\/api.w.org\/{rel}","templated":true}]}}