{"id":4181,"date":"2022-03-24T20:26:16","date_gmt":"2022-03-24T20:26:16","guid":{"rendered":"https:\/\/www.keybak.amicalementgeorge.com\/?post_type=product&#038;p=4181"},"modified":"2026-03-15T14:39:24","modified_gmt":"2026-03-15T14:39:24","slug":"chave-bak-6-id","status":"publish","type":"product","link":"https:\/\/key-bak.fr\/pt\/produit\/key-bak-6-id\/","title":{"rendered":"Key-bak 6 ID"},"content":{"rendered":"<p>O porta-cart\u00f5es de identifica\u00e7\u00e3o 6 \u00e9 a ferramenta ideal para quem gere v\u00e1rios cart\u00f5es de identifica\u00e7\u00e3o ou de acesso e precisa de aceder com frequ\u00eancia. Prende-se \u00e0 mala, ao cinto ou ao bolso gra\u00e7as a um clip rotativo de 360\u00b0 concebido para uma utiliza\u00e7\u00e3o r\u00e1pida e f\u00e1cil, essencial em ambientes empresariais din\u00e2micos...<\/p>\n<h2 class=\"translation-block\">&lt;Robust\u00e3o e durabilidade<\/h2>\n<p>Este porta-cart\u00f5es possui uma caixa robusta em policarbonato preto moldado que protege uma bobina retr\u00e1til de 90 cm de fibra DuPont\u2122 Kevlar\u00ae. Esta configura\u00e7\u00e3o assegura uma durabilidade m\u00e1xima e uma seguran\u00e7a refor\u00e7ada para os seus distintivos.<\/p>\n<h2 class=\"translation-block\"><strong>Facilidade de liga\u00e7\u00e3o<\/strong>.<\/h2>\n<p>Com o seu clipe vers\u00e1til, o porta-cart\u00f5es 6C prende-se facilmente \u00e0 presilha do cinto, \u00e0 mochila ou a qualquer outro suporte gra\u00e7as ao gancho de press\u00e3o integrado. Foi concebido para manter os seus documentos de identifica\u00e7\u00e3o sempre ao seu alcance, sem o risco de os perder.<\/p>\n<h2>Capacidade de encolhimento superior<\/h2>\n<p>Tire partido de um cord\u00e3o retr\u00e1til de 90 cent\u00edmetros que oferece mais comprimento e for\u00e7a de retra\u00e7\u00e3o do que a maioria dos outros suportes de cart\u00f5es no mercado. Esta carater\u00edstica \u00e9 perfeita para quem precisa de apresentar frequentemente os seus cart\u00f5es sem constrangimentos.<\/p>\n<h2 class=\"translation-block\"><strong>Acesso seguro e f\u00e1cil<\/strong><\/strong>.<\/h2>\n<p>Basta fixar o seu distintivo ou cart\u00f5es de acesso \u00e0 fita de vinil do suporte para distintivos. Utilize e liberte o seu cart\u00e3o com facilidade; o mecanismo retr\u00e1til mant\u00e9m-no seguro at\u00e9 que o volte a utilizar.<\/p>\n<h2>Um must para profissionais<\/h2>\n<p>O 6C \u00e9 conhecido pela sua fiabilidade e efic\u00e1cia em diversos sectores. Quer trabalhe em seguran\u00e7a, hotelaria, restaura\u00e7\u00e3o ou em qualquer outra \u00e1rea que exija acesso frequente, este porta-cart\u00f5es \u00e9 a solu\u00e7\u00e3o perfeita para manter as suas credenciais seguras e acess\u00edveis.<\/p>\n<p>Escolha o porta-cart\u00f5es de identifica\u00e7\u00e3o 6 para uma gest\u00e3o pr\u00e1tica e segura dos seus cart\u00f5es. Fi\u00e1vel e robusto, \u00e9 um companheiro indispens\u00e1vel no seu dia a dia profissional.<\/p>","protected":false},"excerpt":{"rendered":"<h3>O mais resistente dos suportes de cart\u00f5es<\/h3>\n<p>O suporte para 6 cart\u00f5es de identifica\u00e7\u00e3o \u00e9 ideal se tiver v\u00e1rios cart\u00f5es e precisar de os utilizar frequentemente.<\/p>\n<h3>Carater\u00edsticas<\/h3>\n<ul>\n<li>Cabo Kevlar extens\u00edvel at\u00e9 90 cm<\/li>\n<li>170 g de for\u00e7a de contra\u00e7\u00e3o<\/li>\n<li>Pr\u00e1tico clip rotativo de 360<\/li>\n<li>Caixa de policarbonato ultra-resistente<\/li>\n<li>Testado para durar 1 milh\u00e3o de impress\u00f5es<\/li>\n<li>Protegido por uma garantia de 1 ano<\/li>\n<\/ul>","protected":false},"featured_media":4925,"template":"","meta":[],"product_brand":[],"product_cat":[29,65],"product_tag":[],"class_list":{"0":"post-4181","1":"product","2":"type-product","3":"status-publish","4":"has-post-thumbnail","6":"product_cat-porte-badges","7":"product_cat-sante","9":"first","10":"instock","11":"taxable","12":"shipping-taxable","13":"purchasable","14":"product-type-simple"},"_links":{"self":[{"href":"https:\/\/key-bak.fr\/pt\/wp-json\/wp\/v2\/product\/4181","targetHints":{"allow":["GET"]}}],"collection":[{"href":"https:\/\/key-bak.fr\/pt\/wp-json\/wp\/v2\/product"}],"about":[{"href":"https:\/\/key-bak.fr\/pt\/wp-json\/wp\/v2\/types\/product"}],"version-history":[{"count":0,"href":"https:\/\/key-bak.fr\/pt\/wp-json\/wp\/v2\/product\/4181\/revisions"}],"wp:featuredmedia":[{"embeddable":true,"href":"https:\/\/key-bak.fr\/pt\/wp-json\/wp\/v2\/media\/4925"}],"wp:attachment":[{"href":"https:\/\/key-bak.fr\/pt\/wp-json\/wp\/v2\/media?parent=4181"}],"wp:term":[{"taxonomy":"product_brand","embeddable":true,"href":"https:\/\/key-bak.fr\/pt\/wp-json\/wp\/v2\/product_brand?post=4181"},{"taxonomy":"product_cat","embeddable":true,"href":"https:\/\/key-bak.fr\/pt\/wp-json\/wp\/v2\/product_cat?post=4181"},{"taxonomy":"product_tag","embeddable":true,"href":"https:\/\/key-bak.fr\/pt\/wp-json\/wp\/v2\/product_tag?post=4181"}],"curies":[{"name":"wp","href":"https:\/\/api.w.org\/{rel}","templated":true}]}}