{"id":4172,"date":"2022-03-24T20:26:15","date_gmt":"2022-03-24T20:26:15","guid":{"rendered":"https:\/\/www.keybak.amicalementgeorge.com\/?post_type=product&#038;p=4172"},"modified":"2026-03-26T11:36:26","modified_gmt":"2026-03-26T11:36:26","slug":"chave-bak-sidekick","status":"publish","type":"product","link":"https:\/\/key-bak.fr\/pt\/produit\/key-bak-sidekick\/","title":{"rendered":"Chave-bak SIDEKICK"},"content":{"rendered":"<p>Liberdade no bolso ou na mala com um porta-chaves e uma aba de vinil transparente com bot\u00e3o de press\u00e3o para cart\u00f5es, comprovativos de identidade ou chaves USB<\/p>\n<h2>Compacto e ultra-pr\u00e1tico<\/h2>\n<p>Apesar do seu pequeno tamanho, o Sidekick \u00e9 uma verdadeira pot\u00eancia em termos de funcionalidade. Capaz de conter at\u00e9 5 teclas e 1 distintivo, combina leveza e robustez numa elegante caixa transparente.<\/p>\n<h2>Acesso imediato<\/h2>\n<p>Gra\u00e7as ao seu inovador sistema de cord\u00e3o retr\u00e1til, n\u00e3o precisa de passar longos minutos a procurar desesperadamente na sua mala ou nos seus bolsos. Basta um simples gesto para agarrar o que procura, gra\u00e7as ao seu cord\u00e3o retr\u00e1til de alta resist\u00eancia.<\/p>\n<h2>Durabilidade e resist\u00eancia<\/h2>\n<p>Fabricado em policarbonato ultra-resistente e refor\u00e7ado com fibra Kevlar, o Sidekick est\u00e1 pronto para enfrentar os desafios da vida quotidiana. Prenda-o ao cinto ou \u00e0 bolsa e ele resistir\u00e1 a todas as suas actividades sem falhas.<\/p>\n<h2>Utiliza\u00e7\u00e3o sem esfor\u00e7o<\/h2>\n<p>Utilize as suas chaves ou o seu crach\u00e1 com facilidade e, depois de os utilizar, deixe-os recolher suavemente para o seu estojo de prote\u00e7\u00e3o. Isto poupa-lhe tempo valioso e d\u00e1-lhe uma paz de esp\u00edrito inigual\u00e1vel sempre que as utiliza.<\/p>\n<h2>Design sofisticado e ultra-pr\u00e1tico<\/h2>\n<p>O Sidekick n\u00e3o \u00e9 apenas \u00fatil; \u00e9 tamb\u00e9m um acess\u00f3rio de moda, com o seu design elegante e moderno. Reconhecido e adotado pelos profissionais, tornou-se um modelo de refer\u00eancia para quem procura uma solu\u00e7\u00e3o simultaneamente est\u00e9tica e funcional.<\/p>\n<h2>Investir na qualidade<\/h2>\n<p>N\u00e3o procure mais, o Sidekick \u00e9 o companheiro ideal de que estava \u00e0 espera. Ofere\u00e7a a si mesmo esta pe\u00e7a de excel\u00eancia, com garantia de 1 ano, para uma experi\u00eancia di\u00e1ria transformada.<\/p>\n<p>Leve a sua organiza\u00e7\u00e3o pessoal para o n\u00edvel seguinte com a nova gera\u00e7\u00e3o do Sidekick. Encomende-o hoje e redefina a forma como transporta as suas chaves e distintivos todos os dias.<\/p>","protected":false},"excerpt":{"rendered":"<h3>O vers\u00e1til Key-Bak: Chaves e distintivos<\/h3>\n<p>O Sidekick \u00e9 o KeyBak vers\u00e1til para as suas chaves e crach\u00e1.<\/p>\n<h3>Carater\u00edsticas<\/h3>\n<ul>\n<li>For\u00e7a de contra\u00e7\u00e3o de 225 gramas<\/li>\n<li class=\"translation-block\">Cabo Kevlar<sup>\u00a9<\/sup> anti-tor\u00e7\u00e3o ultra-resistente de 60 cm<\/li>\n<li>Mosquet\u00e3o em liga met\u00e1lica para prender facilmente o KeyBak Sidekick ao cinto ou \u00e0 mala<\/li>\n<li>Conjunto de molas em a\u00e7o inoxid\u00e1vel numa caixa de policarbonato de 3,5 cm<\/li>\n<li>Testado para durar 1 milh\u00e3o de impress\u00f5es<\/li>\n<li>Protegido por uma garantia de 1 ano<\/li>\n<\/ul>\n<p><iframe title=\"Leitor de v\u00eddeo do YouTube\" src=\"https:\/\/www.youtube.com\/embed\/0m5_U6k3q-0?si=Ms2I_GWJYqWoMbEt\" width=\"560\" height=\"315\" frameborder=\"0\" allowfullscreen=\"allowfullscreen\"><\/iframe><\/p>","protected":false},"featured_media":4633,"template":"","meta":[],"product_brand":[],"product_cat":[27,29,65,69],"product_tag":[],"class_list":{"0":"post-4172","1":"product","2":"type-product","3":"status-publish","4":"has-post-thumbnail","6":"product_cat-key-bak-enrouleurs","7":"product_cat-porte-badges","8":"product_cat-sante","9":"product_cat-usage-quotidien","11":"first","12":"instock","13":"sale","14":"taxable","15":"shipping-taxable","16":"purchasable","17":"product-type-simple"},"_links":{"self":[{"href":"https:\/\/key-bak.fr\/pt\/wp-json\/wp\/v2\/product\/4172","targetHints":{"allow":["GET"]}}],"collection":[{"href":"https:\/\/key-bak.fr\/pt\/wp-json\/wp\/v2\/product"}],"about":[{"href":"https:\/\/key-bak.fr\/pt\/wp-json\/wp\/v2\/types\/product"}],"version-history":[{"count":1,"href":"https:\/\/key-bak.fr\/pt\/wp-json\/wp\/v2\/product\/4172\/revisions"}],"predecessor-version":[{"id":8989,"href":"https:\/\/key-bak.fr\/pt\/wp-json\/wp\/v2\/product\/4172\/revisions\/8989"}],"wp:featuredmedia":[{"embeddable":true,"href":"https:\/\/key-bak.fr\/pt\/wp-json\/wp\/v2\/media\/4633"}],"wp:attachment":[{"href":"https:\/\/key-bak.fr\/pt\/wp-json\/wp\/v2\/media?parent=4172"}],"wp:term":[{"taxonomy":"product_brand","embeddable":true,"href":"https:\/\/key-bak.fr\/pt\/wp-json\/wp\/v2\/product_brand?post=4172"},{"taxonomy":"product_cat","embeddable":true,"href":"https:\/\/key-bak.fr\/pt\/wp-json\/wp\/v2\/product_cat?post=4172"},{"taxonomy":"product_tag","embeddable":true,"href":"https:\/\/key-bak.fr\/pt\/wp-json\/wp\/v2\/product_tag?post=4172"}],"curies":[{"name":"wp","href":"https:\/\/api.w.org\/{rel}","templated":true}]}}