{"id":4171,"date":"2022-03-24T20:26:15","date_gmt":"2022-03-24T20:26:15","guid":{"rendered":"https:\/\/www.keybak.amicalementgeorge.com\/?post_type=product&#038;p=4171"},"modified":"2026-03-26T11:36:09","modified_gmt":"2026-03-26T11:36:09","slug":"chave-bak-6c","status":"publish","type":"product","link":"https:\/\/key-bak.fr\/pt\/produit\/key-bak-6c\/","title":{"rendered":"Chave-bak 6C"},"content":{"rendered":"<p>O porta-cart\u00f5es 6C \u00abHeavy Duty\u00bb \u00e9 a ferramenta ideal para quem gere v\u00e1rias chaves ou ferramentas e necessita de acesso frequente. O seu design torna-o r\u00e1pido e f\u00e1cil de utilizar, essencial em ambientes de trabalho din\u00e2micos.<\/p>\n<h2 class=\"translation-block\">&lt;Robust\u00e3o e durabilidade<\/h2>\n<p>Este porta-chaves ou porta-acess\u00f3rios possui uma caixa robusta em policarbonato preto moldado que protege uma bobina retr\u00e1til de 90 cm de fibra DuPont\u2122 Kevlar\u00ae. O seu gancho de encaixe facilita a fixa\u00e7\u00e3o em presilhas de cintos, sacos, caixas de ferramentas ou bolsas.<\/p>\n<h2 class=\"translation-block\"><strong>Facilidade de liga\u00e7\u00e3o<\/strong>.<\/h2>\n<p>Gra\u00e7as ao seu clipe vers\u00e1til, o porta-crach\u00e1 6C \u00e9 f\u00e1cil de fixar no cinto, na mochila ou em qualquer outro suporte gra\u00e7as ao gancho de press\u00e3o integrado. Foi concebido para manter os seus distintivos sempre ao seu alcance, sem o risco de os perder. O que o torna indispens\u00e1vel para os sectores da restaura\u00e7\u00e3o e da seguran\u00e7a.<\/p>\n<h2>Capacidade de encolhimento superior<\/h2>\n<p>Beneficie de um cord\u00e3o retr\u00e1til de 90 cent\u00edmetros que oferece mais comprimento e for\u00e7a de retra\u00e7\u00e3o do que a maioria dos outros porta-chaves do mercado. Esta carater\u00edstica \u00e9 perfeita para quem precisa de exibir frequentemente as suas chaves ou acess\u00f3rios (chave de fendas, saca-rolhas, etc.) sem constrangimentos.<\/p>\n<h2 class=\"translation-block\"><strong>Acesso seguro e f\u00e1cil<\/strong><\/strong>.<\/h2>\n<p>Basta prender o seu crach\u00e1 ou chaves \u00e0 argola partida. Utilize e liberte as suas chaves com facilidade; o mecanismo retr\u00e1til mant\u00e9m-nas seguras at\u00e9 \u00e0 pr\u00f3xima utiliza\u00e7\u00e3o.<\/p>\n<h2>Um must para profissionais<\/h2>\n<p>O 6C \u00e9 conhecido pela sua fiabilidade e efic\u00e1cia em diversos sectores. Quer trabalhe em seguran\u00e7a, hotelaria, restaura\u00e7\u00e3o ou em qualquer outro dom\u00ednio que exija um acesso frequente, este porta-acess\u00f3rios \u00e9 a solu\u00e7\u00e3o perfeita para manter as suas chaves e ferramentas \u00e0 m\u00e3o.<\/p>","protected":false},"excerpt":{"rendered":"<h3>O Key-Bak que o apoia todos os dias<\/h3>\n<p>Fi\u00e1vel e robusto, \u00e9 um companheiro indispens\u00e1vel no seu trabalho quotidiano.<\/p>\n<h3>Carater\u00edsticas<\/h3>\n<ul>\n<li>Cabo Kevlar extens\u00edvel at\u00e9 90 cm<\/li>\n<li>170 g de for\u00e7a de contra\u00e7\u00e3o<\/li>\n<li>Gancho de press\u00e3o em liga de zinco<\/li>\n<li>Anel de a\u00e7o temperado de 3,5 cm<\/li>\n<li>Caixa de policarbonato ultra-resistente<\/li>\n<li>Testado para durar 1 milh\u00e3o de impress\u00f5es<\/li>\n<li>Protegido por uma garantia de 1 ano<\/li>\n<\/ul>","protected":false},"featured_media":4921,"template":"","meta":[],"product_brand":[],"product_cat":[66,27,69],"product_tag":[],"class_list":{"0":"post-4171","1":"product","2":"type-product","3":"status-publish","4":"has-post-thumbnail","6":"product_cat-hotellerie","7":"product_cat-key-bak-enrouleurs","8":"product_cat-usage-quotidien","10":"first","11":"instock","12":"taxable","13":"shipping-taxable","14":"purchasable","15":"product-type-simple"},"_links":{"self":[{"href":"https:\/\/key-bak.fr\/pt\/wp-json\/wp\/v2\/product\/4171","targetHints":{"allow":["GET"]}}],"collection":[{"href":"https:\/\/key-bak.fr\/pt\/wp-json\/wp\/v2\/product"}],"about":[{"href":"https:\/\/key-bak.fr\/pt\/wp-json\/wp\/v2\/types\/product"}],"version-history":[{"count":1,"href":"https:\/\/key-bak.fr\/pt\/wp-json\/wp\/v2\/product\/4171\/revisions"}],"predecessor-version":[{"id":8988,"href":"https:\/\/key-bak.fr\/pt\/wp-json\/wp\/v2\/product\/4171\/revisions\/8988"}],"wp:featuredmedia":[{"embeddable":true,"href":"https:\/\/key-bak.fr\/pt\/wp-json\/wp\/v2\/media\/4921"}],"wp:attachment":[{"href":"https:\/\/key-bak.fr\/pt\/wp-json\/wp\/v2\/media?parent=4171"}],"wp:term":[{"taxonomy":"product_brand","embeddable":true,"href":"https:\/\/key-bak.fr\/pt\/wp-json\/wp\/v2\/product_brand?post=4171"},{"taxonomy":"product_cat","embeddable":true,"href":"https:\/\/key-bak.fr\/pt\/wp-json\/wp\/v2\/product_cat?post=4171"},{"taxonomy":"product_tag","embeddable":true,"href":"https:\/\/key-bak.fr\/pt\/wp-json\/wp\/v2\/product_tag?post=4171"}],"curies":[{"name":"wp","href":"https:\/\/api.w.org\/{rel}","templated":true}]}}