{"id":4170,"date":"2022-03-24T20:26:15","date_gmt":"2022-03-24T20:26:15","guid":{"rendered":"https:\/\/www.keybak.amicalementgeorge.com\/?post_type=product&#038;p=4170"},"modified":"2026-03-26T11:35:32","modified_gmt":"2026-03-26T11:35:32","slug":"seguranca-da-chave-bak","status":"publish","type":"product","link":"https:\/\/key-bak.fr\/pt\/produit\/key-bak-securit\/","title":{"rendered":"Key-bak SECURIT"},"content":{"rendered":"<p>Descubra o SECURIT KeyBak, um mosquet\u00e3o robusto e vers\u00e1til, perfeito para uma utiliza\u00e7\u00e3o quotidiana intensiva. Com a sua combina\u00e7\u00e3o de porta-chaves e mosquet\u00e3o, este modelo \u00e9 um dos mais populares da nossa gama.<\/p>\n<h2>Suspens\u00e3o universal<\/h2>\n<p>O KeyBak SECURIT prende-se facilmente a quase todas as superf\u00edcies, permitindo-lhe manter as suas chaves, lanternas, alicates de corte e outras pequenas ferramentas essenciais sempre \u00e0 m\u00e3o. A sua versatilidade torna-o uma ferramenta indispens\u00e1vel tanto para profissionais como para aventureiros.<\/p>\n<h2>Materiais de alta qualidade<\/h2>\n<p>Constru\u00eddo para durar, o KeyBak SECURIT tem uma caixa robusta em policarbonato, mola em a\u00e7o inoxid\u00e1vel e cabo Kevlar\u00a9, garantindo uma durabilidade excecional mesmo nas condi\u00e7\u00f5es mais exigentes.<\/p>\n<h2>Personalizar o comprimento do cabo<\/h2>\n<p>Dispon\u00edvel em tr\u00eas comprimentos diferentes e tr\u00eas for\u00e7as de retra\u00e7\u00e3o, o KeyBak SECURIT pode ser personalizado para satisfazer as suas necessidades espec\u00edficas. Escolha o cabo que melhor se adapta \u00e0 sua utiliza\u00e7\u00e3o quotidiana.<\/p>\n<h2>Acess\u00f3rios pessoais ou profissionais<\/h2>\n<p>Quer esteja num ambiente profissional ou fora dele, o KeyBak SECURIT \u00e9 o acess\u00f3rio cavallo de elei\u00e7\u00e3o para quem exige o melhor em termos de funcionalidade e fiabilidade. Escolha o KeyBak SECURIT e simplifique a sua vida, mantendo os seus bens essenciais sempre \u00e0 m\u00e3o.<\/p>","protected":false},"excerpt":{"rendered":"<h2>O acess\u00f3rio essencial para todos<\/h2>\n<p>Perfeita para uma utiliza\u00e7\u00e3o di\u00e1ria intensiva gra\u00e7as ao mosquet\u00e3o e \u00e0 argola.<\/p>\n<h2>Carater\u00edsticas<\/h2>\n<ul>\n<li>Fixado por um gancho de press\u00e3o<\/li>\n<li>La\u00e7os com um anel gigante de 3 cm partido<\/li>\n<li>Caixa de policarbonato ultra-resistente<\/li>\n<li>Comprimento da parte superior do mosquet\u00e3o at\u00e9 \u00e0 parte inferior da argola: 17 cm<\/li>\n<li>Cabo de fibra de Kevlar com uma resist\u00eancia m\u00ednima \u00e0 rutura de 40 kg<\/li>\n<li>Testado para durar 1 milh\u00e3o de impress\u00f5es<\/li>\n<li>Durabilidade protegida por uma garantia de 1 ano<\/li>\n<\/ul>\n<h2>3 for\u00e7as de retra\u00e7\u00e3o dispon\u00edveis<\/h2>\n<ul>\n<li>Securit Heavy HDK (cabo de 120 cm). Encolhimento at\u00e9 225 g (\u00b1 10 chaves)<\/li>\n<li>Security Super SDK (cabo de 90 cm). Encolhimento at\u00e9 370g (\u00b1 15 teclas)<\/li>\n<li>Securit Xtreme XDK (cabo de 70 cm). Encolhimento at\u00e9 590g (\u00b1 40 teclas)<\/li>\n<\/ul>","protected":false},"featured_media":4628,"template":"","meta":[],"product_brand":[],"product_cat":[68,27,67,69],"product_tag":[],"class_list":{"0":"post-4170","1":"product","2":"type-product","3":"status-publish","4":"has-post-thumbnail","6":"product_cat-industrie","7":"product_cat-key-bak-enrouleurs","8":"product_cat-securite","9":"product_cat-usage-quotidien","11":"first","12":"instock","13":"sale","14":"featured","15":"taxable","16":"shipping-taxable","17":"purchasable","18":"product-type-variable"},"_links":{"self":[{"href":"https:\/\/key-bak.fr\/pt\/wp-json\/wp\/v2\/product\/4170","targetHints":{"allow":["GET"]}}],"collection":[{"href":"https:\/\/key-bak.fr\/pt\/wp-json\/wp\/v2\/product"}],"about":[{"href":"https:\/\/key-bak.fr\/pt\/wp-json\/wp\/v2\/types\/product"}],"version-history":[{"count":0,"href":"https:\/\/key-bak.fr\/pt\/wp-json\/wp\/v2\/product\/4170\/revisions"}],"wp:featuredmedia":[{"embeddable":true,"href":"https:\/\/key-bak.fr\/pt\/wp-json\/wp\/v2\/media\/4628"}],"wp:attachment":[{"href":"https:\/\/key-bak.fr\/pt\/wp-json\/wp\/v2\/media?parent=4170"}],"wp:term":[{"taxonomy":"product_brand","embeddable":true,"href":"https:\/\/key-bak.fr\/pt\/wp-json\/wp\/v2\/product_brand?post=4170"},{"taxonomy":"product_cat","embeddable":true,"href":"https:\/\/key-bak.fr\/pt\/wp-json\/wp\/v2\/product_cat?post=4170"},{"taxonomy":"product_tag","embeddable":true,"href":"https:\/\/key-bak.fr\/pt\/wp-json\/wp\/v2\/product_tag?post=4170"}],"curies":[{"name":"wp","href":"https:\/\/api.w.org\/{rel}","templated":true}]}}