{"id":4166,"date":"2022-03-24T20:26:14","date_gmt":"2022-03-24T20:26:14","guid":{"rendered":"https:\/\/www.keybak.amicalementgeorge.com\/?post_type=product&#038;p=4166"},"modified":"2026-03-01T09:44:18","modified_gmt":"2026-03-01T09:44:18","slug":"reforco-do-porta-chaves-enrolavel","status":"publish","type":"product","link":"https:\/\/key-bak.fr\/pt\/produit\/renfort-porte-cle-enrouleur\/","title":{"rendered":"Refor\u00e7o do porta-chaves com rolo"},"content":{"rendered":"<p><strong>Adotar HUS-KEY\u00ae e usar mais, sem esfor\u00e7o<\/strong><\/p>\n<p>O refor\u00e7o HUS-KEY\u00ae adapta-se ao seu Keybak original para que possa pendurar objectos com peso at\u00e9 1 kg no seu cinto, mantendo o Key-bak f\u00e1cil de utilizar.<\/p>\n<h3>Carater\u00edsticas<\/h3>\n<ul>\n<li>O HUS-KEY\u00ae permite-lhe multiplicar por 5 o peso autorizado pelo Key-bak tradicional apenas com carreto.<\/li>\n<li>Encaixa-se facilmente na caixa do KEY-BAK original<\/li>\n<li>N\u00e3o pode ser utilizado sozinho e s\u00f3 funciona com os modelos KEY-BAK Original.<\/li>\n<\/ul>\n<p>&nbsp;<\/p>","protected":false},"excerpt":{"rendered":"<p class=\"translation-block\">Concebido especificamente para se adaptar na perfei\u00e7\u00e3o ao seu <strong><a href=\"https:\/\/key-bak.fr\/pt\/product-2\/chave-bak-cromada-original\/\" target=\"_self\">Chrome<\/a><\/strong> ou <strong><a href=\"https:\/\/key-bak.fr\/pt\/product-2\/key-bak-vinil-original\/\" target=\"_self\">Vinyl<\/a><\/strong> Original Key-Bak, este refor\u00e7o melhora significativamente a capacidade de carga.<\/p>\n<h2>Suporta at\u00e9 1 kg com facilidade<\/h2>\n<p>A HUS-KEY\u00ae \u00e9 ideal para profissionais que necessitam de transportar objectos pesados, como ferramentas ou acess\u00f3rios, com peso at\u00e9 1 kg. Prenda-o facilmente ao cinto e desfrute da mesma facilidade de utiliza\u00e7\u00e3o que o Key-Bak original, mas com maior capacidade.<\/p>\n<h2>Design dur\u00e1vel e fi\u00e1vel<\/h2>\n<p>Fabricado com materiais de alta qualidade, o HUS-KEY\u00ae proporciona uma resist\u00eancia e durabilidade excepcionais, permitindo-lhe fixar os seus objectos pesados sem comprometer o desempenho.<\/p>\n<h2>R\u00e1pido e f\u00e1cil de instalar<\/h2>\n<p>A instala\u00e7\u00e3o do HUS-KEY\u00ae no seu Key-Bak original \u00e9 r\u00e1pida e f\u00e1cil, permitindo-lhe transformar o seu porta-chaves numa ferramenta ainda mais vers\u00e1til numa quest\u00e3o de segundos.<\/p>\n<h2>Ideal para profiss\u00f5es exigentes<\/h2>\n<p>Quer trabalhe na constru\u00e7\u00e3o civil, na seguran\u00e7a ou em qualquer outra \u00e1rea que exija a utiliza\u00e7\u00e3o frequente de ferramentas pesadas, o HUS-KEY\u00ae \u00e9 o acess\u00f3rio perfeito para alargar as capacidades do seu Key-Bak original.<\/p>\n<p>Torne o seu Key-Bak original numa solu\u00e7\u00e3o ainda mais poderosa com o refor\u00e7o HUS-KEY\u00ae. Manuseie os seus objectos pesados com seguran\u00e7a e facilidade, enquanto desfruta da mobilidade e conforto que adora com o Key-Bak.<\/p>","protected":false},"featured_media":4659,"template":"","meta":[],"product_brand":[],"product_cat":[52],"product_tag":[],"class_list":{"0":"post-4166","1":"product","2":"type-product","3":"status-publish","4":"has-post-thumbnail","6":"product_cat-accessoires","8":"first","9":"instock","10":"taxable","11":"shipping-taxable","12":"purchasable","13":"product-type-simple"},"_links":{"self":[{"href":"https:\/\/key-bak.fr\/pt\/wp-json\/wp\/v2\/product\/4166","targetHints":{"allow":["GET"]}}],"collection":[{"href":"https:\/\/key-bak.fr\/pt\/wp-json\/wp\/v2\/product"}],"about":[{"href":"https:\/\/key-bak.fr\/pt\/wp-json\/wp\/v2\/types\/product"}],"version-history":[{"count":0,"href":"https:\/\/key-bak.fr\/pt\/wp-json\/wp\/v2\/product\/4166\/revisions"}],"wp:featuredmedia":[{"embeddable":true,"href":"https:\/\/key-bak.fr\/pt\/wp-json\/wp\/v2\/media\/4659"}],"wp:attachment":[{"href":"https:\/\/key-bak.fr\/pt\/wp-json\/wp\/v2\/media?parent=4166"}],"wp:term":[{"taxonomy":"product_brand","embeddable":true,"href":"https:\/\/key-bak.fr\/pt\/wp-json\/wp\/v2\/product_brand?post=4166"},{"taxonomy":"product_cat","embeddable":true,"href":"https:\/\/key-bak.fr\/pt\/wp-json\/wp\/v2\/product_cat?post=4166"},{"taxonomy":"product_tag","embeddable":true,"href":"https:\/\/key-bak.fr\/pt\/wp-json\/wp\/v2\/product_tag?post=4166"}],"curies":[{"name":"wp","href":"https:\/\/api.w.org\/{rel}","templated":true}]}}