{"id":4164,"date":"2022-06-24T20:26:14","date_gmt":"2022-06-24T20:26:14","guid":{"rendered":"https:\/\/www.keybak.amicalementgeorge.com\/?post_type=product&#038;p=4164"},"modified":"2026-03-26T10:54:42","modified_gmt":"2026-03-26T10:54:42","slug":"chave-bak-cromada-original","status":"publish","type":"product","link":"https:\/\/key-bak.fr\/pt\/produit\/key-bak-original-chrome\/","title":{"rendered":"Key-bak ORIGINAL Cromado"},"content":{"rendered":"<p class=\"translation-block\">Criado em 1948 com base na inova\u00e7\u00e3o de um <a href=\"https:\/\/key-bak.fr\/pt\/a-propos\/\" target=\"_self\"><strong>mineiro californiano<\/strong><\/a>, foi concebido para oferecer uma solu\u00e7\u00e3o pr\u00e1tica e segura para a utiliza\u00e7\u00e3o de chaves e ferramentas.<\/p>\n<h2>Durabilidade e fiabilidade excepcionais<\/h2>\n<p>Este porta-chaves retr\u00e1til ic\u00f3nico possui uma corrente ou cabo resistente concebido para superar a concorr\u00eancia. \u00c9 o modelo mais popular e mais imitado da nossa gama, um testemunho da sua qualidade superior e funcionalidade impec\u00e1vel.<\/p>\n<h2>Design ergon\u00f3mico e seguro<\/h2>\n<p>O Key-Bak Original prende-se facilmente ao seu cinto gra\u00e7as a um clipe resistente, dando-lhe acesso r\u00e1pido e f\u00e1cil \u00e0s suas chaves. Acabou-se o inc\u00f3modo de ter as chaves nos bolsos ou de desgastar a roupa. Com este porta-chaves, tamb\u00e9m minimiza o risco de perda ou roubo das suas chaves.<\/p>\n<h2>Personaliz\u00e1vel e adapt\u00e1vel<\/h2>\n<p>Adapte o Key-Bak \u00e0s suas necessidades espec\u00edficas com duas op\u00e7\u00f5es de cabo (corrente ou Kevlar) e quatro op\u00e7\u00f5es de comprimento (60 cm, 70 cm, 90 cm ou 120 cm), oferecendo uma variedade para satisfazer todos os requisitos de utiliza\u00e7\u00e3o.<\/p>\n<h2>Um peda\u00e7o de hist\u00f3ria copiado mas nunca igualado<\/h2>\n<p>O Key-Bak Original \u00e9 mais do que um porta-chaves: \u00e9 um peda\u00e7o de hist\u00f3ria inovador, concebido para durar e acompanh\u00e1-lo todos os dias. O porta-chaves retr\u00e1til com corda autom\u00e1tica \u00e9 o modelo original mais popular... e tamb\u00e9m o mais copiado. Tem uma corrente resistente concebida para superar todos os modelos concorrentes.<\/p>\n<p>Prende-se ao cinto com um clipe, tornando r\u00e1pida e f\u00e1cil a utiliza\u00e7\u00e3o das chaves. O porta-chaves original key-bak elimina o inc\u00f3modo de transportar as chaves no bolso, evitando o desgaste das suas roupas e a perda ou roubo das suas chaves.<\/p>\n<p><strong>O modelo original keybak est\u00e1 dispon\u00edvel em 2 qualidades de cabo (corrente ou Kevlar) e 4 comprimentos: 60 cm, 70 cm, 90 e 120 cm.<\/strong><\/p>","protected":false},"excerpt":{"rendered":"<h3>Proteja as suas chaves e ferramentas com este ic\u00f3nico KeyBak<\/h3>\n<p>O Key-Bak Original Chromed foi o primeiro porta-chaves retr\u00e1til do mundo e tornou-se um cl\u00e1ssico essencial.<\/p>\n<h3>Carater\u00edsticas<\/h3>\n<ul>\n<li>Corrente inquebr\u00e1vel de a\u00e7o inoxid\u00e1vel ou cabo Kevlar<\/li>\n<li>Conjunto de molas em a\u00e7o inoxid\u00e1vel numa caixa de 5 cm em a\u00e7o inoxid\u00e1vel<\/li>\n<li>Anel de a\u00e7o temperado resistente \u00e0 corros\u00e3o de 2,5 cm<\/li>\n<li>Testado para durar 1 milh\u00e3o de impress\u00f5es<\/li>\n<li>Protegido por uma garantia de um ano<\/li>\n<li>As bobinas KEY-BAK ECO-REELS produzem menos 90 % de res\u00edduos do que a concorr\u00eancia.<\/li>\n<li>Fabricado nos EUA<\/li>\n<\/ul>\n<h2>4 for\u00e7as de retra\u00e7\u00e3o dispon\u00edveis<\/h2>\n<ul>\n<li>O \u00ab5\u00bb (corrente de 60 cm). Encolhimento at\u00e9 225 g (aprox. 10 chaves)<\/li>\n<li>O \u00ab485 Heavy Duty HDK\u00bb (cabo de 120 cm). Encolhimento at\u00e9 225g (\u00b1 15 chaves)<\/li>\n<li>O SDK 485 Super Duty (cabo de 90 cm). Encolhimento at\u00e9 370g (\u00b1 22 teclas)<\/li>\n<li>O \u00ab485 Xtreme Duty XDK\u00bb (cabo de 70 cm). Encolhimento at\u00e9 590g (\u00b1 40 teclas)<\/li>\n<\/ul>","protected":false},"featured_media":4614,"template":"","meta":[],"product_brand":[],"product_cat":[68,27,67,69],"product_tag":[],"class_list":{"0":"post-4164","1":"product","2":"type-product","3":"status-publish","4":"has-post-thumbnail","6":"product_cat-industrie","7":"product_cat-key-bak-enrouleurs","8":"product_cat-securite","9":"product_cat-usage-quotidien","11":"first","12":"instock","13":"sale","14":"taxable","15":"shipping-taxable","16":"purchasable","17":"product-type-variable"},"_links":{"self":[{"href":"https:\/\/key-bak.fr\/pt\/wp-json\/wp\/v2\/product\/4164","targetHints":{"allow":["GET"]}}],"collection":[{"href":"https:\/\/key-bak.fr\/pt\/wp-json\/wp\/v2\/product"}],"about":[{"href":"https:\/\/key-bak.fr\/pt\/wp-json\/wp\/v2\/types\/product"}],"version-history":[{"count":1,"href":"https:\/\/key-bak.fr\/pt\/wp-json\/wp\/v2\/product\/4164\/revisions"}],"predecessor-version":[{"id":8981,"href":"https:\/\/key-bak.fr\/pt\/wp-json\/wp\/v2\/product\/4164\/revisions\/8981"}],"wp:featuredmedia":[{"embeddable":true,"href":"https:\/\/key-bak.fr\/pt\/wp-json\/wp\/v2\/media\/4614"}],"wp:attachment":[{"href":"https:\/\/key-bak.fr\/pt\/wp-json\/wp\/v2\/media?parent=4164"}],"wp:term":[{"taxonomy":"product_brand","embeddable":true,"href":"https:\/\/key-bak.fr\/pt\/wp-json\/wp\/v2\/product_brand?post=4164"},{"taxonomy":"product_cat","embeddable":true,"href":"https:\/\/key-bak.fr\/pt\/wp-json\/wp\/v2\/product_cat?post=4164"},{"taxonomy":"product_tag","embeddable":true,"href":"https:\/\/key-bak.fr\/pt\/wp-json\/wp\/v2\/product_tag?post=4164"}],"curies":[{"name":"wp","href":"https:\/\/api.w.org\/{rel}","templated":true}]}}