{"id":4163,"date":"2022-03-24T20:26:14","date_gmt":"2022-03-24T20:26:14","guid":{"rendered":"https:\/\/www.keybak.amicalementgeorge.com\/?post_type=product&#038;p=4163"},"modified":"2026-02-21T15:50:15","modified_gmt":"2026-02-21T15:50:15","slug":"chaveiro","status":"publish","type":"product","link":"https:\/\/key-bak.fr\/pt\/produit\/keychain\/","title":{"rendered":"Porta-chaves Multitool"},"content":{"rendered":"<p>KeyBak Keychain Multitool: A ferramenta vers\u00e1til para o dia a dia<\/p>\n<h2>Design inteligente e robusto<\/h2>\n<p>Descubra o porta-chaves KeyBak Keychain Multitool, concebido para ser o seu companheiro essencial no dia a dia. Fabricada com precis\u00e3o para durabilidade e funcionalidade, esta ferramenta multifun\u00e7\u00f5es adapta-se perfeitamente \u00e0s suas necessidades di\u00e1rias, quer esteja na cidade ou a fazer caminhadas.<\/p>\n<h2>Multifuncional e pr\u00e1tico<\/h2>\n<p>Com a KeyBak Keychain Multitool, obt\u00e9m uma variedade de ferramentas num \u00fanico dispositivo compacto. Equipado com um mosquet\u00e3o para uma fixa\u00e7\u00e3o f\u00e1cil, um abre-garrafas para os seus momentos de descontra\u00e7\u00e3o e v\u00e1rias outras ferramentas essenciais, \u00e9 ideal para uma multiplicidade de situa\u00e7\u00f5es pr\u00e1ticas.<\/p>\n<h2>Materiais de alta qualidade<\/h2>\n<p>Concebida para resistir ao desgaste di\u00e1rio, a KeyBak Keychain Multitool \u00e9 fabricada com materiais de qualidade superior. A sua constru\u00e7\u00e3o robusta garante uma durabilidade excecional e resist\u00eancia aos elementos, tornando-a uma escolha fi\u00e1vel para todos os utilizadores activos.<\/p>\n<h2>Compacto e f\u00e1cil de transportar<\/h2>\n<p>O seu design compacto significa que pode ser facilmente transportado num bolso ou preso a um saco ou cinto, proporcionando um acesso r\u00e1pido e f\u00e1cil a todas as ferramentas de que possa necessitar em movimento.<\/p>\n<h2>Um essencial di\u00e1rio<\/h2>\n<p>Quer precise de fazer uma repara\u00e7\u00e3o r\u00e1pida, abrir uma garrafa ou simplesmente arranjar algo \u00e0 pressa, a KeyBak Keychain Multitool est\u00e1 l\u00e1 para ajudar. \u00c9 a ferramenta perfeita para quem procura minimizar a desarruma\u00e7\u00e3o e maximizar a prepara\u00e7\u00e3o.<\/p>\n<h2>Durabilidade e fiabilidade garantidas<\/h2>\n<p>Invista numa ferramenta que durar\u00e1 anos. A KeyBak Keychain Multitool n\u00e3o \u00e9 apenas uma compra inteligente, \u00e9 tamb\u00e9m uma garantia de satisfa\u00e7\u00e3o gra\u00e7as \u00e0 sua constru\u00e7\u00e3o fi\u00e1vel e utiliza\u00e7\u00e3o di\u00e1ria. Leve-a para qualquer lado, ela n\u00e3o o deixar\u00e1 ficar mal.<\/p>","protected":false},"excerpt":{"rendered":"<h3>O canivete su\u00ed\u00e7o revisitado pela KeyBak<\/h3>\n<p>A KeyBak Keychain Multitool re\u00fane 7 ferramentas num porta-chaves de 7 cm<\/p>\n<h3>Carater\u00edsticas<\/h3>\n<p>Nestes 7 cent\u00edmetros de a\u00e7o inoxid\u00e1vel encontrar\u00e1 :<\/p>\n<ul>\n<li>um abre-garrafas<\/li>\n<li>Chaves de porcas 6, 15 e 18<\/li>\n<li>uma chave de fendas de cabe\u00e7a plana<\/li>\n<li>uma chave de raio<\/li>\n<li>uma r\u00e9gua em polegadas e cent\u00edmetros<\/li>\n<\/ul>","protected":false},"featured_media":4652,"template":"","meta":[],"product_brand":[],"product_cat":[52,68,69],"product_tag":[],"class_list":{"0":"post-4163","1":"product","2":"type-product","3":"status-publish","4":"has-post-thumbnail","6":"product_cat-accessoires","7":"product_cat-industrie","8":"product_cat-usage-quotidien","10":"first","11":"instock","12":"taxable","13":"shipping-taxable","14":"purchasable","15":"product-type-simple"},"_links":{"self":[{"href":"https:\/\/key-bak.fr\/pt\/wp-json\/wp\/v2\/product\/4163","targetHints":{"allow":["GET"]}}],"collection":[{"href":"https:\/\/key-bak.fr\/pt\/wp-json\/wp\/v2\/product"}],"about":[{"href":"https:\/\/key-bak.fr\/pt\/wp-json\/wp\/v2\/types\/product"}],"version-history":[{"count":0,"href":"https:\/\/key-bak.fr\/pt\/wp-json\/wp\/v2\/product\/4163\/revisions"}],"wp:featuredmedia":[{"embeddable":true,"href":"https:\/\/key-bak.fr\/pt\/wp-json\/wp\/v2\/media\/4652"}],"wp:attachment":[{"href":"https:\/\/key-bak.fr\/pt\/wp-json\/wp\/v2\/media?parent=4163"}],"wp:term":[{"taxonomy":"product_brand","embeddable":true,"href":"https:\/\/key-bak.fr\/pt\/wp-json\/wp\/v2\/product_brand?post=4163"},{"taxonomy":"product_cat","embeddable":true,"href":"https:\/\/key-bak.fr\/pt\/wp-json\/wp\/v2\/product_cat?post=4163"},{"taxonomy":"product_tag","embeddable":true,"href":"https:\/\/key-bak.fr\/pt\/wp-json\/wp\/v2\/product_tag?post=4163"}],"curies":[{"name":"wp","href":"https:\/\/api.w.org\/{rel}","templated":true}]}}