{"id":4162,"date":"2022-03-24T20:26:14","date_gmt":"2022-03-24T20:26:14","guid":{"rendered":"https:\/\/www.keybak.amicalementgeorge.com\/?post_type=product&#038;p=4162"},"modified":"2026-01-26T22:25:19","modified_gmt":"2026-01-26T22:25:19","slug":"chave-bak-assegurar-uma-chave","status":"publish","type":"product","link":"https:\/\/key-bak.fr\/pt\/produit\/key-bak-assure-a-key\/","title":{"rendered":"Key-bak ASSURE A KEY"},"content":{"rendered":"<p>A nossa ferramenta ergon\u00f3mica de abertura de portas e teclado sem contacto, concebida para interagir em seguran\u00e7a com as superf\u00edcies mais movimentadas. Reduza o seu contacto com germes em puxadores de portas, bot\u00f5es de elevador e teclados p\u00fablicos.<\/p>\n<h2>Concebida para uma utiliza\u00e7\u00e3o polivalente<\/h2>\n<p>O design do gancho e do apoio para o polegar tem arestas arredondadas para uma ader\u00eancia confort\u00e1vel que facilita empurrar, puxar e rodar puxadores de portas e gavetas. E n\u00e3o nos esque\u00e7amos de que tamb\u00e9m \u00e9 um abre-garrafas. A constru\u00e7\u00e3o s\u00f3lida mas leve, a fant\u00e1stica gama de funcionalidades e a facilidade de utiliza\u00e7\u00e3o fazem deste abre-portas multifun\u00e7\u00f5es sem contacto a escolha ideal para o dia a dia.<\/p>\n<h2>Materiais de alta qualidade<\/h2>\n<p>Fabricada a partir de uma liga de zinco robusta e com acabamento em n\u00edquel escovado, esta ferramenta foi concebida n\u00e3o s\u00f3 pela sua durabilidade, mas tamb\u00e9m pela sua capacidade de reduzir a presen\u00e7a de micr\u00f3bios na sua superf\u00edcie, proporcionando-lhe uma prote\u00e7\u00e3o extra todos os dias.<\/p>\n<h2>Versatilidade e facilidade de utiliza\u00e7\u00e3o<\/h2>\n<p>Com uma ponta de borracha resistente a riscos, esta ferramenta multifuncional permite-lhe introduzir com seguran\u00e7a o c\u00f3digo do seu cart\u00e3o de cr\u00e9dito, utilizar ecr\u00e3s t\u00e1cteis como os das m\u00e1quinas de venda autom\u00e1tica ou bombas de gasolina e escrever os seus c\u00f3digos em teclados sem tocar diretamente nas superf\u00edcies.<\/p>\n<h2>Ideal para uso di\u00e1rio<\/h2>\n<p>Quer esteja em movimento, no trabalho ou a fazer compras, esta ferramenta sem contacto \u00e9 o acess\u00f3rio perfeito para evitar o contacto direto com superf\u00edcies p\u00fablicas e reduzir a sua exposi\u00e7\u00e3o a germes. Compacto e f\u00e1cil de transportar, cabe perfeitamente num bolso ou prende-se a um molho de chaves.<\/p>\n<p>Invista na sua sa\u00fade e bem-estar com o nosso sistema de abertura de portas e teclado sem contacto, uma solu\u00e7\u00e3o simples e eficaz para navegar em espa\u00e7os p\u00fablicos com maior tranquilidade.<\/p>","protected":false},"excerpt":{"rendered":"<h3>O abre-portas multifun\u00e7\u00f5es<\/h3>\n<p>O nosso produto foi desenvolvido durante a pandemia de Covid.<\/p>\n<h3>Carater\u00edsticas<\/h3>\n<ul>\n<li>Ganchos rectos para reduzir o deslizamento de puxadores de portas, barras de empurrar e puxadores.<\/li>\n<li>Funcionamento com dois dedos para uma melhor ader\u00eancia com menos esfor\u00e7o do que os modelos com um s\u00f3 dedo.<\/li>\n<li>Cantos arredondados para uma utiliza\u00e7\u00e3o confort\u00e1vel e sem dor.<\/li>\n<li>Apoio para o polegar para maior controlo e conforto.<\/li>\n<li>Abre-garrafas pronto para abrir uma bebida refrescante em qualquer altura.<\/li>\n<li>Fixa-se ao porta-chaves retr\u00e1til KEY-BAK ou como porta-chaves.<\/li>\n<li>O abridor de portas KEY-BAK \u00e9 35 % mais leve do que a maioria dos outros modelos, mas ainda tem a for\u00e7a para suportar 90 kg.<\/li>\n<\/ul>\n<p><iframe title=\"Leitor de v\u00eddeo do YouTube\" src=\"https:\/\/www.youtube.com\/embed\/IoktscQkIUk?si=yFZZaUDJEtEEgWBQ\" width=\"560\" height=\"315\" frameborder=\"0\" allowfullscreen=\"allowfullscreen\"><\/iframe><\/p>","protected":false},"featured_media":4599,"template":"","meta":[],"product_brand":[],"product_cat":[52,68,65,69],"product_tag":[],"class_list":{"0":"post-4162","1":"product","2":"type-product","3":"status-publish","4":"has-post-thumbnail","6":"product_cat-accessoires","7":"product_cat-industrie","8":"product_cat-sante","9":"product_cat-usage-quotidien","11":"first","12":"instock","13":"taxable","14":"shipping-taxable","15":"purchasable","16":"product-type-simple"},"_links":{"self":[{"href":"https:\/\/key-bak.fr\/pt\/wp-json\/wp\/v2\/product\/4162","targetHints":{"allow":["GET"]}}],"collection":[{"href":"https:\/\/key-bak.fr\/pt\/wp-json\/wp\/v2\/product"}],"about":[{"href":"https:\/\/key-bak.fr\/pt\/wp-json\/wp\/v2\/types\/product"}],"version-history":[{"count":0,"href":"https:\/\/key-bak.fr\/pt\/wp-json\/wp\/v2\/product\/4162\/revisions"}],"wp:featuredmedia":[{"embeddable":true,"href":"https:\/\/key-bak.fr\/pt\/wp-json\/wp\/v2\/media\/4599"}],"wp:attachment":[{"href":"https:\/\/key-bak.fr\/pt\/wp-json\/wp\/v2\/media?parent=4162"}],"wp:term":[{"taxonomy":"product_brand","embeddable":true,"href":"https:\/\/key-bak.fr\/pt\/wp-json\/wp\/v2\/product_brand?post=4162"},{"taxonomy":"product_cat","embeddable":true,"href":"https:\/\/key-bak.fr\/pt\/wp-json\/wp\/v2\/product_cat?post=4162"},{"taxonomy":"product_tag","embeddable":true,"href":"https:\/\/key-bak.fr\/pt\/wp-json\/wp\/v2\/product_tag?post=4162"}],"curies":[{"name":"wp","href":"https:\/\/api.w.org\/{rel}","templated":true}]}}