{"id":4161,"date":"2022-03-24T20:26:14","date_gmt":"2022-03-24T20:26:14","guid":{"rendered":"https:\/\/www.keybak.amicalementgeorge.com\/?post_type=product&#038;p=4161"},"modified":"2024-09-30T06:49:48","modified_gmt":"2024-09-30T06:49:48","slug":"libertacao-rapida-qr500","status":"publish","type":"product","link":"https:\/\/key-bak.fr\/pt\/produit\/detache-rapide-qr500\/","title":{"rendered":"Liberta\u00e7\u00e3o r\u00e1pida QR500"},"content":{"rendered":"<h2>F\u00e1cil de retirar e reutilizar R\u00e1pido<\/h2>\n<p>O KeyBak QR500 \u00abQuick-Release\u00bb revoluciona a forma como utiliza as suas chaves todos os dias. Concebido para uma separa\u00e7\u00e3o r\u00e1pida e segura, este porta-chaves divide-se em duas partes separadas. Uma fica presa \u00e0 argola da sua bobina KeyBak, enquanto a outra fica presa \u00e0 sua chave.<\/p>\n<h2>Utiliza\u00e7\u00e3o vers\u00e1til<\/h2>\n<p>Ideal para situa\u00e7\u00f5es que exigem uma grande flexibilidade, o QR500 permite-lhe deixar uma chave na fechadura sem levar todo o molho consigo, ou emprestar facilmente uma chave a algu\u00e9m. Seja para uso dom\u00e9stico ou profissional, o QR500 oferece uma solu\u00e7\u00e3o pr\u00e1tica para gerir as suas chaves sem esfor\u00e7o.<\/p>\n<h2>Design robusto e duradouro<\/h2>\n<p>O porta-chaves de liberta\u00e7\u00e3o r\u00e1pida QR500 \u00e9 fabricado com materiais de alta qualidade, garantindo longevidade e resist\u00eancia ao desgaste. Este sistema \u00e9 perfeito para quem necessita de um acesso r\u00e1pido e seguro a determinadas chaves, mantendo o resto do porta-chaves acess\u00edvel mas seguro.<\/p>\n<h2>Perfeito para uso di\u00e1rio<\/h2>\n<p>Quer seja um profissional que gere v\u00e1rias chaves ou um indiv\u00edduo que procura simplificar o acesso \u00e0s suas chaves essenciais, o KeyBak QR500 \u00e9 o acess\u00f3rio ideal. N\u00e3o s\u00f3 oferece uma grande comodidade, mas tamb\u00e9m uma seguran\u00e7a refor\u00e7ada, permitindo-lhe controlar quem tem acesso \u00e0s suas chaves e quando.<\/p>\n<p>Adopte o KeyBak QR500 para uma gest\u00e3o de chaves sem complica\u00e7\u00f5es, m\u00e1xima flexibilidade e seguran\u00e7a refor\u00e7ada. Simplifique a sua vida com este acess\u00f3rio inovador que transforma a forma como utiliza e partilha as suas chaves.<\/p>","protected":false},"excerpt":{"rendered":"<h2>O acess\u00f3rio indispens\u00e1vel<\/h2>\n<p>Retire as suas chaves do KeyBak com um clique.<\/p>\n<h2>Carater\u00edsticas<\/h2>\n<ul>\n<li>Porta-chaves cromado em zinco<\/li>\n<li>Divide-se em duas partes<\/li>\n<li>Anel de zinco cromado de 2,5 cm<\/li>\n<li>Forma cil\u00edndrica<\/li>\n<\/ul>\n<p><iframe title=\"Leitor de v\u00eddeo do YouTube\" src=\"https:\/\/www.youtube.com\/embed\/mX8i2nCb1tY?si=AUji2ACLwE0EQ9fN\" width=\"560\" height=\"315\" frameborder=\"0\" allowfullscreen=\"allowfullscreen\"><\/iframe><\/p>","protected":false},"featured_media":4935,"template":"","meta":[],"product_brand":[],"product_cat":[52,66,68,69],"product_tag":[],"class_list":{"0":"post-4161","1":"product","2":"type-product","3":"status-publish","4":"has-post-thumbnail","6":"product_cat-accessoires","7":"product_cat-hotellerie","8":"product_cat-industrie","9":"product_cat-usage-quotidien","11":"first","12":"instock","13":"taxable","14":"shipping-taxable","15":"purchasable","16":"product-type-simple"},"_links":{"self":[{"href":"https:\/\/key-bak.fr\/pt\/wp-json\/wp\/v2\/product\/4161","targetHints":{"allow":["GET"]}}],"collection":[{"href":"https:\/\/key-bak.fr\/pt\/wp-json\/wp\/v2\/product"}],"about":[{"href":"https:\/\/key-bak.fr\/pt\/wp-json\/wp\/v2\/types\/product"}],"version-history":[{"count":0,"href":"https:\/\/key-bak.fr\/pt\/wp-json\/wp\/v2\/product\/4161\/revisions"}],"wp:featuredmedia":[{"embeddable":true,"href":"https:\/\/key-bak.fr\/pt\/wp-json\/wp\/v2\/media\/4935"}],"wp:attachment":[{"href":"https:\/\/key-bak.fr\/pt\/wp-json\/wp\/v2\/media?parent=4161"}],"wp:term":[{"taxonomy":"product_brand","embeddable":true,"href":"https:\/\/key-bak.fr\/pt\/wp-json\/wp\/v2\/product_brand?post=4161"},{"taxonomy":"product_cat","embeddable":true,"href":"https:\/\/key-bak.fr\/pt\/wp-json\/wp\/v2\/product_cat?post=4161"},{"taxonomy":"product_tag","embeddable":true,"href":"https:\/\/key-bak.fr\/pt\/wp-json\/wp\/v2\/product_tag?post=4161"}],"curies":[{"name":"wp","href":"https:\/\/api.w.org\/{rel}","templated":true}]}}