{"id":4159,"date":"2022-03-24T20:26:14","date_gmt":"2022-03-24T20:26:14","guid":{"rendered":"https:\/\/www.keybak.amicalementgeorge.com\/?post_type=product&#038;p=4159"},"modified":"2026-03-26T11:38:53","modified_gmt":"2026-03-26T11:38:53","slug":"patrulha-de-seguranca","status":"publish","type":"product","link":"https:\/\/key-bak.fr\/pt\/produit\/key-bak-patrol\/","title":{"rendered":"PATRULHA com chave"},"content":{"rendered":"<h2>Resist\u00eancia extrema para uma utiliza\u00e7\u00e3o intensiva<\/h2>\n<p>Descubra o Key-Bak Super48 PATROL, a \u00faltima palavra em durabilidade e resist\u00eancia. Concebido para ultrapassar o Key-Bak original, este modelo responde \u00e0s necessidades dos profissionais que exigem o melhor em termos de desempenho e robustez.<\/p>\n<h2>Design refor\u00e7ado para maior capacidade<\/h2>\n<p>O Super48 PATROL possui um inv\u00f3lucro em policarbonato refor\u00e7ado e um cabo em Kevlar\u00a9 extremamente resistente, perfeito para manusear um grande n\u00famero de chaves ou objectos mais pesados sem falhar.<\/p>\n<h2>Fivela de cinto especialmente adaptada<\/h2>\n<p>Com uma fivela de couro para cinto, a Super48 PATROL prende-se firmemente a cintos profissionais at\u00e9 5 cm de largura. A fivela de couro garante um ajuste seguro e um maior conforto, mesmo durante movimentos intensos.<\/p>\n<h2>Escolha a excel\u00eancia com Key-Bak PATROL<\/h2>\n<p>Escolha a Super48 PATROL e obtenha uma ferramenta de trabalho fi\u00e1vel e constru\u00edda para durar. \u00c9 a escolha ideal para os profissionais de seguran\u00e7a, manuten\u00e7\u00e3o e em todos os locais onde a fiabilidade n\u00e3o \u00e9 negoci\u00e1vel.<\/p>\n<h2>Fiabilidade e desempenho sem compromissos<\/h2>\n<p>Com o Key-Bak Super48 PATROL, pode fazer o seu trabalho di\u00e1rio com confian\u00e7a, sabendo que as suas chaves e ferramentas est\u00e3o sempre seguras e ao seu alcance. A sua constru\u00e7\u00e3o topo de gama garante uma utiliza\u00e7\u00e3o longa e sem problemas, tornando-o um investimento essencial para os profissionais.<\/p>\n<p>&nbsp;<\/p>","protected":false},"excerpt":{"rendered":"<h3>S48 para profissionais da defesa e da seguran\u00e7a<\/h3>\n<p>Experimenta a robustez com a Key-Bak Super48 PATROL, a \u00faltima palavra em durabilidade e resist\u00eancia.<\/p>\n<h3><span style=\"font-size: 16px;\">Carater\u00edsticas<\/span><\/h3>\n<ul>\n<li>Fivela de couro para cinto com 5 cm de largura<\/li>\n<li>Caixa de policarbonato ultra-resistente<\/li>\n<li class=\"translation-block\">Fio de Kevlar<sup>\u00a9<\/sup> ultra-resistente de n\u00edvel militar de 70 a 120 cm<\/li>\n<li>Testado para durar 1 milh\u00e3o de impress\u00f5es<\/li>\n<li>Garantia de 1 ano<\/li>\n<\/ul>\n<h2>3 for\u00e7as de retra\u00e7\u00e3o dispon\u00edveis<\/h2>\n<ul>\n<li>HDLEK\u00ab (cabo de 120 cm). Encolhimento at\u00e9 225g (\u00b1 15 teclas)<\/li>\n<li>O \u00abSDLEK\u00bb (cabo de 90 cm). Encolhimento at\u00e9 370g (\u00b1 22 teclas)<\/li>\n<li>O \u00abXDLEK\u00bb (cabo de 70 cm). Encolhimento at\u00e9 590g (\u00b1 40 teclas)<\/li>\n<\/ul>\n<p><iframe title=\"Leitor de v\u00eddeo do YouTube\" src=\"https:\/\/www.youtube.com\/embed\/HKIO6uEH5mE?si=V6Ee10NXPW4vIlgS\" width=\"560\" height=\"315\" frameborder=\"0\" allowfullscreen=\"allowfullscreen\"><\/iframe><\/p>","protected":false},"featured_media":4625,"template":"","meta":[],"product_brand":[],"product_cat":[68,27,67],"product_tag":[],"class_list":{"0":"post-4159","1":"product","2":"type-product","3":"status-publish","4":"has-post-thumbnail","6":"product_cat-industrie","7":"product_cat-key-bak-enrouleurs","8":"product_cat-securite","10":"first","11":"instock","12":"sale","13":"taxable","14":"shipping-taxable","15":"purchasable","16":"product-type-variable"},"_links":{"self":[{"href":"https:\/\/key-bak.fr\/pt\/wp-json\/wp\/v2\/product\/4159","targetHints":{"allow":["GET"]}}],"collection":[{"href":"https:\/\/key-bak.fr\/pt\/wp-json\/wp\/v2\/product"}],"about":[{"href":"https:\/\/key-bak.fr\/pt\/wp-json\/wp\/v2\/types\/product"}],"version-history":[{"count":0,"href":"https:\/\/key-bak.fr\/pt\/wp-json\/wp\/v2\/product\/4159\/revisions"}],"wp:featuredmedia":[{"embeddable":true,"href":"https:\/\/key-bak.fr\/pt\/wp-json\/wp\/v2\/media\/4625"}],"wp:attachment":[{"href":"https:\/\/key-bak.fr\/pt\/wp-json\/wp\/v2\/media?parent=4159"}],"wp:term":[{"taxonomy":"product_brand","embeddable":true,"href":"https:\/\/key-bak.fr\/pt\/wp-json\/wp\/v2\/product_brand?post=4159"},{"taxonomy":"product_cat","embeddable":true,"href":"https:\/\/key-bak.fr\/pt\/wp-json\/wp\/v2\/product_cat?post=4159"},{"taxonomy":"product_tag","embeddable":true,"href":"https:\/\/key-bak.fr\/pt\/wp-json\/wp\/v2\/product_tag?post=4159"}],"curies":[{"name":"wp","href":"https:\/\/api.w.org\/{rel}","templated":true}]}}