{"id":4158,"date":"2022-03-24T20:26:13","date_gmt":"2022-03-24T20:26:13","guid":{"rendered":"https:\/\/www.keybak.amicalementgeorge.com\/?post_type=product&#038;p=4158"},"modified":"2025-06-20T09:04:12","modified_gmt":"2025-06-20T09:04:12","slug":"protecao-da-chave-bak","status":"publish","type":"product","link":"https:\/\/key-bak.fr\/pt\/produit\/key-bak-guard\/","title":{"rendered":"Guarda-chaves"},"content":{"rendered":"<h2>Concebido para profissionais em a\u00e7\u00e3o<\/h2>\n<p>O Key-Bak Guard foi especialmente concebido para satisfazer as necessidades dos agentes da autoridade, funcion\u00e1rios de casinos, pessoal de hot\u00e9is e profissionais de seguran\u00e7a. Este porta-chaves retr\u00e1til \u00e9 o aliado perfeito para quem precisa de ter acesso r\u00e1pido e silencioso \u00e0s suas chaves.<\/p>\n<h2>Sil\u00eancio e prote\u00e7\u00e3o \u00f3ptima<\/h2>\n<p>Com um design engenhoso, o Key-Bak Guard tem uma aba protetora de 8 cm que assenta sobre as chaves, minimizando o ru\u00eddo durante o movimento e protegendo o seu uniforme de riscos ou de rasg\u00f5es. Mantenha as suas chaves discretamente \u00e0 m\u00e3o, sem comprometer a seguran\u00e7a ou a est\u00e9tica do seu uniforme.<\/p>\n<h2>Escolha de materiais sustent\u00e1veis<\/h2>\n<p>Selecione o cabo que se adequa \u00e0s suas necessidades espec\u00edficas a partir da nossa gama de materiais de alta qualidade. Quer esteja \u00e0 procura de resist\u00eancia ou flexibilidade, o Key-Bak Guard foi concebido para um desempenho e fiabilidade a longo prazo.<\/p>\n<h2>O companheiro dos profissionais do sector<\/h2>\n<p>O Key-Bak Guard n\u00e3o \u00e9 apenas um porta-chaves: \u00e9 um equipamento t\u00e1tico essencial para aqueles que est\u00e3o constantemente em movimento e dependem do seu equipamento para serem bem sucedidos nas suas miss\u00f5es di\u00e1rias. Com o Key-Bak Guard, est\u00e1 sempre pronto a atuar com efici\u00eancia e discri\u00e7\u00e3o.<\/p>","protected":false},"excerpt":{"rendered":"<h3>KeyBak concebido para uniformes<\/h3>\n<p>Escolha entre as nossas op\u00e7\u00f5es de cabos e certifique-se de que as suas chaves est\u00e3o sempre onde precisa delas, quando precisa delas.<\/p>\n<h3>Carater\u00edsticas<\/h3>\n<ul>\n<li>225 g de for\u00e7a de contra\u00e7\u00e3o<\/li>\n<li>Corrente resistente de 60 cm em a\u00e7o inoxid\u00e1vel<\/li>\n<li>Aba de prote\u00e7\u00e3o uniforme de 5,5 cm x 8 cm<\/li>\n<li>Conjunto de molas em a\u00e7o inoxid\u00e1vel numa caixa de 5 cm em a\u00e7o inoxid\u00e1vel<\/li>\n<li>Anel de a\u00e7o temperado resistente \u00e0 corros\u00e3o de 2,5 cm<\/li>\n<li>Testado para durar 1 milh\u00e3o de impress\u00f5es<\/li>\n<li>Fabricado nos EUA<\/li>\n<\/ul>","protected":false},"featured_media":4605,"template":"","meta":[],"product_brand":[],"product_cat":[28,67],"product_tag":[],"class_list":{"0":"post-4158","1":"product","2":"type-product","3":"status-publish","4":"has-post-thumbnail","6":"product_cat-key-bak-speciaux","7":"product_cat-securite","9":"first","10":"instock","11":"taxable","12":"shipping-taxable","13":"purchasable","14":"product-type-variable"},"_links":{"self":[{"href":"https:\/\/key-bak.fr\/pt\/wp-json\/wp\/v2\/product\/4158","targetHints":{"allow":["GET"]}}],"collection":[{"href":"https:\/\/key-bak.fr\/pt\/wp-json\/wp\/v2\/product"}],"about":[{"href":"https:\/\/key-bak.fr\/pt\/wp-json\/wp\/v2\/types\/product"}],"version-history":[{"count":0,"href":"https:\/\/key-bak.fr\/pt\/wp-json\/wp\/v2\/product\/4158\/revisions"}],"wp:featuredmedia":[{"embeddable":true,"href":"https:\/\/key-bak.fr\/pt\/wp-json\/wp\/v2\/media\/4605"}],"wp:attachment":[{"href":"https:\/\/key-bak.fr\/pt\/wp-json\/wp\/v2\/media?parent=4158"}],"wp:term":[{"taxonomy":"product_brand","embeddable":true,"href":"https:\/\/key-bak.fr\/pt\/wp-json\/wp\/v2\/product_brand?post=4158"},{"taxonomy":"product_cat","embeddable":true,"href":"https:\/\/key-bak.fr\/pt\/wp-json\/wp\/v2\/product_cat?post=4158"},{"taxonomy":"product_tag","embeddable":true,"href":"https:\/\/key-bak.fr\/pt\/wp-json\/wp\/v2\/product_tag?post=4158"}],"curies":[{"name":"wp","href":"https:\/\/api.w.org\/{rel}","templated":true}]}}