{"id":4157,"date":"2022-01-24T20:26:13","date_gmt":"2022-01-24T20:26:13","guid":{"rendered":"https:\/\/www.keybak.amicalementgeorge.com\/?post_type=product&#038;p=4157"},"modified":"2026-03-26T11:43:22","modified_gmt":"2026-03-26T11:43:22","slug":"chave-bak-super48","status":"publish","type":"product","link":"https:\/\/key-bak.fr\/pt\/produit\/key-bak-super48\/","title":{"rendered":"Porta-chaves SUPER48"},"content":{"rendered":"<h2>Concebida para os desafios mais dif\u00edceis<\/h2>\n<p>A SUPER48 \u00e9 o modelo mais resistente da gama Key-Bak. Este enrolador de chaves auto-retr\u00e1til ultrapassa mesmo o nosso famoso Key-Bak Original em termos de resist\u00eancia, o SUPER48 foi especialmente concebido para profissionais exigentes.<\/p>\n<h2>Elevada capacidade para objectos pesados<\/h2>\n<p>Com o seu novo design optimizado, a SUPER48 pode suportar facilmente cargas mais pesadas, como conjuntos de chaves ou ferramentas essenciais, sem comprometer o seu desempenho.<\/p>\n<h2>Durabilidade excecional<\/h2>\n<p>A robusta caixa de policarbonato combinada com um cabo Kevlar\u00a9 garante uma durabilidade extrema, proporcionando-lhe uma fiabilidade infal\u00edvel mesmo nas condi\u00e7\u00f5es mais exigentes.<\/p>\n<h2>Maior fiabilidade e seguran\u00e7a<\/h2>\n<p>A SUPER48 \u00e9 a ferramenta ideal para quem precisa de uma solu\u00e7\u00e3o fi\u00e1vel e segura para o transporte de chaves. Oferece uma tranquilidade total, mesmo em ambientes de trabalho agitados.<\/p>\n<h2>Versatilidade e conforto<\/h2>\n<p>Este porta-chaves retr\u00e1til securikey ou Cavallo foi concebido para uma utiliza\u00e7\u00e3o f\u00e1cil e um conforto \u00f3timo. Pendure-o no seu cinto ou em qualquer outro suporte gra\u00e7as ao seu sistema de fixa\u00e7\u00e3o robusto e desfrute de um acesso imediato \u00e0s suas chaves ou ferramentas sem esfor\u00e7o.<\/p>\n<h2>A escolha dos profissionais<\/h2>\n<p>Com o seu funcionamento silencioso e clipe para cinto, o Key-bak SUPER48 n\u00e3o \u00e9 apenas um porta-chaves, \u00e9 uma promessa de desempenho e durabilidade.<\/p>\n<p>Escolha a fiabilidade para os seus dias mais atarefados. Escolha a SUPER48 e eleve os seus padr\u00f5es no que diz respeito a porta-chaves retr\u00e1cteis.<\/p>","protected":false},"excerpt":{"rendered":"<h3>2 anos de garantia do fabricante!<\/h3>\n<p>O KeyBak \u00e9 procurado pelas for\u00e7as armadas e por todos os profissionais que precisam de ter confian\u00e7a no seu equipamento.<\/p>\n<p><span style=\"font-size: 16px;\"><strong>Carater\u00edsticas<\/strong><\/span><\/p>\n<ul>\n<li>Fornecido com um clipe amov\u00edvel para fixa\u00e7\u00e3o mista por fivela ou clipe<\/li>\n<li>Caixa de policarbonato ultra-resistente<\/li>\n<li class=\"translation-block\">Fio de Kevlar<sup>\u00a9<\/sup> ultra-resistente de n\u00edvel militar de 70 a 120 cm<\/li>\n<li>Testado para durar 1 milh\u00e3o de impress\u00f5es<\/li>\n<li>Adotado por profissionais de defesa e seguran\u00e7a em todo o mundo<\/li>\n<\/ul>\n<h2>3 for\u00e7as de retra\u00e7\u00e3o dispon\u00edveis<\/h2>\n<ul>\n<li>O \u00abS48 HDK\u00bb (cabo de 120 cm). Encolhimento at\u00e9 225g (\u00b1 15 teclas)<\/li>\n<li>O SDK S48 (cabo de 90 cm). Encolhimento at\u00e9 370g (\u00b1 22 teclas)<\/li>\n<li>O \u00abS48 XDK\u00bb (cabo de 70 cm). Encolhimento at\u00e9 590g (\u00b1 40 teclas)<\/li>\n<\/ul>\n<p><iframe title=\"Leitor de v\u00eddeo do YouTube\" src=\"https:\/\/www.youtube.com\/embed\/8ogylbHqXxM?si=el0h6VJ0xVafiUKi\" width=\"560\" height=\"315\" frameborder=\"0\" allowfullscreen=\"allowfullscreen\"><\/iframe><\/p>","protected":false},"featured_media":4641,"template":"","meta":[],"product_brand":[],"product_cat":[68,27,67],"product_tag":[],"class_list":{"0":"post-4157","1":"product","2":"type-product","3":"status-publish","4":"has-post-thumbnail","6":"product_cat-industrie","7":"product_cat-key-bak-enrouleurs","8":"product_cat-securite","10":"first","11":"instock","12":"sale","13":"taxable","14":"shipping-taxable","15":"purchasable","16":"product-type-variable"},"_links":{"self":[{"href":"https:\/\/key-bak.fr\/pt\/wp-json\/wp\/v2\/product\/4157","targetHints":{"allow":["GET"]}}],"collection":[{"href":"https:\/\/key-bak.fr\/pt\/wp-json\/wp\/v2\/product"}],"about":[{"href":"https:\/\/key-bak.fr\/pt\/wp-json\/wp\/v2\/types\/product"}],"version-history":[{"count":1,"href":"https:\/\/key-bak.fr\/pt\/wp-json\/wp\/v2\/product\/4157\/revisions"}],"predecessor-version":[{"id":8990,"href":"https:\/\/key-bak.fr\/pt\/wp-json\/wp\/v2\/product\/4157\/revisions\/8990"}],"wp:featuredmedia":[{"embeddable":true,"href":"https:\/\/key-bak.fr\/pt\/wp-json\/wp\/v2\/media\/4641"}],"wp:attachment":[{"href":"https:\/\/key-bak.fr\/pt\/wp-json\/wp\/v2\/media?parent=4157"}],"wp:term":[{"taxonomy":"product_brand","embeddable":true,"href":"https:\/\/key-bak.fr\/pt\/wp-json\/wp\/v2\/product_brand?post=4157"},{"taxonomy":"product_cat","embeddable":true,"href":"https:\/\/key-bak.fr\/pt\/wp-json\/wp\/v2\/product_cat?post=4157"},{"taxonomy":"product_tag","embeddable":true,"href":"https:\/\/key-bak.fr\/pt\/wp-json\/wp\/v2\/product_tag?post=4157"}],"curies":[{"name":"wp","href":"https:\/\/api.w.org\/{rel}","templated":true}]}}