{"id":8112,"date":"2024-11-12T12:56:32","date_gmt":"2024-11-12T12:56:32","guid":{"rendered":"https:\/\/key-bak.fr\/?post_type=product&#038;p=8112"},"modified":"2025-03-13T11:26:25","modified_gmt":"2025-03-13T11:26:25","slug":"toolmate-1lb","status":"publish","type":"product","link":"https:\/\/key-bak.fr\/it\/produit\/toolmate-1lb\/","title":{"rendered":"Toolmate 1 lb"},"content":{"rendered":"<p>Progettato per la prevenzione delle cadute di oggetti, agganciate con fiducia i vostri attrezzi fino a 450 grammi a voi stessi, al vostro imbracatura, scala, montacarichi o struttura per evitare che un attrezzo cada accidentalmente e ferisca un collega.<\/p>\n<h3>Impatto minimo sul lavoro<\/h3>\n<p>Con una forza di retrazione di soli 12 oz, le longe retrattili ToolMate ritirano solo la longe, non l\u2019attrezzo, offrendo solo la forza necessaria per rientrare senza tirare sull\u2019attrezzo durante l\u2019utilizzo. Progettato per evitare agganci<\/p>\n<h3>Progettato per evitare agganci<\/h3>\n<p>La longe auto-rientrante mantiene il cavo in acciaio inossidabile da 1 metro il pi\u00f9 corto possibile, evitando aggrovigliamenti e incastri nello spazio di lavoro, risolvendo cos\u00ec il problema delle longe non retrattili. Progettato per durare<\/p>\n<h3>Progettato per durare<\/h3>\n<p>Corpo realizzato in policarbonato resistente agli urti con molla in acciaio inossidabile, progettato per durare praticamente in tutti gli ambienti di lavoro.<\/p>\n<h3>Moschettone di ancoraggio<\/h3>\n<p>Moschettone girevole in alluminio con chiusura automatica che impedisce aperture accidentali e rimozioni.<\/p>\n<h3>Testato da una terza parte indipendente<\/h3>\n<p>I test effettuati da un organismo di terza parte garantiscono che il ToolMate sia progettato, testato e provato con un fattore di sicurezza di 2:1.<\/p>","protected":false},"excerpt":{"rendered":"<div class=\"mb-md\">\n<div class=\"relative default font-sans text-base text-textMain dark:text-textMainDark selection:bg-super\/50 selection:text-textMain dark:selection:bg-superDuper\/10 dark:selection:text-superDark\">\n<div class=\"min-w-0 break-words [word-break:break-word]\">\n<div dir=\"auto\">\n<div class=\"prose dark:prose-invert inline leading-normal break-words min-w-0 [word-break:break-word]\">\n<h3>Porte-Outil TOOLMATE 0,45 kilo de 100 cm avec Mousqueton<\/h3>\n<p>Pr\u00e9venez les accidents caus\u00e9s par la chute d&rsquo;outils avec la longe \u00e0 outils r\u00e9tractable ToolMate. Con\u00e7ue pour la pr\u00e9vention des chutes d&rsquo;objets, attachez en toute confiance des outils jusqu&rsquo;\u00e0 450g \u00a0\u00e0 vous-m\u00eame, votre harnais, une \u00e9chelle, une nacelle ou une structure afin qu&rsquo;une chute accidentelle d&rsquo;outil ne blesse pas un ami, un coll\u00e8gue ou un membre de l&rsquo;\u00e9quipe.<\/p>\n<p><strong>LE TOOLMATE N&rsquo;EST PAS UN PORTE CL\u00c9 R\u00c9TRACTABLE MAIS UN DISPOSITIF ANTI-CHUTE POUR OUTIL<\/strong><\/p>\n<h3>Sp\u00e9cifications<\/h3>\n<ul>\n<li>Poids maximal de l&rsquo;outil : 1 lb (0,45 kg)<\/li>\n<li>Force de r\u00e9traction : 340 grammes (Ne r\u00e9tracte pas 450 grammes)<\/li>\n<li>Longueur du cable : 86 cm<\/li>\n<li>Port\u00e9e totale d&rsquo;utilisation : 116 cm<\/li>\n<li>Mat\u00e9riau du c\u00e2ble : Acier inoxydable avec gaine polym\u00e8re<\/li>\n<li>Fixation de l&rsquo;outil : Mousqueton pivotant en aluminium avec fermeture automatique<\/li>\n<li>Fixation d&rsquo;ancrage : Mousqueton pivotant en aluminium avec fermeture automatique<\/li>\n<li>Sangle : Polyester tiss\u00e9<\/li>\n<li><a href=\"https:\/\/key-bak.fr\/norme-ansi-isea-121-2018\/\">Certifi\u00e9 ANSI\/ISEA 121-2018<\/a><\/li>\n<\/ul>\n<div class=\"product-block\">\n<div class=\"rte\">\n<div class=\"shogun-root\" data-region=\"main\" data-shogun-variant-id=\"5f22dc87cfc0a40052f426e6\" data-shogun-platform-type=\"shopify\" data-shogun-page-version-id=\"5f22dc87cfc0a40052f426e4\" data-shogun-page-id=\"5f22dc87cfc0a40052f426e5\" data-shogun-site-id=\"e86a1cc1-284a-4ce1-993b-40b93c6dd0bd\" data-shogun-id=\"5f22dc87cfc0a40052f426e5\">\n<div id=\"s-f2cc359e-eb95-4e0b-8a84-8467de240fbe\" class=\"shg-c\">\n<h3>S\u00e9curit\u00e9 accrue<\/h3>\n<ul>\n<li class=\"x_ContentPasted4\">\u00c9limination des dangers : Les porte-outils r\u00e9tractables remplacent les cordons \u00e9lastiques et les sangles pendantes qui peuvent s&#8217;emm\u00ealer et se coincer sur des objets<\/li>\n<li class=\"x_ContentPasted4\">Conforme \u00e0 la norme mondiale ANSI 121 2018, ce qui signifie qu&rsquo;il a \u00e9t\u00e9 test\u00e9 et certifi\u00e9 pour r\u00e9pondre aux exigences les plus \u00e9lev\u00e9es en mati\u00e8re de s\u00e9curit\u00e9 et de performance.<\/li>\n<li class=\"x_ContentPasted4\">Double mousqueton \u00e0 verrouillage automatique : Offre des points d&rsquo;ancrage et de fixation d&rsquo;outils faciles \u00e0 utiliser<\/li>\n<\/ul>\n<\/div>\n<\/div>\n<\/div>\n<\/div>\n<\/div>\n<\/div>\n<\/div>\n<\/div>\n<\/div>\n","protected":false},"featured_media":8138,"template":"","meta":[],"product_brand":[],"product_cat":[68,96,27],"product_tag":[],"class_list":{"0":"post-8112","1":"product","2":"type-product","3":"status-publish","4":"has-post-thumbnail","6":"product_cat-industrie","7":"product_cat-infrastructure","8":"product_cat-key-bak-enrouleurs","10":"first","11":"instock","12":"taxable","13":"shipping-taxable","14":"purchasable","15":"product-type-simple"},"_links":{"self":[{"href":"https:\/\/key-bak.fr\/it\/wp-json\/wp\/v2\/product\/8112","targetHints":{"allow":["GET"]}}],"collection":[{"href":"https:\/\/key-bak.fr\/it\/wp-json\/wp\/v2\/product"}],"about":[{"href":"https:\/\/key-bak.fr\/it\/wp-json\/wp\/v2\/types\/product"}],"version-history":[{"count":0,"href":"https:\/\/key-bak.fr\/it\/wp-json\/wp\/v2\/product\/8112\/revisions"}],"wp:featuredmedia":[{"embeddable":true,"href":"https:\/\/key-bak.fr\/it\/wp-json\/wp\/v2\/media\/8138"}],"wp:attachment":[{"href":"https:\/\/key-bak.fr\/it\/wp-json\/wp\/v2\/media?parent=8112"}],"wp:term":[{"taxonomy":"product_brand","embeddable":true,"href":"https:\/\/key-bak.fr\/it\/wp-json\/wp\/v2\/product_brand?post=8112"},{"taxonomy":"product_cat","embeddable":true,"href":"https:\/\/key-bak.fr\/it\/wp-json\/wp\/v2\/product_cat?post=8112"},{"taxonomy":"product_tag","embeddable":true,"href":"https:\/\/key-bak.fr\/it\/wp-json\/wp\/v2\/product_tag?post=8112"}],"curies":[{"name":"wp","href":"https:\/\/api.w.org\/{rel}","templated":true}]}}