{"id":8083,"date":"2024-11-13T10:46:30","date_gmt":"2024-11-13T10:46:30","guid":{"rendered":"https:\/\/key-bak.fr\/?post_type=product&#038;p=8083"},"modified":"2026-03-26T11:22:37","modified_gmt":"2026-03-26T11:22:37","slug":"chiave-bak-6c-chiara","status":"publish","type":"product","link":"https:\/\/key-bak.fr\/it\/produit\/key-bak-6c-clear\/","title":{"rendered":"Key-bak 6C trasparente"},"content":{"rendered":"<p>Il portachiavi 6C \"Heavy Duty CLEAR\" \u00e8 lo strumento ideale per chi gestisce pi\u00f9 chiavi o attrezzi e ha bisogno di un accesso frequente. Il suo design consente un utilizzo facile e veloce, essenziale in ambienti professionali dinamici, tutto in un telaio trasparente con un filo colorato.<\/p>\n<h2 class=\"translation-block\">Robustezza e durata<\/h2>\n<p>Questo porta-chiavi o porta-accessori \u00e8 dotato di una custodia robusta in policarbonato nero stampato, che protegge una bobina retrattile da 90 cm in fibra DuPont\u2122 Kevlar\u00ae. Il suo moschettone permette di attaccarlo facilmente ai passanti della cintura, borse, scatole degli attrezzi o borse a mano.<\/p>\n<h2 class=\"translation-block\">Facilit\u00e0 di fissaggio<\/h2>\n<p>Grazie al suo attacco versatile, il porta-badge 6C si fissa facilmente al passante della cintura, zaino o qualsiasi altro supporto grazie al suo moschettone integrato. \u00c8 progettato per mantenere i tuoi identificativi sempre a portata di mano, senza il rischio di perderli, rendendolo un accessorio indispensabile in ristorazione e sicurezza.<\/p>\n<h2>Retrattabilit\u00e0 superiore<\/h2>\n<p>Approfitta di un cordino retrattile colorato (blu, giallo, verde, arancione) di 90 centimetri che offre maggiore lunghezza e forza di retrazione rispetto alla maggior parte degli altri portachiavi sul mercato. Questa funzionalit\u00e0 \u00e8 perfetta per chi ha bisogno di presentare frequentemente le proprie chiavi o accessori (cacciaviti, cavatappi, ecc.) senza vincoli.<\/p>\n<h2 class=\"translation-block\">Sicurezza e accesso facile<\/h2>\n<p>Attacca semplicemente il tuo badge o le tue chiavi all'anello rotto. Usa e rilascia facilmente le tue chiavi; il meccanismo retrattile le riporta in sicurezza fino al prossimo utilizzo.<\/p>\n<h2>Un must per i professionisti<\/h2>\n<p>Il modello 6C \u00e8 riconosciuto per la sua affidabilit\u00e0 e efficienza in vari settori. Che tu lavori nel settore della sicurezza, nell'ospitalit\u00e0, nella ristorazione o in qualsiasi altro campo che richieda un accesso frequente, questo porta-accessori \u00e8 la soluzione perfetta per tenere le tue chiavi e attrezzi sempre a portata di mano.<\/p>","protected":false},"excerpt":{"rendered":"<h3>Il Key-Bak che ti assiste ogni giorno<\/h3>\n<p>Affidabile e robusto, \u00e8 un compagno indispensabile nella tua vita quotidiana, personale o professionale.<\/p>\n<h3>Caratteristiche<\/h3>\n<ul>\n<li>Cavo in Kevlar estensibile fino a 90 cm<\/li>\n<li>4 colori del cavo (blu, giallo, verde, arancio)<\/li>\n<li>Forza di retrazione di 170 g<\/li>\n<li>Moschettone in lega di zinco<\/li>\n<li>Anello rotto in acciaio temprato da 3,5 cm<\/li>\n<li>Custodia in policarbonato ultra resistente<\/li>\n<li>Testato per resistere a 1 milione di trazioni<\/li>\n<li>Protetto da una garanzia di 1 anno<\/li>\n<\/ul>","protected":false},"featured_media":8070,"template":"","meta":[],"product_brand":[],"product_cat":[66,27,69],"product_tag":[],"class_list":{"0":"post-8083","1":"product","2":"type-product","3":"status-publish","4":"has-post-thumbnail","6":"product_cat-hotellerie","7":"product_cat-key-bak-enrouleurs","8":"product_cat-usage-quotidien","10":"first","11":"instock","12":"taxable","13":"shipping-taxable","14":"purchasable","15":"product-type-variable"},"_links":{"self":[{"href":"https:\/\/key-bak.fr\/it\/wp-json\/wp\/v2\/product\/8083","targetHints":{"allow":["GET"]}}],"collection":[{"href":"https:\/\/key-bak.fr\/it\/wp-json\/wp\/v2\/product"}],"about":[{"href":"https:\/\/key-bak.fr\/it\/wp-json\/wp\/v2\/types\/product"}],"version-history":[{"count":0,"href":"https:\/\/key-bak.fr\/it\/wp-json\/wp\/v2\/product\/8083\/revisions"}],"wp:featuredmedia":[{"embeddable":true,"href":"https:\/\/key-bak.fr\/it\/wp-json\/wp\/v2\/media\/8070"}],"wp:attachment":[{"href":"https:\/\/key-bak.fr\/it\/wp-json\/wp\/v2\/media?parent=8083"}],"wp:term":[{"taxonomy":"product_brand","embeddable":true,"href":"https:\/\/key-bak.fr\/it\/wp-json\/wp\/v2\/product_brand?post=8083"},{"taxonomy":"product_cat","embeddable":true,"href":"https:\/\/key-bak.fr\/it\/wp-json\/wp\/v2\/product_cat?post=8083"},{"taxonomy":"product_tag","embeddable":true,"href":"https:\/\/key-bak.fr\/it\/wp-json\/wp\/v2\/product_tag?post=8083"}],"curies":[{"name":"wp","href":"https:\/\/api.w.org\/{rel}","templated":true}]}}