{"id":7833,"date":"2022-07-28T12:08:52","date_gmt":"2022-07-28T12:08:52","guid":{"rendered":"https:\/\/key-bak.fr\/?post_type=product&#038;p=7833"},"modified":"2026-04-15T08:11:00","modified_gmt":"2026-04-15T08:11:00","slug":"scheda-telefonica-a-connessione-rapida","status":"publish","type":"product","link":"https:\/\/key-bak.fr\/it\/produit\/languette-telephone-quick-connect\/","title":{"rendered":"Linguetta porta telefono \"Quick-Connect\""},"content":{"rendered":"<h2>Fissaggio innovativo<\/h2>\n<p>Trasforma il modo in cui trasporti il tuo telefono. Progettato per fissare saldamente il tuo dispositivo alla cintura o allo zaino, il nostro sistema di patch offre una connessione affidabile, garantendo che il tuo telefono rimanga sempre al sicuro, anche in movimento.<\/p>\n<h2>Design robusto<\/h2>\n<p>Realizzato con materiali metallici di alta qualit\u00e0, il nostro patch di fissaggio \u00e8 costruito per resistere alle sfide dell'uso quotidiano. Offre una resistenza superiore, assicurando stabilit\u00e0 e durata al tuo dispositivo durante le attivit\u00e0.<\/p>\n<h2>Compatibilit\u00e0 universale<\/h2>\n<p>Il nostro sistema di fissaggio \u00e8 compatibile con tutti i modelli di smartphone dotati di una custodia, grazie a una cinghia regolabile che garantisce una presa sicura e confortevole. Il tuo telefono sar\u00e0 al sicuro, indipendentemente dal modello.<\/p>\n<h2>Utilizzo versatile<\/h2>\n<p>Che si tratti di lavoro, viaggi o attivit\u00e0 all'aria aperta, il nostro porta-telefono ti offre la tranquillit\u00e0 di sapere che il tuo dispositivo \u00e8 sempre a portata di mano e protetto da cadute o perdite accidentali.<\/p>\n<h2>Installazione facile<\/h2>\n<p>La linguetta per telefono Key-Bak richiede l'utilizzo di una custodia con foro per il caricatore accessibile per un'installazione rapida e semplice. Compatibile con la maggior parte dei cordini e laccetti per telefoni, il nostro patch misura circa 6 x 1,5 cm, adattandosi a una variet\u00e0 di configurazioni.<\/p>\n<p>Investi nella sicurezza con il porta-telefono Key-Bak e rivoluziona il tuo modo di utilizzare il telefono nella vita quotidiana.<\/p>","protected":false},"excerpt":{"rendered":"<h3>Linguetta porta telefono compatibile con il tuo Key-Bak<\/h3>\n<p>La sicurezza e l'accessibilit\u00e0 del tuo telefono ovunque tu sia.<\/p>\n<h3>Caratteristiche<\/h3>\n<ul>\n<li>Linguetta rigida da 6,5 cm adatta a tutti gli smartphone dotati di una custodia protettiva.<\/li>\n<li>Si aggancia al tuo Key-Bak preferito tramite un anello in zinco nero da 2 cm e un moschettone nero da 3 cm (inclusi).<\/li>\n<\/ul>","protected":false},"featured_media":7943,"template":"","meta":[],"product_brand":[],"product_cat":[52],"product_tag":[],"class_list":{"0":"post-7833","1":"product","2":"type-product","3":"status-publish","4":"has-post-thumbnail","6":"product_cat-accessoires","8":"first","9":"instock","10":"featured","11":"taxable","12":"shipping-taxable","13":"purchasable","14":"product-type-simple"},"_links":{"self":[{"href":"https:\/\/key-bak.fr\/it\/wp-json\/wp\/v2\/product\/7833","targetHints":{"allow":["GET"]}}],"collection":[{"href":"https:\/\/key-bak.fr\/it\/wp-json\/wp\/v2\/product"}],"about":[{"href":"https:\/\/key-bak.fr\/it\/wp-json\/wp\/v2\/types\/product"}],"version-history":[{"count":0,"href":"https:\/\/key-bak.fr\/it\/wp-json\/wp\/v2\/product\/7833\/revisions"}],"wp:featuredmedia":[{"embeddable":true,"href":"https:\/\/key-bak.fr\/it\/wp-json\/wp\/v2\/media\/7943"}],"wp:attachment":[{"href":"https:\/\/key-bak.fr\/it\/wp-json\/wp\/v2\/media?parent=7833"}],"wp:term":[{"taxonomy":"product_brand","embeddable":true,"href":"https:\/\/key-bak.fr\/it\/wp-json\/wp\/v2\/product_brand?post=7833"},{"taxonomy":"product_cat","embeddable":true,"href":"https:\/\/key-bak.fr\/it\/wp-json\/wp\/v2\/product_cat?post=7833"},{"taxonomy":"product_tag","embeddable":true,"href":"https:\/\/key-bak.fr\/it\/wp-json\/wp\/v2\/product_tag?post=7833"}],"curies":[{"name":"wp","href":"https:\/\/api.w.org\/{rel}","templated":true}]}}