{"id":7805,"date":"2024-07-24T08:41:40","date_gmt":"2024-07-24T08:41:40","guid":{"rendered":"https:\/\/key-bak.fr\/?post_type=product&#038;p=7805"},"modified":"2024-07-28T22:32:02","modified_gmt":"2024-07-28T22:32:02","slug":"portabadge-mini-bak-sw","status":"publish","type":"product","link":"https:\/\/key-bak.fr\/it\/produit\/mini-bak-porte-badge-sw\/","title":{"rendered":"MINI-BAK Porta Badge SW"},"content":{"rendered":"<p>Con\u00e7u en partenariat avec des professionnels de la sant\u00e9, ce Mini-Bak est \u00e9quip\u00e9e d\u2019une pince pour le fixer \u00e0 sa veste ou \u00e0 sa blouse et d\u2019une nouvelle sangle plus grande et plus s\u00e9curis\u00e9e pour un ou plusieurs badges.<\/p>\n<div class=\"flex flex-grow flex-col max-w-full\">\n<div class=\"min-h-[20px] text-message flex flex-col items-start whitespace-pre-wrap break-words [.text-message+&amp;]:mt-5 juice:w-full juice:items-end overflow-x-auto gap-2\" dir=\"auto\" data-message-author-role=\"assistant\" data-message-id=\"fe544462-bee2-4575-911b-b8e23054d612\">\n<div class=\"flex w-full flex-col gap-1 juice:empty:hidden juice:first:pt-[3px]\">\n<div class=\"markdown prose w-full break-words dark:prose-invert dark\">\n<h2>Compact et efficace<\/h2>\n<p style=\"font-weight: 400;\">D\u00e9ployez votre badge puis rel\u00e2chez-le, il s&rsquo;enroulera aussit\u00f4t dans son boitier protecteur, pr\u00eat pour la prochaine fois. Un gain de temps et de tranquillit\u00e9 d&rsquo;esprit \u00e0 chaque utilisation ! Fini les fouilles interminables ! Attrapez votre badge en un geste gr\u00e2ce \u00e0 son cordon r\u00e9tractable haute-r\u00e9sistance.<\/p>\n<h2>Design discret et polyvalent<\/h2>\n<p>Avec son profil compact et son design \u00e9l\u00e9gant, le Mini-Bak Porte-Badge se fait discret tout en restant extr\u00eamement pratique pour un usage quotidien.<\/p>\n<p>Optez pour le KeyBak Mini-Bak SW pour une solution de port de cl\u00e9s simple, \u00e9l\u00e9gante et efficace..<\/p>\n<\/div>\n<\/div>\n<\/div>\n<\/div>\n","protected":false},"excerpt":{"rendered":"<h3>Porta-badge retrattile con pinza girevole e fissaggio sicuro<\/h3>\n<p style=\"font-weight: 400;\">Il tuo prezioso compagno per mantenere in sicurezza il tuo badge identificativo o la tua carta d\u2019accesso sulla tasca, sul camice o nella borsa.<\/p>\n<h3>Caratteristiche<\/h3>\n<ul>\n<li>Fissaggio con pinza rotante a 360\u00b0 in acciaio inossidabile<\/li>\n<li>Forza di retrazione di 120 grammi<\/li>\n<li>Cavo a 2 fili in nylon di specifica militare di grado II, lungo 90 cm<\/li>\n<li>Aggancio del badge con cinghia resistente ai raggi UV e ai prodotti chimici<\/li>\n<li>Custodia in policarbonato ultra resistente<\/li>\n<li>Porta-badge non incluso<\/li>\n<li>Durabilit\u00e0 protetta da una garanzia di 1 anno<\/li>\n<\/ul>","protected":false},"featured_media":7925,"template":"","meta":[],"product_brand":[],"product_cat":[29,65,69],"product_tag":[],"class_list":{"0":"post-7805","1":"product","2":"type-product","3":"status-publish","4":"has-post-thumbnail","6":"product_cat-porte-badges","7":"product_cat-sante","8":"product_cat-usage-quotidien","10":"first","11":"instock","12":"taxable","13":"shipping-taxable","14":"purchasable","15":"product-type-simple"},"_links":{"self":[{"href":"https:\/\/key-bak.fr\/it\/wp-json\/wp\/v2\/product\/7805","targetHints":{"allow":["GET"]}}],"collection":[{"href":"https:\/\/key-bak.fr\/it\/wp-json\/wp\/v2\/product"}],"about":[{"href":"https:\/\/key-bak.fr\/it\/wp-json\/wp\/v2\/types\/product"}],"version-history":[{"count":0,"href":"https:\/\/key-bak.fr\/it\/wp-json\/wp\/v2\/product\/7805\/revisions"}],"wp:featuredmedia":[{"embeddable":true,"href":"https:\/\/key-bak.fr\/it\/wp-json\/wp\/v2\/media\/7925"}],"wp:attachment":[{"href":"https:\/\/key-bak.fr\/it\/wp-json\/wp\/v2\/media?parent=7805"}],"wp:term":[{"taxonomy":"product_brand","embeddable":true,"href":"https:\/\/key-bak.fr\/it\/wp-json\/wp\/v2\/product_brand?post=7805"},{"taxonomy":"product_cat","embeddable":true,"href":"https:\/\/key-bak.fr\/it\/wp-json\/wp\/v2\/product_cat?post=7805"},{"taxonomy":"product_tag","embeddable":true,"href":"https:\/\/key-bak.fr\/it\/wp-json\/wp\/v2\/product_tag?post=7805"}],"curies":[{"name":"wp","href":"https:\/\/api.w.org\/{rel}","templated":true}]}}