{"id":7736,"date":"2024-07-22T11:53:57","date_gmt":"2024-07-22T11:53:57","guid":{"rendered":"https:\/\/key-bak.fr\/?post_type=product&#038;p=7736"},"modified":"2025-12-29T21:48:06","modified_gmt":"2025-12-29T21:48:06","slug":"keybak-75-anni","status":"publish","type":"product","link":"https:\/\/key-bak.fr\/it\/produit\/keybak-75-anniversaire\/","title":{"rendered":"KeyBak ORIGINALE 75\u00b0 Anniversario"},"content":{"rendered":"<p class=\"translation-block\">Festeggiate con noi i 75 anni del nostro marchio, nato nel 1948 dall'innovazione <a href=\"https:\/\/key-bak.fr\/it\/a-propos\/\" target=\"_self\"><strong> di un ferroviere californiano.<\/strong><\/a><\/p>\n<h2>Durabilit\u00e0 e affidabilit\u00e0 eccezionali<\/h2>\n<p>Questo modello da collezione del nostro iconico portachiavi retraibile si distingue per la qualit\u00e0 della sua catena e del suo meccanismo di retrazione, progettati per superare qualsiasi concorrente.<\/p>\n<p>\u00c8 il modello pi\u00f9 popolare e imitato della nostra gamma, a dimostrazione della sua qualit\u00e0 superiore e della sua funzionalit\u00e0 impeccabile.<\/p>\n<h2>Design ergonomico e sicuro<\/h2>\n<p>Il Key-Bak Original Anniversario si aggancia facilmente alla cintura grazie a un clip robusto, consentendo un accesso rapido e pratico alle vostre chiavi. Dite addio alle chiavi che ingombrano le tasche o che logorano i vestiti. Con questo portachiavi, ridurrete al minimo il rischio di perdita o furto delle vostre chiavi.<\/p>\n<h2>Personalizzabile e adattabile<\/h2>\n<p>Adatta il Key-Bak alle tue esigenze specifiche con due opzioni di cavo (catena o Kevlar) e quattro lunghezze disponibili (60 cm, 70 cm, 90 cm o 120 cm), offrendo una variet\u00e0 di soluzioni per soddisfare ogni necessit\u00e0 d\u2019uso.<\/p>\n<h2>Un pezzo di storia, copiato ma mai eguagliato<\/h2>\n<p>Il Key-Bak Original Anniversario non \u00e8 solo un portachiavi, ma un simbolo di innovazione storica, progettato per durare e accompagnarvi nella vita quotidiana. Si aggancia alla cintura tramite clip, permettendo un utilizzo comodo e rapido delle chiavi.\n\nQuesto portachiavi elimina il fastidio delle chiavi in tasca, previene l'usura dei vestiti e riduce il rischio di perdita o furto delle chiavi.<\/p>","protected":false},"excerpt":{"rendered":"<h3>Proteggete le vostre chiavi e strumenti con il KeyBak Anniversario<\/h3>\n<p>Il Key-Bak Original Cromato \u00e8 il primo portachiavi retraibile al mondo ed \u00e8 diventato un classico intramontabile. Celebriamo i nostri 75 anni con questa edizione limitata.<\/p>\n<h3>Caratteristiche<\/h3>\n<ul>\n<li>Medaglione commemorativo dei 75 anni sul fronte<\/li>\n<li>Protetto in una scatola di latta<\/li>\n<li>Catena in acciaio inossidabile infrangibile o cavo in kevlar<\/li>\n<li>Molla in acciaio inossidabile racchiusa in una custodia in acciaio inossidabile da 5 cm<\/li>\n<li>Anello in acciaio temperato resistente alla corrosione da 2,5 cm<\/li>\n<li>Testato per resistere a 1 milione di trazioni<\/li>\n<li>Protetto da una garanzia di un anno<\/li>\n<li>Le bobine KEY-BAK ECO-REELS producono il 90% in meno di rifiuti rispetto alla concorrenza<\/li>\n<li>Prodotto negli USA<\/li>\n<\/ul>","protected":false},"featured_media":7912,"template":"","meta":[],"product_brand":[],"product_cat":[68,27,67,69],"product_tag":[],"class_list":{"0":"post-7736","1":"product","2":"type-product","3":"status-publish","4":"has-post-thumbnail","6":"product_cat-industrie","7":"product_cat-key-bak-enrouleurs","8":"product_cat-securite","9":"product_cat-usage-quotidien","11":"first","12":"instock","13":"featured","14":"taxable","15":"shipping-taxable","16":"purchasable","17":"product-type-simple"},"_links":{"self":[{"href":"https:\/\/key-bak.fr\/it\/wp-json\/wp\/v2\/product\/7736","targetHints":{"allow":["GET"]}}],"collection":[{"href":"https:\/\/key-bak.fr\/it\/wp-json\/wp\/v2\/product"}],"about":[{"href":"https:\/\/key-bak.fr\/it\/wp-json\/wp\/v2\/types\/product"}],"version-history":[{"count":0,"href":"https:\/\/key-bak.fr\/it\/wp-json\/wp\/v2\/product\/7736\/revisions"}],"wp:featuredmedia":[{"embeddable":true,"href":"https:\/\/key-bak.fr\/it\/wp-json\/wp\/v2\/media\/7912"}],"wp:attachment":[{"href":"https:\/\/key-bak.fr\/it\/wp-json\/wp\/v2\/media?parent=7736"}],"wp:term":[{"taxonomy":"product_brand","embeddable":true,"href":"https:\/\/key-bak.fr\/it\/wp-json\/wp\/v2\/product_brand?post=7736"},{"taxonomy":"product_cat","embeddable":true,"href":"https:\/\/key-bak.fr\/it\/wp-json\/wp\/v2\/product_cat?post=7736"},{"taxonomy":"product_tag","embeddable":true,"href":"https:\/\/key-bak.fr\/it\/wp-json\/wp\/v2\/product_tag?post=7736"}],"curies":[{"name":"wp","href":"https:\/\/api.w.org\/{rel}","templated":true}]}}