{"id":7624,"date":"2024-03-29T10:11:58","date_gmt":"2024-03-29T10:11:58","guid":{"rendered":"https:\/\/key-bak.fr\/?post_type=product&#038;p=7624"},"modified":"2026-04-27T11:00:14","modified_gmt":"2026-04-27T11:00:14","slug":"clip-ratch-it","status":"publish","type":"product","link":"https:\/\/key-bak.fr\/it\/produit\/ratch-it-clip\/","title":{"rendered":"Clip anti-ritorno a cricchetto"},"content":{"rendered":"<h2>Progettazione robusta per un uso quotidiano<\/h2>\n<p>Il portachiavi Key-Bak Ratch-It non \u00e8 un accessorio ordinario. Il Ratch-It combina durabilit\u00e0 e ingegnosit\u00e0 con la sua custodia compatta in policarbonato nero e il suo cordino in Kevlar ultra-resistente, capace di sopportare condizioni estreme. Prodotto negli Stati Uniti con materiali di alta qualit\u00e0, \u00e8 progettato per durare e resistere alla prova del tempo.<\/p>\n<h2>Praticit\u00e0 e sicurezza avanzate<\/h2>\n<p>Grazie al suo moschettone fisso in lega di zinco robusto, il Ratch-It si fissa facilmente alla cintura, alle borse o ai sacchetti, assicurando i vostri mazzi di chiavi ovunque andiate. Il sistema di bloccaggio unico permette al cordino di bloccarsi a intervalli di 12,5 cm, offrendo flessibilit\u00e0 e comodit\u00e0 durante l\u2019utilizzo.<\/p>\n<h2>Innovazione e performance<\/h2>\n<p>Questo portachiavi non \u00e8 solo un semplice accessorio; \u00e8 una soluzione pensata per semplificare la vostra vita quotidiana. Il suo molla in acciaio inox, alloggiata in una custodia robusta, garantisce un funzionamento impeccabile. Il cordino in Kevlar, pi\u00f9 resistente dell\u2019acciaio, supporta fino a 40 kg di trazione.<\/p>\n<h2>Durabilit\u00e0 garantita<\/h2>\n<p>Testato per resistere a 1 milione di tiri, il Ratch-It con moschettone anti-retour non \u00e8 solo progettato per durare, ma \u00e8 anche accompagnato da una garanzia di un anno, a testimonianza del nostro impegno per la qualit\u00e0 e la vostra soddisfazione.<\/p>\n<h2>L'accessorio per gli utenti esigenti<\/h2>\n<p>Che siate professionisti occupati o appassionati di avventura, il Ratch-It \u00e8 progettato per migliorare la vostra efficienza e ridurre lo stress. Adottatelo oggi stesso e trasformate il vostro modo di gestire le chiavi, gli attrezzi o di attaccare il vostro telefono con l\u2019accessorio giusto.<\/p>\n<p>Il Ratch-It \u00e8 lo strumento indispensabile per tutti coloro che cercano di combinare sicurezza, praticit\u00e0 e durabilit\u00e0 in un unico prodotto. Gli eco-enrouleurs KEY-BAK generano il 90% in meno di rifiuti rispetto agli enrouleurs, portachiavi e attacchi usa e getta.<\/p>","protected":false},"excerpt":{"rendered":"<h3>Il KeyBak con bloccaggio anti-retour<\/h3>\n<p>Tenete le chiavi, il telefono o gli attrezzi a portata di mano con il rivoluzionario portachiavi Ratch-It Clip! Dotato di un meccanismo di bloccaggio con chiusura a strappo, questo innovativo portachiavi assicura che le chiavi, gli strumenti o il telefono non solo siano al sicuro, ma anche immediatamente accessibili.<\/p>\n<h3>Caratteristiche<\/h3>\n<ul style=\"font-weight: 400;\">\n<li>Molla in acciaio inossidabile incastonata in una cassa in acciaio inossidabile di 5 cm di diametro<\/li>\n<li>Meccanismo di bloccaggio a cricchetto con bloccaggio a intervalli di 12,5 cm<\/li>\n<li>Clip in lega di zinco che si attacca facilmente alla tua cintura o alla tua borsa.<\/li>\n<li>Cavo in fibra di Kevlar con una resistenza minima alla rottura di 36,3 kg<\/li>\n<li>Testato per resistere a 1 milione di trazioni<\/li>\n<li>Durabilit\u00e0 protetta da una garanzia di 1 anno<\/li>\n<\/ul>","protected":false},"featured_media":7629,"template":"","meta":[],"product_brand":[],"product_cat":[66,68,27,67,69],"product_tag":[],"class_list":{"0":"post-7624","1":"product","2":"type-product","3":"status-publish","4":"has-post-thumbnail","6":"product_cat-hotellerie","7":"product_cat-industrie","8":"product_cat-key-bak-enrouleurs","9":"product_cat-securite","10":"product_cat-usage-quotidien","12":"first","13":"instock","14":"sale","15":"taxable","16":"shipping-taxable","17":"purchasable","18":"product-type-variable"},"_links":{"self":[{"href":"https:\/\/key-bak.fr\/it\/wp-json\/wp\/v2\/product\/7624","targetHints":{"allow":["GET"]}}],"collection":[{"href":"https:\/\/key-bak.fr\/it\/wp-json\/wp\/v2\/product"}],"about":[{"href":"https:\/\/key-bak.fr\/it\/wp-json\/wp\/v2\/types\/product"}],"version-history":[{"count":0,"href":"https:\/\/key-bak.fr\/it\/wp-json\/wp\/v2\/product\/7624\/revisions"}],"wp:featuredmedia":[{"embeddable":true,"href":"https:\/\/key-bak.fr\/it\/wp-json\/wp\/v2\/media\/7629"}],"wp:attachment":[{"href":"https:\/\/key-bak.fr\/it\/wp-json\/wp\/v2\/media?parent=7624"}],"wp:term":[{"taxonomy":"product_brand","embeddable":true,"href":"https:\/\/key-bak.fr\/it\/wp-json\/wp\/v2\/product_brand?post=7624"},{"taxonomy":"product_cat","embeddable":true,"href":"https:\/\/key-bak.fr\/it\/wp-json\/wp\/v2\/product_cat?post=7624"},{"taxonomy":"product_tag","embeddable":true,"href":"https:\/\/key-bak.fr\/it\/wp-json\/wp\/v2\/product_tag?post=7624"}],"curies":[{"name":"wp","href":"https:\/\/api.w.org\/{rel}","templated":true}]}}