{"id":7290,"date":"2023-04-30T16:22:32","date_gmt":"2023-04-30T16:22:32","guid":{"rendered":"https:\/\/key-bak.fr\/?post_type=product&#038;p=7290"},"modified":"2026-03-28T09:33:56","modified_gmt":"2026-03-28T09:33:56","slug":"chiave-di-collegamento","status":"publish","type":"product","link":"https:\/\/key-bak.fr\/it\/produit\/key-connect\/","title":{"rendered":"KEY-CONNECT"},"content":{"rendered":"<h2>Fissaggio facile e versatile<\/h2>\n<p>Dotato di un moschettone in metallo robusto, questo portachiavi pu\u00f2 essere facilmente agganciato a zaini, passanti per cintura o borse. Un moschettone aggiuntivo in plastica resistente consente di gestire diversi mazzi di chiavi o di fissare altri oggetti essenziali senza complicazioni.<\/p>\n<h2>Design attraente e pratico<\/h2>\n<p>Con il suo cavo arancione brillante e il corpo trasparente, questo portachiavi non passa inosservato. Aggiunge un tocco di colore e divertimento all'accessorio quotidiano dei bambini, pur rimanendo una scelta pratica per i genitori.<\/p>\n<h2>Estensione per maggiore comodit\u00e0<\/h2>\n<p>Il cavo estensibile fino a 60 cm garantisce che le chiavi o altri oggetti importanti rimangano sempre accessibili senza rischiare di perderli. I bambini possono utilizzare le loro chiavi facilmente e lasciarle rientrare nel corpo retrattile in modo sicuro.<\/p>\n<h2>Una sicurezza rinforzata<\/h2>\n<p>Questo portachiavi \u00e8 progettato specificamente per offrire tranquillit\u00e0 ai genitori e indipendenza ai bambini. La solidit\u00e0 dei materiali assicura un utilizzo duraturo e sicuro, ideale per le giornate intense dei pi\u00f9 piccoli.<\/p>\n<p>Scegli la comodit\u00e0 e la sicurezza con questo portachiavi con moschettone, corpo trasparente e cavo arancione. \u00c8 l\u2019accessorio perfetto per incoraggiare l\u2019organizzazione e la responsabilit\u00e0 nei bambini, aggiungendo un tocco di divertimento.<\/p>\n<p class=\"translation-block\">Disponibile anche nella versione senza fischietto: il <a href=\"https:\/\/key-bak.fr\/it\/product\/cassaforte-key-connect\/\" target=\"_self\"><strong>Key-Connect Safe<\/strong><\/a>.<\/p>","protected":false},"excerpt":{"rendered":"<h3>Proteggi le tue chiavi con il KeyBak divertente<\/h3>\n<p class=\"translation-block\">Questa versione colorata del portachiavi retrattile <a href=\"https:\/\/key-bak.fr\/it\/product\/chiave-a-becco-doca\/\" target=\"_self\">SIDEKICK<\/a> \u00e8 la soluzione ideale per garantire che tu o i tuoi bambini abbiate sempre le chiavi e piccoli oggetti a portata di mano in totale sicurezza. Progettato per l\u2019azione, il KeyBak Key-Connect combina funzionalit\u00e0 e stile giocoso.<\/p>\n<h3>Caratteristiche<\/h3>\n<ul>\n<li>Fissaggio facile per evitare la perdita delle chiavi<\/li>\n<li>Capacit\u00e0 di retrazione fino a 113 g (circa 5 chiavi)<\/li>\n<li>Cavo di 60 cm che consente di utilizzare le chiavi senza scollegarle<\/li>\n<li>Moschettone robusto per fissaggio a zaini, passanti per cintura o borse<\/li>\n<li>Prodotto negli USA<\/li>\n<\/ul>\n<p><iframe title=\"Lettore video di YouTube\" src=\"https:\/\/www.youtube.com\/embed\/fyybACGI0l8?si=PeL4QVMuqwM5so1T\" width=\"560\" height=\"315\" frameborder=\"0\" allowfullscreen=\"allowfullscreen\"><\/iframe><\/p>","protected":false},"featured_media":7291,"template":"","meta":[],"product_brand":[],"product_cat":[27,69],"product_tag":[],"class_list":{"0":"post-7290","1":"product","2":"type-product","3":"status-publish","4":"has-post-thumbnail","6":"product_cat-key-bak-enrouleurs","7":"product_cat-usage-quotidien","9":"first","10":"instock","11":"featured","12":"taxable","13":"shipping-taxable","14":"purchasable","15":"product-type-simple"},"_links":{"self":[{"href":"https:\/\/key-bak.fr\/it\/wp-json\/wp\/v2\/product\/7290","targetHints":{"allow":["GET"]}}],"collection":[{"href":"https:\/\/key-bak.fr\/it\/wp-json\/wp\/v2\/product"}],"about":[{"href":"https:\/\/key-bak.fr\/it\/wp-json\/wp\/v2\/types\/product"}],"version-history":[{"count":1,"href":"https:\/\/key-bak.fr\/it\/wp-json\/wp\/v2\/product\/7290\/revisions"}],"predecessor-version":[{"id":8984,"href":"https:\/\/key-bak.fr\/it\/wp-json\/wp\/v2\/product\/7290\/revisions\/8984"}],"wp:featuredmedia":[{"embeddable":true,"href":"https:\/\/key-bak.fr\/it\/wp-json\/wp\/v2\/media\/7291"}],"wp:attachment":[{"href":"https:\/\/key-bak.fr\/it\/wp-json\/wp\/v2\/media?parent=7290"}],"wp:term":[{"taxonomy":"product_brand","embeddable":true,"href":"https:\/\/key-bak.fr\/it\/wp-json\/wp\/v2\/product_brand?post=7290"},{"taxonomy":"product_cat","embeddable":true,"href":"https:\/\/key-bak.fr\/it\/wp-json\/wp\/v2\/product_cat?post=7290"},{"taxonomy":"product_tag","embeddable":true,"href":"https:\/\/key-bak.fr\/it\/wp-json\/wp\/v2\/product_tag?post=7290"}],"curies":[{"name":"wp","href":"https:\/\/api.w.org\/{rel}","templated":true}]}}