{"id":7277,"date":"2023-04-30T14:59:21","date_gmt":"2023-04-30T14:59:21","guid":{"rendered":"https:\/\/key-bak.fr\/?post_type=product&#038;p=7277"},"modified":"2026-04-16T12:28:18","modified_gmt":"2026-04-16T12:28:18","slug":"cassaforte-key-connect","status":"publish","type":"product","link":"https:\/\/key-bak.fr\/it\/produit\/key-connect-safe\/","title":{"rendered":"KEY-CONNECT SAFE"},"content":{"rendered":"<p>Un'innovazione che combina sicurezza personale e funzionalit\u00e0. Questo dispositivo, dotato di un fischietto di emergenza sempre accessibile e di un portachiavi retrattile, \u00e8 progettato per proteggere te e le tue chiavi in ogni circostanza.<\/p>\n<h2>Facilit\u00e0 di fissaggio e versatilit\u00e0<\/h2>\n<p>Grazie a un moschettone in metallo robusto, Key-Connect Safe si aggancia facilmente a zaini, passanti di cintura o borse. Un secondo moschettone in plastica resistente con fischietto consente di gestire pi\u00f9 mazzi di chiavi o di attaccare altri accessori senza difficolt\u00e0.<\/p>\n<h2>Design accattivante e funzionale<\/h2>\n<p>Il cordoncino arancione brillante e il corpo trasparente attirano l'attenzione, offrendo al contempo un accessorio pratico e sicuro. Un tocco di colore che lo rende anche facilmente individuabile, perfetto per un uso quotidiano.<\/p>\n<h2>Estensibilit\u00e0 per un accesso facilitato<\/h2>\n<p>Con un cavo estensibile fino a 60 cm, le tue chiavi o altri oggetti essenziali restano sempre a portata di mano senza rischiare di perderli. Usali comodamente e lasciali ritrarre in sicurezza nel loro contenitore.<\/p>\n<h2>Sicurezza migliorata<\/h2>\n<p>Key-Connect Safe offre una maggiore tranquillit\u00e0. La sua robustezza garantisce lunga durata e affidabilit\u00e0, ideali per giornate piene di attivit\u00e0. Il fischietto d'emergenza integrato \u00e8 perfetto per una protezione extra in situazioni di rischio.<\/p>\n<h2>Un accessorio essenziale per la tua sicurezza<\/h2>\n<p>Scegli Key-Connect Safe per combinare praticit\u00e0 e sicurezza. \u00c8 lo strumento ideale per chi vuole rafforzare la propria sicurezza personale mantenendo le chiavi organizzate e accessibili. Non uscire mai senza!<\/p>\n<p class=\"translation-block\">Con Key-Connect Safe, unisci estetica, funzionalit\u00e0 e sicurezza in un prodotto compatto. Provalo oggi stesso per un'esperienza quotidiana pi\u00f9 serena e senza problemi.\n\nDisponibile anche nella versione senza fischietto: <strong><a href=\"https:\/\/key-bak.fr\/it\/product\/chiave-di-collegamento\/\" target=\"_self\"> Il Key-Connect<\/a><\/strong>.<\/p>","protected":false},"excerpt":{"rendered":"<h3>tuo dispositivo personale di sicurezza per combattere le molestie di strada<\/h3>\n<p>Meriti la tranquillit\u00e0 di cui hai bisogno quando tu o il tuo bambino uscite.<\/p>\n<h3>Caratteristiche<\/h3>\n<ul>\n<li>Moschettone facile da usare per passanti di cintura e zaini.<\/li>\n<li>Cavo retrattile estensibile fino a 60 cm con una capacit\u00e0 di retrazione fino a 120 g (circa 5 chiavi se si rimuove il fischietto).<\/li>\n<li>Fischietto Fox40 di alta qualit\u00e0 arancione, SEMPRE a portata di mano e mai perso.<\/li>\n<li>Suono del fischietto udibile fino a 1500 metri di distanza.<\/li>\n<li>Ideale per la tua sicurezza durante spostamenti in solitudine o per bambini vittime di molestie.<\/li>\n<li>Corpo trasparente con cordoncino arancione.<\/li>\n<li>Adatto sia per bambini che adulti.<\/li>\n<\/ul>\n<p><iframe title=\"Lettore video di YouTube\" src=\"https:\/\/www.youtube.com\/embed\/I09sXTeTfA8?si=tuN2G_jxy4xYbX3q\" width=\"560\" height=\"315\" frameborder=\"0\" allowfullscreen=\"allowfullscreen\"><\/iframe><\/p>","protected":false},"featured_media":7285,"template":"","meta":[],"product_brand":[],"product_cat":[27,69],"product_tag":[],"class_list":{"0":"post-7277","1":"product","2":"type-product","3":"status-publish","4":"has-post-thumbnail","6":"product_cat-key-bak-enrouleurs","7":"product_cat-usage-quotidien","9":"first","10":"instock","11":"featured","12":"taxable","13":"shipping-taxable","14":"purchasable","15":"product-type-simple"},"_links":{"self":[{"href":"https:\/\/key-bak.fr\/it\/wp-json\/wp\/v2\/product\/7277","targetHints":{"allow":["GET"]}}],"collection":[{"href":"https:\/\/key-bak.fr\/it\/wp-json\/wp\/v2\/product"}],"about":[{"href":"https:\/\/key-bak.fr\/it\/wp-json\/wp\/v2\/types\/product"}],"version-history":[{"count":1,"href":"https:\/\/key-bak.fr\/it\/wp-json\/wp\/v2\/product\/7277\/revisions"}],"predecessor-version":[{"id":8985,"href":"https:\/\/key-bak.fr\/it\/wp-json\/wp\/v2\/product\/7277\/revisions\/8985"}],"wp:featuredmedia":[{"embeddable":true,"href":"https:\/\/key-bak.fr\/it\/wp-json\/wp\/v2\/media\/7285"}],"wp:attachment":[{"href":"https:\/\/key-bak.fr\/it\/wp-json\/wp\/v2\/media?parent=7277"}],"wp:term":[{"taxonomy":"product_brand","embeddable":true,"href":"https:\/\/key-bak.fr\/it\/wp-json\/wp\/v2\/product_brand?post=7277"},{"taxonomy":"product_cat","embeddable":true,"href":"https:\/\/key-bak.fr\/it\/wp-json\/wp\/v2\/product_cat?post=7277"},{"taxonomy":"product_tag","embeddable":true,"href":"https:\/\/key-bak.fr\/it\/wp-json\/wp\/v2\/product_tag?post=7277"}],"curies":[{"name":"wp","href":"https:\/\/api.w.org\/{rel}","templated":true}]}}