{"id":4181,"date":"2022-03-24T20:26:16","date_gmt":"2022-03-24T20:26:16","guid":{"rendered":"https:\/\/www.keybak.amicalementgeorge.com\/?post_type=product&#038;p=4181"},"modified":"2026-03-15T14:39:24","modified_gmt":"2026-03-15T14:39:24","slug":"chiave-bak-6-id","status":"publish","type":"product","link":"https:\/\/key-bak.fr\/it\/produit\/key-bak-6-id\/","title":{"rendered":"Key-bak 6 ID"},"content":{"rendered":"<p>Il porta-badge 6 ID \u00e8 progettato per chi ha bisogno di accesso frequente a badge o carte d\u2019identit\u00e0. Si fissa facilmente a cinture, tasche o borse grazie al suo clip rotante a 360\u00b0, offrendo un utilizzo rapido e intuitivo, ideale per ambienti professionali frenetici.<\/p>\n<h2 class=\"translation-block\">Robustezza e durata<\/h2>\n<p>La custodia \u00e8 realizzata in robusto policarbonato nero, che protegge una bobina retrattile in fibra DuPont\u2122 Kevlar\u00ae da 90 cm. Questo design garantisce massima durata e maggiore sicurezza per i tuoi badge.<\/p>\n<h2 class=\"translation-block\">Facilit\u00e0 di fissaggio<\/h2>\n<p>Grazie al suo sistema di fissaggio versatile, il porta-badge 6C ID si aggancia facilmente a cinture, zaini o altri supporti tramite un moschettone integrato. I tuoi badge saranno sempre a portata di mano, senza rischiare di perderli.<\/p>\n<h2>Retrattabilit\u00e0 superiore<\/h2>\n<p>Il cavo retrattile da 90 cm offre una lunghezza maggiore e una forza di retrazione superiore rispetto alla maggior parte dei porta-badge disponibili sul mercato. Questa funzione \u00e8 ideale per chi deve mostrare frequentemente i propri badge senza limitazioni.<\/p>\n<h2 class=\"translation-block\">Sicurezza e accesso facile<\/h2>\n<p>Fissa i tuoi badge o le tue carte d'accesso alla linguetta in vinile del porta-badge. Usa il badge e rilascialo con facilit\u00e0; il meccanismo retrattile lo riporter\u00e0 in posizione in tutta sicurezza, pronto per il prossimo utilizzo.<\/p>\n<h2>Un must per i professionisti<\/h2>\n<p>Il modello 6 ID \u00e8 apprezzato per la sua affidabilit\u00e0 e funzionalit\u00e0 in diversi settori. Che tu lavori nella sicurezza, nell\u2019ospitalit\u00e0, nella ristorazione o in qualsiasi altro ambiente che richieda un accesso frequente, questo porta-badge \u00e8 la soluzione ideale per mantenere i tuoi identificativi sicuri e accessibili.<\/p>\n<p>Scegli il porta-badge 6 ID per una gestione dei tuoi badge pratica e sicura. Robusto e affidabile, sar\u00e0 il tuo alleato indispensabile nel quotidiano professionale.<\/p>","protected":false},"excerpt":{"rendered":"<h3>Il porta-badge pi\u00f9 resistente<\/h3>\n<p>Il porta-badge 6 ID \u00e8 la scelta ideale per chi gestisce pi\u00f9 badge e ha bisogno di utilizzarli frequentemente.<\/p>\n<h3>Caratteristiche<\/h3>\n<ul>\n<li>Cavo in Kevlar estensibile fino a 90 cm<\/li>\n<li>Forza di retrazione di 170 g<\/li>\n<li>Clip rotante a 360\u00b0 per una praticit\u00e0 senza pari<\/li>\n<li>Custodia in policarbonato ultra resistente<\/li>\n<li>Testato per resistere a 1 milione di trazioni<\/li>\n<li>Protetto da una garanzia di 1 anno<\/li>\n<\/ul>","protected":false},"featured_media":4925,"template":"","meta":[],"product_brand":[],"product_cat":[29,65],"product_tag":[],"class_list":{"0":"post-4181","1":"product","2":"type-product","3":"status-publish","4":"has-post-thumbnail","6":"product_cat-porte-badges","7":"product_cat-sante","9":"first","10":"instock","11":"taxable","12":"shipping-taxable","13":"purchasable","14":"product-type-simple"},"_links":{"self":[{"href":"https:\/\/key-bak.fr\/it\/wp-json\/wp\/v2\/product\/4181","targetHints":{"allow":["GET"]}}],"collection":[{"href":"https:\/\/key-bak.fr\/it\/wp-json\/wp\/v2\/product"}],"about":[{"href":"https:\/\/key-bak.fr\/it\/wp-json\/wp\/v2\/types\/product"}],"version-history":[{"count":0,"href":"https:\/\/key-bak.fr\/it\/wp-json\/wp\/v2\/product\/4181\/revisions"}],"wp:featuredmedia":[{"embeddable":true,"href":"https:\/\/key-bak.fr\/it\/wp-json\/wp\/v2\/media\/4925"}],"wp:attachment":[{"href":"https:\/\/key-bak.fr\/it\/wp-json\/wp\/v2\/media?parent=4181"}],"wp:term":[{"taxonomy":"product_brand","embeddable":true,"href":"https:\/\/key-bak.fr\/it\/wp-json\/wp\/v2\/product_brand?post=4181"},{"taxonomy":"product_cat","embeddable":true,"href":"https:\/\/key-bak.fr\/it\/wp-json\/wp\/v2\/product_cat?post=4181"},{"taxonomy":"product_tag","embeddable":true,"href":"https:\/\/key-bak.fr\/it\/wp-json\/wp\/v2\/product_tag?post=4181"}],"curies":[{"name":"wp","href":"https:\/\/api.w.org\/{rel}","templated":true}]}}