{"id":4177,"date":"2022-03-24T20:26:16","date_gmt":"2022-03-24T20:26:16","guid":{"rendered":"https:\/\/www.keybak.amicalementgeorge.com\/?post_type=product&#038;p=4177"},"modified":"2025-12-14T13:48:48","modified_gmt":"2025-12-14T13:48:48","slug":"mini-bak","status":"publish","type":"product","link":"https:\/\/key-bak.fr\/it\/produit\/mini-bak\/","title":{"rendered":"MINI-BAK"},"content":{"rendered":"<p style=\"text-align: left;\">Le KeyBak Mini-Bak, un porte-cl\u00e9s r\u00e9tractable qui combine robustesse, facilit\u00e9 d&rsquo;utilisation, l\u00e9g\u00e8ret\u00e9 et discr\u00e9tion. Con\u00e7u pour ceux qui recherchent un accessoire \u00e0 la fois pratique et peu encombrant.<\/p>\n<div class=\"flex flex-grow flex-col max-w-full\">\n<div class=\"min-h-[20px] text-message flex flex-col items-start whitespace-pre-wrap break-words [.text-message+&amp;]:mt-5 juice:w-full juice:items-end overflow-x-auto gap-2\" dir=\"auto\" data-message-author-role=\"assistant\" data-message-id=\"fe544462-bee2-4575-911b-b8e23054d612\">\n<div class=\"flex w-full flex-col gap-1 juice:empty:hidden juice:first:pt-[3px]\">\n<div class=\"markdown prose w-full break-words dark:prose-invert dark\">\n<h2>Compact et efficace<\/h2>\n<p>Le Mini-Bak est parfait pour garder \u00e0 port\u00e9e de main vos cl\u00e9s essentielles ou vos petits outils utilis\u00e9s fr\u00e9quemment. Son m\u00e9canisme r\u00e9tractable robuste et fluide vous permet d&rsquo;acc\u00e9der rapidement \u00e0 vos affaires sans jamais craindre de les perdre.<\/p>\n<h2>Design discret et polyvalent<\/h2>\n<p>Avec son profil compact et son design \u00e9l\u00e9gant, le Mini-Bak se fait discret tout en restant extr\u00eamement pratique. Il est id\u00e9al pour un usage quotidien, que vous soyez au travail, en voyage ou en activit\u00e9s ext\u00e9rieures.<\/p>\n<h2>Choix de couleurs vibrantes<\/h2>\n<p>Le Mini-Bak est disponible en 5 couleurs attrayantes, vous permettant de choisir celle qui correspond le mieux \u00e0 votre style ou \u00e0 vos pr\u00e9f\u00e9rences. Que vous pr\u00e9f\u00e9riez quelque chose de classique ou de vibrant, il y a un Mini-Bak pour chacun.<\/p>\n<p>Optez pour le KeyBak Mini-Bak pour une solution de port de cl\u00e9s simple, \u00e9l\u00e9gante et efficace. Choisissez votre couleur aujourd&rsquo;hui et simplifiez la gestion de vos cl\u00e9s avec style et s\u00e9curit\u00e9.<\/p>\n<p><strong>Choisissez la couleur de votre MINI-BAK<\/strong><\/p>\n<\/div>\n<\/div>\n<\/div>\n<\/div>\n","protected":false},"excerpt":{"rendered":"<h3>Mini-Bak: il \"fratellino\" del Key-Bak<\/h3>\n<p>Il pi\u00f9 piccolo portachiavi avvolgibile Key-Bak, che offre sempre la stessa qualit\u00e0 eccezionale.<\/p>\n<h3>Caratteristiche<\/h3>\n<ul>\n<li class=\"translation-block\">Cavo in Kevlar<sup>\u00a9<\/sup> ultra resistente di 90 cm<\/li>\n<li>Forza di retrazione di 170 grammi (ideale per almeno 3 chiavi)<\/li>\n<li>Clip rotante a 360\u00b0<\/li>\n<li>Molla in acciaio inox racchiusa in un corpo in policarbonato di 2,5 cm<\/li>\n<li>Anello spezzato in acciaio temperato di 2 cm<\/li>\n<li>Diametro: 4 cm, Spessore: 1,4 cm<\/li>\n<li>Disponibile nei colori nero, blu, rosso, verde e bianco<\/li>\n<\/ul>","protected":false},"featured_media":4943,"template":"","meta":[],"product_brand":[],"product_cat":[27,69],"product_tag":[],"class_list":{"0":"post-4177","1":"product","2":"type-product","3":"status-publish","4":"has-post-thumbnail","6":"product_cat-key-bak-enrouleurs","7":"product_cat-usage-quotidien","9":"first","10":"instock","11":"taxable","12":"shipping-taxable","13":"purchasable","14":"product-type-variable"},"_links":{"self":[{"href":"https:\/\/key-bak.fr\/it\/wp-json\/wp\/v2\/product\/4177","targetHints":{"allow":["GET"]}}],"collection":[{"href":"https:\/\/key-bak.fr\/it\/wp-json\/wp\/v2\/product"}],"about":[{"href":"https:\/\/key-bak.fr\/it\/wp-json\/wp\/v2\/types\/product"}],"version-history":[{"count":0,"href":"https:\/\/key-bak.fr\/it\/wp-json\/wp\/v2\/product\/4177\/revisions"}],"wp:featuredmedia":[{"embeddable":true,"href":"https:\/\/key-bak.fr\/it\/wp-json\/wp\/v2\/media\/4943"}],"wp:attachment":[{"href":"https:\/\/key-bak.fr\/it\/wp-json\/wp\/v2\/media?parent=4177"}],"wp:term":[{"taxonomy":"product_brand","embeddable":true,"href":"https:\/\/key-bak.fr\/it\/wp-json\/wp\/v2\/product_brand?post=4177"},{"taxonomy":"product_cat","embeddable":true,"href":"https:\/\/key-bak.fr\/it\/wp-json\/wp\/v2\/product_cat?post=4177"},{"taxonomy":"product_tag","embeddable":true,"href":"https:\/\/key-bak.fr\/it\/wp-json\/wp\/v2\/product_tag?post=4177"}],"curies":[{"name":"wp","href":"https:\/\/api.w.org\/{rel}","templated":true}]}}