{"id":4176,"date":"2022-03-24T20:26:15","date_gmt":"2022-03-24T20:26:15","guid":{"rendered":"https:\/\/www.keybak.amicalementgeorge.com\/?post_type=product&#038;p=4176"},"modified":"2024-07-22T21:00:12","modified_gmt":"2024-07-22T21:00:12","slug":"lavoro-chiave-del-forno-2","status":"publish","type":"product","link":"https:\/\/key-bak.fr\/it\/produit\/key-bak-work-2\/","title":{"rendered":"Key-Bak WORK 2"},"content":{"rendered":"<p>Avvolgitore retrattile \u00abKeyBak\u00ab\u00a0<strong>LAVORO<\/strong> \u00bb\u00e8 diventato lo strumento indispensabile per fissare piccoli oggetti (chiavi, istruzioni, liste di controllo, ecc.) grazie alla clip in plastica collegata a un cavo d'acciaio di 60 cm.<\/p>\n<h2>Progettazione robusta e durevole<\/h2>\n<p>Fabbricato negli Stati Uniti, l'avvolgitore industriale retrattile Key-Bak \u00e8 progettato per durare tutta la vita. Dotato di una molla in acciaio inossidabile della migliore qualit\u00e0, questo avvolgitore \u00e8 riconosciuto come il pi\u00f9 affidabile al mondo.<\/p>\n<h2>Alloggiamento attraente e resistente<\/h2>\n<p>L'alloggiamento in acciaio cromato testurizzato, con un diametro di 5 cm, \u00e8 saldato su una staffa metallica di 7 cm che pu\u00f2 essere fissata a macchinari o pareti. Garantisce solidit\u00e0 ed estetica. Il design elegante, paragonabile a un orologio da tasca, rimane impeccabile anno dopo anno.<\/p>\n<h2>Capacit\u00e0 e forza di retrazione<\/h2>\n<p>Con una forza di retrazione di 225 grammi, questo avvolgitore pu\u00f2 supportare piccoli utensili o l'equivalente in peso di 15 chiavi grandi. La catena in acciaio inossidabile di 60 centimetri garantisce che tutto ci\u00f2 che vi \u00e8 attaccato rimanga sicuro e facilmente accessibile.<\/p>\n<h2>Accessori inclusi e montaggio facile<\/h2>\n<p>L\u2019avvolgitore \u00e8 dotato di una pinza in plastica fissata a un grande terminale rotante, offrendo maggiore durabilit\u00e0 e versatilit\u00e0. Un supporto in acciaio cromato consente un facile montaggio su qualsiasi superficie utilizzando due fissaggi.<\/p>\n<h2>Eccezionale versatilit\u00e0<\/h2>\n<p>Ideale per professionisti dei servizi, della sicurezza, dei casin\u00f2 e molto altro, il KeyBak Work 2 \u00e8 perfetto per mettere in sicurezza chiavi, piccoli utensili, torce e altri accessori essenziali.<\/p>\n<h2>Garanzia e affidabilit\u00e0<\/h2>\n<p>Ogni avvolgitore KEY-BAK \u00e8 coperto da una garanzia limitata di un anno e da una politica di assistenza a vita, a dimostrazione del nostro impegno verso la qualit\u00e0 e la soddisfazione del cliente. Dal 1948, KEY-BAK continua a fornire soluzioni affidabili e pratiche per chiunque necessiti di un accesso sicuro e comodo ai propri strumenti e chiavi.<\/p>","protected":false},"excerpt":{"rendered":"<h3>Per un uso industriale<\/h3>\n<p>Il KeyBak WORK 2 \u00e8 lo strumento indispensabile per un uso industriale grazie al suo cavo in acciaio inossidabile.<\/p>\n<h3>Caratteristiche<\/h3>\n<ul>\n<li>Forza di retrazione di 225 grammi<\/li>\n<li>Catena ultra resistente in acciaio inox da 60 cm<\/li>\n<li>Supporto in metallo da 7 cm<\/li>\n<li>Molla in acciaio inossidabile racchiusa in una custodia in acciaio inossidabile da 5 cm<\/li>\n<li>Anello in acciaio temperato resistente alla corrosione da 2,5 cm<\/li>\n<li>Testato per resistere a 1 milione di trazioni<\/li>\n<li>Prodotto negli USA<\/li>\n<\/ul>","protected":false},"featured_media":7281,"template":"","meta":[],"product_brand":[],"product_cat":[68,28],"product_tag":[],"class_list":{"0":"post-4176","1":"product","2":"type-product","3":"status-publish","4":"has-post-thumbnail","6":"product_cat-industrie","7":"product_cat-key-bak-speciaux","9":"first","10":"instock","11":"taxable","12":"shipping-taxable","13":"purchasable","14":"product-type-simple"},"_links":{"self":[{"href":"https:\/\/key-bak.fr\/it\/wp-json\/wp\/v2\/product\/4176","targetHints":{"allow":["GET"]}}],"collection":[{"href":"https:\/\/key-bak.fr\/it\/wp-json\/wp\/v2\/product"}],"about":[{"href":"https:\/\/key-bak.fr\/it\/wp-json\/wp\/v2\/types\/product"}],"version-history":[{"count":0,"href":"https:\/\/key-bak.fr\/it\/wp-json\/wp\/v2\/product\/4176\/revisions"}],"wp:featuredmedia":[{"embeddable":true,"href":"https:\/\/key-bak.fr\/it\/wp-json\/wp\/v2\/media\/7281"}],"wp:attachment":[{"href":"https:\/\/key-bak.fr\/it\/wp-json\/wp\/v2\/media?parent=4176"}],"wp:term":[{"taxonomy":"product_brand","embeddable":true,"href":"https:\/\/key-bak.fr\/it\/wp-json\/wp\/v2\/product_brand?post=4176"},{"taxonomy":"product_cat","embeddable":true,"href":"https:\/\/key-bak.fr\/it\/wp-json\/wp\/v2\/product_cat?post=4176"},{"taxonomy":"product_tag","embeddable":true,"href":"https:\/\/key-bak.fr\/it\/wp-json\/wp\/v2\/product_tag?post=4176"}],"curies":[{"name":"wp","href":"https:\/\/api.w.org\/{rel}","templated":true}]}}