{"id":4163,"date":"2022-03-24T20:26:14","date_gmt":"2022-03-24T20:26:14","guid":{"rendered":"https:\/\/www.keybak.amicalementgeorge.com\/?post_type=product&#038;p=4163"},"modified":"2026-02-21T15:50:15","modified_gmt":"2026-02-21T15:50:15","slug":"portachiavi","status":"publish","type":"product","link":"https:\/\/key-bak.fr\/it\/produit\/keychain\/","title":{"rendered":"Keychain Multitool"},"content":{"rendered":"<p>KeyBak Keychain Multitool: L'utensile polivalente per tutti i giorni<\/p>\n<h2>Design intelligente e robusto<\/h2>\n<p>Scopri il KeyBak Keychain Multitool, progettato per essere il tuo compagno quotidiano essenziale. Realizzato con precisione per durabilit\u00e0 e funzionalit\u00e0, questo utensile multifunzione si adatta perfettamente alle tue esigenze quotidiane, che tu sia in citt\u00e0 o in escursione.<\/p>\n<h2>Multifunzionale e pratico<\/h2>\n<p>Con il KeyBak Keychain Multitool, hai a disposizione una variet\u00e0 di utensili in un unico dispositivo compatto. Dotato di un moschettone per un facile fissaggio, un apribottiglie per i tuoi momenti di relax e diversi altri strumenti essenziali, \u00e8 ideale per una moltitudine di situazioni pratiche.<\/p>\n<h2>Materiali di alta qualit\u00e0<\/h2>\n<p>Costruito per resistere all'usura quotidiana, il KeyBak Keychain Multitool \u00e8 realizzato con materiali di prima qualit\u00e0. La sua struttura robusta garantisce una longevit\u00e0 eccezionale e una resistenza agli agenti atmosferici, il che lo rende una scelta affidabile per tutti gli utenti attivi.<\/p>\n<h2>Compatto e facile da trasportare<\/h2>\n<p>Il suo design compatto ne consente un facile trasporto in tasca, agganciato a una borsa o a una cintura, offrendo cos\u00ec un accesso rapido e facile a tutti gli strumenti di cui potresti aver bisogno in movimento.<\/p>\n<h2>Un indispensabile per la vita di tutti i giorni<\/h2>\n<p>Che tu abbia bisogno di fare una piccola riparazione rapida, aprire una bottiglia o semplicemente fissare qualcosa in emergenza, il KeyBak Keychain Multitool \u00e8 l\u00ec per aiutarti. \u00c8 lo strumento perfetto per tutti coloro che cercano di ridurre al minimo l'ingombro massimizzando al contempo la loro preparazione.<\/p>\n<h2>Durata e affidabilit\u00e0 garantite<\/h2>\n<p>Investi in uno strumento che durer\u00e0 per anni. Il KeyBak Keychain Multitool non \u00e8 solo un acquisto intelligente, ma anche una garanzia di soddisfazione grazie alla sua costruzione affidabile e alla sua utilit\u00e0 quotidiana. Portalo con te ovunque, non ti deluder\u00e0.<\/p>","protected":false},"excerpt":{"rendered":"<h3>Il coltello svizzero rivisitato da KeyBak<\/h3>\n<p>Il Keychain Multitool di KeyBak racchiude 7 utensili in un portachiavi di 7 cm.<\/p>\n<h3>Caratteristiche<\/h3>\n<p>In questi 7 centimetri di acciaio inossidabile hai a disposizione:<\/p>\n<ul>\n<li>Un apribottiglia<\/li>\n<li>Chiavi inglesi da 6, 15 e 18 mm<\/li>\n<li>Un cacciavite piatto<\/li>\n<li>Una chiave per raggi<\/li>\n<li>Un righello in pollici e centimetri<\/li>\n<\/ul>","protected":false},"featured_media":4652,"template":"","meta":[],"product_brand":[],"product_cat":[52,68,69],"product_tag":[],"class_list":{"0":"post-4163","1":"product","2":"type-product","3":"status-publish","4":"has-post-thumbnail","6":"product_cat-accessoires","7":"product_cat-industrie","8":"product_cat-usage-quotidien","10":"first","11":"instock","12":"taxable","13":"shipping-taxable","14":"purchasable","15":"product-type-simple"},"_links":{"self":[{"href":"https:\/\/key-bak.fr\/it\/wp-json\/wp\/v2\/product\/4163","targetHints":{"allow":["GET"]}}],"collection":[{"href":"https:\/\/key-bak.fr\/it\/wp-json\/wp\/v2\/product"}],"about":[{"href":"https:\/\/key-bak.fr\/it\/wp-json\/wp\/v2\/types\/product"}],"version-history":[{"count":0,"href":"https:\/\/key-bak.fr\/it\/wp-json\/wp\/v2\/product\/4163\/revisions"}],"wp:featuredmedia":[{"embeddable":true,"href":"https:\/\/key-bak.fr\/it\/wp-json\/wp\/v2\/media\/4652"}],"wp:attachment":[{"href":"https:\/\/key-bak.fr\/it\/wp-json\/wp\/v2\/media?parent=4163"}],"wp:term":[{"taxonomy":"product_brand","embeddable":true,"href":"https:\/\/key-bak.fr\/it\/wp-json\/wp\/v2\/product_brand?post=4163"},{"taxonomy":"product_cat","embeddable":true,"href":"https:\/\/key-bak.fr\/it\/wp-json\/wp\/v2\/product_cat?post=4163"},{"taxonomy":"product_tag","embeddable":true,"href":"https:\/\/key-bak.fr\/it\/wp-json\/wp\/v2\/product_tag?post=4163"}],"curies":[{"name":"wp","href":"https:\/\/api.w.org\/{rel}","templated":true}]}}