{"id":4162,"date":"2022-03-24T20:26:14","date_gmt":"2022-03-24T20:26:14","guid":{"rendered":"https:\/\/www.keybak.amicalementgeorge.com\/?post_type=product&#038;p=4162"},"modified":"2026-01-26T22:25:19","modified_gmt":"2026-01-26T22:25:19","slug":"bak-chiave-assicurare-una-chiave","status":"publish","type":"product","link":"https:\/\/key-bak.fr\/it\/produit\/key-bak-assure-a-key\/","title":{"rendered":"Chiave-bak ASSICURA UNA CHIAVE"},"content":{"rendered":"<p>Uno strumento ergonomico e multifunzionale per un uso quotidiano sicuro\n\nProgettato per interagire con le superfici pi\u00f9 comuni senza contatto diretto, riduce l\u2019esposizione a germi presenti su maniglie, pulsanti di ascensori e tastiere pubbliche.<\/p>\n<h2>Design versatile e pratico<\/h2>\n<p>Il gancio e l\u2019appoggio per il pollice hanno bordi arrotondati per un utilizzo comodo che facilita la spinta, la trazione e la rotazione di maniglie e cassetti. E come bonus, \u00e8 anche un pratico apribottiglie. Grazie alla sua costruzione robusta ma leggera, alle numerose funzionalit\u00e0 e alla semplicit\u00e0 d\u2019uso, \u00e8 lo strumento ideale per ogni giorno.<\/p>\n<h2>Materiali di alta qualit\u00e0:<\/h2>\n<p>Realizzato in una lega di zinco resistente e rifinito con una placcatura in nichel spazzolato, questo strumento \u00e8 progettato per durare nel tempo e per ridurre la presenza di microbi sulla sua superficie, offrendo una protezione aggiuntiva.<\/p>\n<h2>Versatilit\u00e0 e facilit\u00e0 d\u2019uso:<\/h2>\n<p>Dotato di una punta in gomma antiriflesso, consente di digitare codici su terminali di carte di credito, utilizzare touchscreen come quelli di distributori automatici o pompe di benzina, e premere tasti su tastiere senza contatto diretto.<\/p>\n<h2>Perfetto per l\u2019uso quotidiano:<\/h2>\n<p>Che si tratti di viaggi, lavoro o shopping, questo strumento senza contatto \u00e8 l\u2019accessorio ideale per evitare superfici pubbliche e ridurre l\u2019esposizione a germi. Compatto e facile da trasporta<\/p>\n<p>Investi nella tua salute e nel tuo benessere con il nostro strumento di apertura porte e tastiere senza contatto: una soluzione pratica e sicura per affrontare gli spazi pubblici con serenit\u00e0.<\/p>","protected":false},"excerpt":{"rendered":"<h3>L\u2019apribottiglie multifunzione<\/h3>\n<p>Il nostro prodotto sviluppato durante la pandemia di Covid-19.<\/p>\n<h3>Caratteristiche<\/h3>\n<ul>\n<li>Ganci diritti: Progettati per ridurre lo scivolamento su maniglie, barre di spinta e maniglie di trazione.<\/li>\n<li>Uso a due dita: Garantisce una presa migliore e richiede meno sforzo rispetto ai modelli a dito singolo.<\/li>\n<li>Bordi arrotondati: Assicurano un utilizzo confortevole senza causare dolori.<\/li>\n<li>Appoggio per il pollice: Migliora il controllo e il comfort durante l\u2019uso.<\/li>\n<li>Apribottiglie integrato: Sempre pronto per aprire una bevanda rinfrescante in qualsiasi momento.<\/li>\n<li>Fissaggio versatile: Si pu\u00f2 agganciare a un portachiavi retrattile KEY-BAK o utilizzare come portachiavi.<\/li>\n<li>Leggerezza e resistenza: L\u2019apriporta KEY-BAK \u00e8 il 35% pi\u00f9 leggero della maggior parte degli altri modelli, pur essendo in grado di sostenere fino a 90 kg.<\/li>\n<\/ul>\n<p><iframe title=\"Lettore video di YouTube\" src=\"https:\/\/www.youtube.com\/embed\/IoktscQkIUk?si=yFZZaUDJEtEEgWBQ\" width=\"560\" height=\"315\" frameborder=\"0\" allowfullscreen=\"allowfullscreen\"><\/iframe><\/p>","protected":false},"featured_media":4599,"template":"","meta":[],"product_brand":[],"product_cat":[52,68,65,69],"product_tag":[],"class_list":{"0":"post-4162","1":"product","2":"type-product","3":"status-publish","4":"has-post-thumbnail","6":"product_cat-accessoires","7":"product_cat-industrie","8":"product_cat-sante","9":"product_cat-usage-quotidien","11":"first","12":"instock","13":"taxable","14":"shipping-taxable","15":"purchasable","16":"product-type-simple"},"_links":{"self":[{"href":"https:\/\/key-bak.fr\/it\/wp-json\/wp\/v2\/product\/4162","targetHints":{"allow":["GET"]}}],"collection":[{"href":"https:\/\/key-bak.fr\/it\/wp-json\/wp\/v2\/product"}],"about":[{"href":"https:\/\/key-bak.fr\/it\/wp-json\/wp\/v2\/types\/product"}],"version-history":[{"count":0,"href":"https:\/\/key-bak.fr\/it\/wp-json\/wp\/v2\/product\/4162\/revisions"}],"wp:featuredmedia":[{"embeddable":true,"href":"https:\/\/key-bak.fr\/it\/wp-json\/wp\/v2\/media\/4599"}],"wp:attachment":[{"href":"https:\/\/key-bak.fr\/it\/wp-json\/wp\/v2\/media?parent=4162"}],"wp:term":[{"taxonomy":"product_brand","embeddable":true,"href":"https:\/\/key-bak.fr\/it\/wp-json\/wp\/v2\/product_brand?post=4162"},{"taxonomy":"product_cat","embeddable":true,"href":"https:\/\/key-bak.fr\/it\/wp-json\/wp\/v2\/product_cat?post=4162"},{"taxonomy":"product_tag","embeddable":true,"href":"https:\/\/key-bak.fr\/it\/wp-json\/wp\/v2\/product_tag?post=4162"}],"curies":[{"name":"wp","href":"https:\/\/api.w.org\/{rel}","templated":true}]}}