{"id":8112,"date":"2024-11-12T12:56:32","date_gmt":"2024-11-12T12:56:32","guid":{"rendered":"https:\/\/key-bak.fr\/?post_type=product&#038;p=8112"},"modified":"2025-03-13T11:26:25","modified_gmt":"2025-03-13T11:26:25","slug":"toolmate-1lb","status":"publish","type":"product","link":"https:\/\/key-bak.fr\/gr\/produit\/toolmate-1lb\/","title":{"rendered":"Toolmate 1 lb"},"content":{"rendered":"<p>\u03a3\u03c7\u03b5\u03b4\u03b9\u03b1\u03c3\u03bc\u03ad\u03bd\u03bf \u03b3\u03b9\u03b1 \u03bd\u03b1 \u03b1\u03c0\u03bf\u03c4\u03c1\u03ad\u03c0\u03b5\u03b9 \u03c4\u03b7\u03bd \u03c0\u03c4\u03ce\u03c3\u03b7 \u03b1\u03bd\u03c4\u03b9\u03ba\u03b5\u03b9\u03bc\u03ad\u03bd\u03c9\u03bd, \u03c3\u03c4\u03b5\u03c1\u03b5\u03ce\u03c3\u03c4\u03b5 \u03bc\u03b5 \u03b1\u03c5\u03c4\u03bf\u03c0\u03b5\u03c0\u03bf\u03af\u03b8\u03b7\u03c3\u03b7 \u03c4\u03b1 \u03b5\u03c1\u03b3\u03b1\u03bb\u03b5\u03af\u03b1 \u03c3\u03b1\u03c2 \u03c0\u03bf\u03c5 \u03b6\u03c5\u03b3\u03af\u03b6\u03bf\u03c5\u03bd \u03ad\u03c9\u03c2 450 \u03b3\u03c1\u03b1\u03bc\u03bc\u03ac\u03c1\u03b9\u03b1 \u03c3\u03c4\u03bf\u03bd \u03b5\u03b1\u03c5\u03c4\u03cc \u03c3\u03b1\u03c2, \u03c3\u03c4\u03b7\u03bd \u03b9\u03bc\u03ac\u03bd\u03c4\u03b1 \u03c3\u03b1\u03c2, \u03c3\u03c4\u03b7 \u03c3\u03ba\u03ac\u03bb\u03b1, \u03c3\u03c4\u03bf\u03bd \u03b1\u03bd\u03b5\u03bb\u03ba\u03c5\u03c3\u03c4\u03ae\u03c1\u03b1 \u03ae \u03c3\u03c4\u03b7\u03bd \u03ba\u03b1\u03c4\u03b1\u03c3\u03ba\u03b5\u03c5\u03ae \u03b3\u03b9\u03b1 \u03bd\u03b1 \u03b1\u03c0\u03bf\u03c4\u03c1\u03ad\u03c8\u03b5\u03c4\u03b5 \u03c4\u03b7\u03bd \u03c4\u03c5\u03c7\u03b1\u03af\u03b1 \u03c0\u03c4\u03ce\u03c3\u03b7 \u03b5\u03bd\u03cc\u03c2 \u03b5\u03c1\u03b3\u03b1\u03bb\u03b5\u03af\u03bf\u03c5 \u03ba\u03b1\u03b9 \u03c4\u03bf\u03bd \u03c4\u03c1\u03b1\u03c5\u03bc\u03b1\u03c4\u03b9\u03c3\u03bc\u03cc \u03b5\u03bd\u03cc\u03c2 \u03c3\u03c5\u03bd\u03b1\u03b4\u03ad\u03bb\u03c6\u03bf\u03c5.<\/p>\n<h3>\u0395\u03bb\u03ac\u03c7\u03b9\u03c3\u03c4\u03b5\u03c2 \u03b5\u03c0\u03b9\u03c0\u03c4\u03ce\u03c3\u03b5\u03b9\u03c2 \u03c3\u03c4\u03b7\u03bd \u03b5\u03c1\u03b3\u03b1\u03c3\u03af\u03b1<\/h3>\n<p>\u039c\u03b5 \u03b4\u03cd\u03bd\u03b1\u03bc\u03b7 \u03b1\u03bd\u03ac\u03c3\u03c5\u03c1\u03c3\u03b7\u03c2 \u03bc\u03cc\u03bb\u03b9\u03c2 12 oz, \u03bf\u03b9 \u03b1\u03bd\u03b1\u03b4\u03b9\u03c0\u03bb\u03bf\u03cd\u03bc\u03b5\u03bd\u03bf\u03b9 \u03ba\u03bf\u03c1\u03b4\u03cc\u03bd\u03b9\u03b1 ToolMate \u03b1\u03bd\u03b1\u03b4\u03b9\u03c0\u03bb\u03ce\u03bd\u03bf\u03c5\u03bd \u03bc\u03cc\u03bd\u03bf \u03c4\u03bf \u03ba\u03bf\u03c1\u03b4\u03cc\u03bd\u03b9, \u03cc\u03c7\u03b9 \u03c4\u03bf \u03b5\u03c1\u03b3\u03b1\u03bb\u03b5\u03af\u03bf, \u03c0\u03b1\u03c1\u03ad\u03c7\u03bf\u03bd\u03c4\u03b1\u03c2 \u03b1\u03c1\u03ba\u03b5\u03c4\u03ae \u03b4\u03cd\u03bd\u03b1\u03bc\u03b7 \u03b3\u03b9\u03b1 \u03bd\u03b1 \u03c4\u03c5\u03bb\u03af\u03be\u03b5\u03c4\u03b5 \u03c4\u03bf \u03ba\u03bf\u03c1\u03b4\u03cc\u03bd\u03b9 \u03c7\u03c9\u03c1\u03af\u03c2 \u03bd\u03b1 \u03c4\u03c1\u03b1\u03b2\u03ae\u03be\u03b5\u03c4\u03b5 \u03c4\u03bf \u03b5\u03c1\u03b3\u03b1\u03bb\u03b5\u03af\u03bf \u03ba\u03b1\u03c4\u03ac \u03c4\u03b7 \u03b4\u03b9\u03ac\u03c1\u03ba\u03b5\u03b9\u03b1 \u03c4\u03b7\u03c2 \u03c7\u03c1\u03ae\u03c3\u03b7\u03c2.<\/p>\n<h3>\u03a3\u03c7\u03b5\u03b4\u03b9\u03b1\u03c3\u03bc\u03cc\u03c2 \u03ba\u03b1\u03c4\u03ac \u03c4\u03bf\u03c5 \u03b3\u03b4\u03b1\u03c1\u03c3\u03af\u03bc\u03b1\u03c4\u03bf\u03c2<\/h3>\n<p>\u039f \u03b1\u03c5\u03c4\u03bf\u03b1\u03bd\u03b1\u03b4\u03b9\u03c0\u03bb\u03bf\u03cd\u03bc\u03b5\u03bd\u03bf\u03c2 \u03ba\u03bf\u03c1\u03b4\u03cc\u03bd\u03b9 \u03b4\u03b9\u03b1\u03c4\u03b7\u03c1\u03b5\u03af \u03c4\u03bf \u03ba\u03b1\u03bb\u03ce\u03b4\u03b9\u03bf \u03b1\u03c0\u03cc \u03b1\u03bd\u03bf\u03be\u03b5\u03af\u03b4\u03c9\u03c4\u03bf \u03c7\u03ac\u03bb\u03c5\u03b2\u03b1 \u03bc\u03ae\u03ba\u03bf\u03c5\u03c2 1 \u03bc\u03ad\u03c4\u03c1\u03bf\u03c5 \u03cc\u03c3\u03bf \u03c4\u03bf \u03b4\u03c5\u03bd\u03b1\u03c4\u03cc\u03bd \u03c3\u03c5\u03bd\u03c4\u03bf\u03bc\u03cc\u03c4\u03b5\u03c1\u03bf, \u03b1\u03c0\u03bf\u03c4\u03c1\u03ad\u03c0\u03bf\u03bd\u03c4\u03b1\u03c2 \u03c4\u03bf \u03bc\u03c0\u03ad\u03c1\u03b4\u03b5\u03bc\u03b1 \u03ba\u03b1\u03b9 \u03c4\u03bf \u03ba\u03cc\u03bb\u03bb\u03b7\u03bc\u03b1 \u03c3\u03c4\u03bf \u03c7\u03ce\u03c1\u03bf \u03b5\u03c1\u03b3\u03b1\u03c3\u03af\u03b1\u03c2, \u03bb\u03cd\u03bd\u03bf\u03bd\u03c4\u03b1\u03c2 \u03c4\u03bf \u03c0\u03c1\u03cc\u03b2\u03bb\u03b7\u03bc\u03b1 \u03c0\u03bf\u03c5 \u03b1\u03bd\u03c4\u03b9\u03bc\u03b5\u03c4\u03c9\u03c0\u03af\u03b6\u03bf\u03c5\u03bd \u03bf\u03b9 \u03bc\u03b7 \u03b1\u03bd\u03b1\u03b4\u03b9\u03c0\u03bb\u03bf\u03cd\u03bc\u03b5\u03bd\u03bf\u03b9 \u03ba\u03bf\u03c1\u03b4\u03cc\u03bd\u03b9\u03b1.<\/p>\n<h3>\u03a3\u03c7\u03b5\u03b4\u03b9\u03b1\u03c3\u03bc\u03ad\u03bd\u03bf \u03b3\u03b9\u03b1 \u03bd\u03b1 \u03b4\u03b9\u03b1\u03c1\u03ba\u03ad\u03c3\u03b5\u03b9<\/h3>\n<p>\u03a3\u03ce\u03bc\u03b1 \u03ba\u03b1\u03c4\u03b1\u03c3\u03ba\u03b5\u03c5\u03b1\u03c3\u03bc\u03ad\u03bd\u03bf \u03b1\u03c0\u03cc \u03b1\u03bd\u03b8\u03b5\u03ba\u03c4\u03b9\u03ba\u03cc \u03c3\u03b5 \u03ba\u03c1\u03bf\u03cd\u03c3\u03b7 \u03c0\u03bf\u03bb\u03c5\u03ba\u03b1\u03c1\u03b2\u03bf\u03bd\u03b9\u03ba\u03cc \u03bc\u03b5 \u03b5\u03bb\u03b1\u03c4\u03ae\u03c1\u03b9\u03bf \u03b1\u03c0\u03cc \u03b1\u03bd\u03bf\u03be\u03b5\u03af\u03b4\u03c9\u03c4\u03bf \u03c7\u03ac\u03bb\u03c5\u03b2\u03b1, \u03c3\u03c7\u03b5\u03b4\u03b9\u03b1\u03c3\u03bc\u03ad\u03bd\u03bf \u03bd\u03b1 \u03b1\u03bd\u03c4\u03ad\u03c7\u03b5\u03b9 \u03c3\u03b5 \u03c3\u03c7\u03b5\u03b4\u03cc\u03bd \u03bf\u03c0\u03bf\u03b9\u03bf\u03b4\u03ae\u03c0\u03bf\u03c4\u03b5 \u03c0\u03b5\u03c1\u03b9\u03b2\u03ac\u03bb\u03bb\u03bf\u03bd \u03b5\u03c1\u03b3\u03b1\u03c3\u03af\u03b1\u03c2.<\/p>\n<h3>\u039a\u03b1\u03c1\u03b1\u03bc\u03c0\u03af\u03bd\u03b5\u03c1 \u03ac\u03b3\u03ba\u03c5\u03c1\u03b1\u03c2<\/h3>\n<p>\u0391\u03bb\u03bf\u03c5\u03bc\u03b9\u03bd\u03ad\u03bd\u03b9\u03bf\u03c2 \u03c0\u03b5\u03c1\u03b9\u03c3\u03c4\u03c1\u03b5\u03c6\u03cc\u03bc\u03b5\u03bd\u03bf\u03c2 \u03ba\u03b1\u03c1\u03b1\u03bc\u03c0\u03af\u03bd\u03b5\u03c1 \u03bc\u03b5 \u03b1\u03c5\u03c4\u03cc\u03bc\u03b1\u03c4\u03b7 \u03ba\u03bb\u03b5\u03b9\u03b4\u03b1\u03c1\u03b9\u03ac \u03b3\u03b9\u03b1 \u03c4\u03b7\u03bd \u03b1\u03c0\u03bf\u03c6\u03c5\u03b3\u03ae \u03c4\u03c5\u03c7\u03b1\u03af\u03bf\u03c5 \u03b1\u03bd\u03bf\u03af\u03b3\u03bc\u03b1\u03c4\u03bf\u03c2 \u03ba\u03b1\u03b9 \u03b1\u03c6\u03b1\u03af\u03c1\u03b5\u03c3\u03b7\u03c2.<\/p>\n<h3>\u0395\u03bb\u03ad\u03b3\u03c7\u03b8\u03b7\u03ba\u03b5 \u03b1\u03c0\u03cc \u03b1\u03bd\u03b5\u03be\u03ac\u03c1\u03c4\u03b7\u03c4\u03bf \u03c4\u03c1\u03af\u03c4\u03bf \u03bc\u03ad\u03c1\u03bf\u03c2<\/h3>\n<p>\u039f\u03b9 \u03b4\u03bf\u03ba\u03b9\u03bc\u03ad\u03c2 \u03c4\u03c1\u03af\u03c4\u03c9\u03bd \u03b5\u03b3\u03b3\u03c5\u03ce\u03bd\u03c4\u03b1\u03b9 \u03cc\u03c4\u03b9 \u03c4\u03bf ToolMate \u03c3\u03b1\u03c2 \u03ad\u03c7\u03b5\u03b9 \u03c3\u03c7\u03b5\u03b4\u03b9\u03b1\u03c3\u03c4\u03b5\u03af, \u03b4\u03bf\u03ba\u03b9\u03bc\u03b1\u03c3\u03c4\u03b5\u03af \u03ba\u03b1\u03b9 \u03b1\u03c0\u03bf\u03b4\u03b5\u03b9\u03c7\u03b8\u03b5\u03af \u03bc\u03b5 \u03c3\u03c5\u03bd\u03c4\u03b5\u03bb\u03b5\u03c3\u03c4\u03ae \u03b1\u03c3\u03c6\u03b1\u03bb\u03b5\u03af\u03b1\u03c2 2:1.<\/p>","protected":false},"excerpt":{"rendered":"<div class=\"mb-md\">\n<div class=\"relative default font-sans text-base text-textMain dark:text-textMainDark selection:bg-super\/50 selection:text-textMain dark:selection:bg-superDuper\/10 dark:selection:text-superDark\">\n<div class=\"min-w-0 break-words [word-break:break-word]\">\n<div dir=\"auto\">\n<div class=\"prose dark:prose-invert inline leading-normal break-words min-w-0 [word-break:break-word]\">\n<h3>Porte-Outil TOOLMATE 0,45 kilo de 100 cm avec Mousqueton<\/h3>\n<p>Pr\u00e9venez les accidents caus\u00e9s par la chute d&rsquo;outils avec la longe \u00e0 outils r\u00e9tractable ToolMate. Con\u00e7ue pour la pr\u00e9vention des chutes d&rsquo;objets, attachez en toute confiance des outils jusqu&rsquo;\u00e0 450g \u00a0\u00e0 vous-m\u00eame, votre harnais, une \u00e9chelle, une nacelle ou une structure afin qu&rsquo;une chute accidentelle d&rsquo;outil ne blesse pas un ami, un coll\u00e8gue ou un membre de l&rsquo;\u00e9quipe.<\/p>\n<p><strong>LE TOOLMATE N&rsquo;EST PAS UN PORTE CL\u00c9 R\u00c9TRACTABLE MAIS UN DISPOSITIF ANTI-CHUTE POUR OUTIL<\/strong><\/p>\n<h3>Sp\u00e9cifications<\/h3>\n<ul>\n<li>Poids maximal de l&rsquo;outil : 1 lb (0,45 kg)<\/li>\n<li>Force de r\u00e9traction : 340 grammes (Ne r\u00e9tracte pas 450 grammes)<\/li>\n<li>Longueur du cable : 86 cm<\/li>\n<li>Port\u00e9e totale d&rsquo;utilisation : 116 cm<\/li>\n<li>Mat\u00e9riau du c\u00e2ble : Acier inoxydable avec gaine polym\u00e8re<\/li>\n<li>Fixation de l&rsquo;outil : Mousqueton pivotant en aluminium avec fermeture automatique<\/li>\n<li>Fixation d&rsquo;ancrage : Mousqueton pivotant en aluminium avec fermeture automatique<\/li>\n<li>Sangle : Polyester tiss\u00e9<\/li>\n<li><a href=\"https:\/\/key-bak.fr\/norme-ansi-isea-121-2018\/\">Certifi\u00e9 ANSI\/ISEA 121-2018<\/a><\/li>\n<\/ul>\n<div class=\"product-block\">\n<div class=\"rte\">\n<div class=\"shogun-root\" data-region=\"main\" data-shogun-variant-id=\"5f22dc87cfc0a40052f426e6\" data-shogun-platform-type=\"shopify\" data-shogun-page-version-id=\"5f22dc87cfc0a40052f426e4\" data-shogun-page-id=\"5f22dc87cfc0a40052f426e5\" data-shogun-site-id=\"e86a1cc1-284a-4ce1-993b-40b93c6dd0bd\" data-shogun-id=\"5f22dc87cfc0a40052f426e5\">\n<div id=\"s-f2cc359e-eb95-4e0b-8a84-8467de240fbe\" class=\"shg-c\">\n<h3>S\u00e9curit\u00e9 accrue<\/h3>\n<ul>\n<li class=\"x_ContentPasted4\">\u00c9limination des dangers : Les porte-outils r\u00e9tractables remplacent les cordons \u00e9lastiques et les sangles pendantes qui peuvent s&#8217;emm\u00ealer et se coincer sur des objets<\/li>\n<li class=\"x_ContentPasted4\">Conforme \u00e0 la norme mondiale ANSI 121 2018, ce qui signifie qu&rsquo;il a \u00e9t\u00e9 test\u00e9 et certifi\u00e9 pour r\u00e9pondre aux exigences les plus \u00e9lev\u00e9es en mati\u00e8re de s\u00e9curit\u00e9 et de performance.<\/li>\n<li class=\"x_ContentPasted4\">Double mousqueton \u00e0 verrouillage automatique : Offre des points d&rsquo;ancrage et de fixation d&rsquo;outils faciles \u00e0 utiliser<\/li>\n<\/ul>\n<\/div>\n<\/div>\n<\/div>\n<\/div>\n<\/div>\n<\/div>\n<\/div>\n<\/div>\n<\/div>\n","protected":false},"featured_media":8138,"template":"","meta":[],"product_brand":[],"product_cat":[68,96,27],"product_tag":[],"class_list":{"0":"post-8112","1":"product","2":"type-product","3":"status-publish","4":"has-post-thumbnail","6":"product_cat-industrie","7":"product_cat-infrastructure","8":"product_cat-key-bak-enrouleurs","10":"first","11":"instock","12":"taxable","13":"shipping-taxable","14":"purchasable","15":"product-type-simple"},"_links":{"self":[{"href":"https:\/\/key-bak.fr\/gr\/wp-json\/wp\/v2\/product\/8112","targetHints":{"allow":["GET"]}}],"collection":[{"href":"https:\/\/key-bak.fr\/gr\/wp-json\/wp\/v2\/product"}],"about":[{"href":"https:\/\/key-bak.fr\/gr\/wp-json\/wp\/v2\/types\/product"}],"version-history":[{"count":0,"href":"https:\/\/key-bak.fr\/gr\/wp-json\/wp\/v2\/product\/8112\/revisions"}],"wp:featuredmedia":[{"embeddable":true,"href":"https:\/\/key-bak.fr\/gr\/wp-json\/wp\/v2\/media\/8138"}],"wp:attachment":[{"href":"https:\/\/key-bak.fr\/gr\/wp-json\/wp\/v2\/media?parent=8112"}],"wp:term":[{"taxonomy":"product_brand","embeddable":true,"href":"https:\/\/key-bak.fr\/gr\/wp-json\/wp\/v2\/product_brand?post=8112"},{"taxonomy":"product_cat","embeddable":true,"href":"https:\/\/key-bak.fr\/gr\/wp-json\/wp\/v2\/product_cat?post=8112"},{"taxonomy":"product_tag","embeddable":true,"href":"https:\/\/key-bak.fr\/gr\/wp-json\/wp\/v2\/product_tag?post=8112"}],"curies":[{"name":"wp","href":"https:\/\/api.w.org\/{rel}","templated":true}]}}