{"id":7082,"date":"2022-10-16T15:57:30","date_gmt":"2022-10-16T15:57:30","guid":{"rendered":"https:\/\/key-bak.fr\/?post_type=product&#038;p=7082"},"modified":"2026-04-13T10:32:06","modified_gmt":"2026-04-13T10:32:06","slug":"snapback","status":"publish","type":"product","link":"https:\/\/key-bak.fr\/gr\/produit\/snapback\/","title":{"rendered":"SNAPBACK"},"content":{"rendered":"<p>Avec sa fixation par mousqueton et anneau, gardez vos essentiels toujours \u00e0 port\u00e9e de main en toute s\u00e9curit\u00e9 gr\u00e2ce au nouveau porte-cl\u00e9s r\u00e9tractable KeyBak<\/p>\n<div class=\"flex flex-grow flex-col max-w-full\">\n<div class=\"min-h-[20px] text-message flex flex-col items-start whitespace-pre-wrap break-words [.text-message+&amp;]:mt-5 juice:w-full juice:items-end overflow-x-auto gap-2\" dir=\"auto\" data-message-author-role=\"assistant\" data-message-id=\"b17b7e6d-273d-4347-8975-3921bbd318f7\">\n<div class=\"flex w-full flex-col gap-1 juice:empty:hidden juice:first:pt-[3px]\">\n<div class=\"markdown prose w-full break-words dark:prose-invert dark\">\n<h2>Accrochage facile et s\u00e9curis\u00e9<\/h2>\n<p>Le KeyBak est con\u00e7u pour s&rsquo;accrocher ais\u00e9ment \u00e0 divers supports : votre sac, ceinture, poussette, portefeuille, ou m\u00eame votre gourde. Sa fixation versatile vous assure que vos cl\u00e9s restent suspendues et \u00e0 port\u00e9e, sans risque de tomber sur le sol du m\u00e9tro ou dans une salle de sport.<\/p>\n<h2>Praticit\u00e9 et confort<\/h2>\n<p>Gr\u00e2ce \u00e0 son m\u00e9canisme r\u00e9tractable sophistiqu\u00e9, vos cl\u00e9s reviennent \u00e0 vous en un seul geste. Finies les fouilles interminables \u2014 un simple tirage suffit pour acc\u00e9der imm\u00e9diatement \u00e0 ce dont vous avez besoin.<\/p>\n<h2>Design \u00e9l\u00e9gant et options de couleurs<\/h2>\n<p>Non seulement pratique, le Key-Bak est \u00e9galement \u00e9l\u00e9gant, disponible en plusieurs coloris pour s&rsquo;adapter \u00e0 votre style : noir classique, bleu transparent vibrant et violet fonc\u00e9 sophistiqu\u00e9.<\/p>\n<p>Le porte-cl\u00e9s r\u00e9tractable Key-Bak est l&rsquo;accessoire indispensable pour toute personne cherchant \u00e0 optimiser son organisation quotidienne tout en ajoutant une touche de style \u00e0 ses accessoires. Adoptez-le d\u00e8s aujourd&rsquo;hui et transformez votre fa\u00e7on de transporter vos cl\u00e9s et autres accessoires essentiels.<\/p>\n<\/div>\n<\/div>\n<\/div>\n<\/div>\n<div class=\"mt-1 flex gap-3 empty:hidden juice:-ml-3\">\n<div class=\"items-center justify-start rounded-xl p-1 flex\">\n<div class=\"flex items-center\">\n<div class=\"flex\"><\/div>\n<div class=\"flex items-center pb-0.5 juice:pb-0\">\n<div class=\"[&amp;_svg]:h-full [&amp;_svg]:w-full icon-md h-4 w-4\"><\/div>\n<\/div>\n<\/div>\n<\/div>\n<\/div>\n","protected":false},"excerpt":{"rendered":"<h3>\u0391\u03c3\u03c6\u03b1\u03bb\u03af\u03c3\u03c4\u03b5 \u03c4\u03b1 \u03ba\u03bb\u03b5\u03b9\u03b4\u03b9\u03ac \u03c3\u03b1\u03c2 \u03bc\u03b5 \u03b1\u03c5\u03c4\u03cc \u03c4\u03bf \u03b4\u03b9\u03b1\u03ba\u03c1\u03b9\u03c4\u03b9\u03ba\u03cc KeyBak<\/h3>\n<p>\u039c\u03b7\u03bd \u03be\u03b1\u03bd\u03b1\u03c7\u03ac\u03c3\u03b5\u03c4\u03b5 \u03c7\u03c1\u03cc\u03bd\u03bf \u03c8\u03ac\u03c7\u03bd\u03bf\u03bd\u03c4\u03b1\u03c2 \u03c3\u03c4\u03b7\u03bd \u03c4\u03c3\u03ac\u03bd\u03c4\u03b1 \u03ae \u03c4\u03b9\u03c2 \u03c4\u03c3\u03ad\u03c0\u03b5\u03c2 \u03c3\u03b1\u03c2 \u03b3\u03b9\u03b1 \u03c4\u03b1 \u03ba\u03bb\u03b5\u03b9\u03b4\u03b9\u03ac \u03ae \u03c4\u03b7\u03bd \u03ba\u03ac\u03c1\u03c4\u03b1 \u03c0\u03c1\u03cc\u03c3\u03b2\u03b1\u03c3\u03b7\u03c2.<\/p>\n<h3>\u03a7\u03b1\u03c1\u03b1\u03ba\u03c4\u03b7\u03c1\u03b9\u03c3\u03c4\u03b9\u03ba\u03ac<\/h3>\n<ul>\n<li>\u03a7\u03c9\u03c1\u03b7\u03c4\u03b9\u03ba\u03cc\u03c4\u03b7\u03c4\u03b1 \u03c3\u03c5\u03c1\u03c1\u03af\u03ba\u03bd\u03c9\u03c3\u03b7\u03c2 \u03ad\u03c9\u03c2 113 g (\u03c0\u03b5\u03c1\u03af\u03c0\u03bf\u03c5 5 \u03c0\u03bb\u03ae\u03ba\u03c4\u03c1\u03b1)<\/li>\n<li>\u039a\u03bf\u03c1\u03b4\u03cc\u03bd\u03b9 \u03b1\u03c0\u03cc \u03b1\u03c1\u03b1\u03bc\u03b9\u03b4\u03b9\u03ba\u03ad\u03c2 \u03af\u03bd\u03b5\u03c2 60 cm \u03b1\u03bd\u03b8\u03b5\u03ba\u03c4\u03b9\u03ba\u03cc \u03c3\u03c4\u03b1 \u03ba\u03bf\u03c8\u03af\u03bc\u03b1\u03c4\u03b1.<\/li>\n<li>\u0394\u03b9\u03b1\u03b8\u03ad\u03c4\u03b5\u03b9 \u03b4\u03b1\u03ba\u03c4\u03cd\u03bb\u03b9\u03bf \u03ba\u03b1\u03c1\u03b1\u03bc\u03c0\u03af\u03bd\u03b5\u03c1 \u03b3\u03b9\u03b1 \u03c4\u03b9\u03bc\u03b1\u03bb\u03c6\u03ae \u03ba\u03b1\u03b9 \u03b4\u03b1\u03ba\u03c4\u03cd\u03bb\u03b9\u03bf \u03b3\u03b9\u03b1 \u03ba\u03bb\u03b5\u03b9\u03b4\u03b9\u03ac \u03ba\u03b1\u03b9 \u03ac\u03bb\u03bb\u03b1 \u03b1\u03bd\u03c4\u03b9\u03ba\u03b5\u03af\u03bc\u03b5\u03bd\u03b1 \u03c0\u03bf\u03c5 \u03c0\u03c1\u03ad\u03c0\u03b5\u03b9 \u03bd\u03b1 \u03ad\u03c7\u03b5\u03c4\u03b5 \u03ba\u03bf\u03bd\u03c4\u03ac \u03c3\u03b1\u03c2.<\/li>\n<li>\u0394\u03b9\u03b1\u03c1\u03ba\u03b5\u03af \u03ad\u03c9\u03c2 \u03ba\u03b1\u03b9 10 \u03c6\u03bf\u03c1\u03ad\u03c2 \u03c0\u03b5\u03c1\u03b9\u03c3\u03c3\u03cc\u03c4\u03b5\u03c1\u03bf \u03ba\u03b1\u03b9 \u03c0\u03c1\u03bf\u03c3\u03c4\u03b1\u03c4\u03b5\u03cd\u03b5\u03c4\u03b1\u03b9 \u03b1\u03c0\u03cc \u03b5\u03b3\u03b3\u03cd\u03b7\u03c3\u03b7 \u03b5\u03bd\u03cc\u03c2 \u03ad\u03c4\u03bf\u03c5\u03c2.<\/li>\n<li>\u03a0\u03c1\u03bf\u03c3\u03c4\u03b1\u03c4\u03b5\u03cd\u03b5\u03c4\u03b1\u03b9 \u03b1\u03c0\u03cc \u03b5\u03b3\u03b3\u03cd\u03b7\u03c3\u03b7 \u03b5\u03bd\u03cc\u03c2 \u03ad\u03c4\u03bf\u03c5\u03c2<\/li>\n<li>\u039f\u03b9 \u03bc\u03c0\u03bf\u03bc\u03c0\u03af\u03bd\u03b5\u03c2 ECO-REELS KEY-BAK \u03c0\u03b1\u03c1\u03ac\u03b3\u03bf\u03c5\u03bd 90 % \u03bb\u03b9\u03b3\u03cc\u03c4\u03b5\u03c1\u03b1 \u03b1\u03c0\u03cc\u03b2\u03bb\u03b7\u03c4\u03b1 \u03b1\u03c0\u03cc \u03c4\u03b9\u03c2 \u03bc\u03c0\u03bf\u03bc\u03c0\u03af\u03bd\u03b5\u03c2 \u03ba\u03b1\u03b9 \u03c4\u03b1 \u03bc\u03c0\u03c1\u03b5\u03bb\u03cc\u03ba \u03bc\u03af\u03b1\u03c2 \u03c7\u03c1\u03ae\u03c3\u03b7\u03c2.<\/li>\n<\/ul>","protected":false},"featured_media":7090,"template":"","meta":[],"product_brand":[],"product_cat":[27,65,69],"product_tag":[],"class_list":{"0":"post-7082","1":"product","2":"type-product","3":"status-publish","4":"has-post-thumbnail","6":"product_cat-key-bak-enrouleurs","7":"product_cat-sante","8":"product_cat-usage-quotidien","10":"first","11":"instock","12":"featured","13":"taxable","14":"shipping-taxable","15":"purchasable","16":"product-type-variable"},"_links":{"self":[{"href":"https:\/\/key-bak.fr\/gr\/wp-json\/wp\/v2\/product\/7082","targetHints":{"allow":["GET"]}}],"collection":[{"href":"https:\/\/key-bak.fr\/gr\/wp-json\/wp\/v2\/product"}],"about":[{"href":"https:\/\/key-bak.fr\/gr\/wp-json\/wp\/v2\/types\/product"}],"version-history":[{"count":0,"href":"https:\/\/key-bak.fr\/gr\/wp-json\/wp\/v2\/product\/7082\/revisions"}],"wp:featuredmedia":[{"embeddable":true,"href":"https:\/\/key-bak.fr\/gr\/wp-json\/wp\/v2\/media\/7090"}],"wp:attachment":[{"href":"https:\/\/key-bak.fr\/gr\/wp-json\/wp\/v2\/media?parent=7082"}],"wp:term":[{"taxonomy":"product_brand","embeddable":true,"href":"https:\/\/key-bak.fr\/gr\/wp-json\/wp\/v2\/product_brand?post=7082"},{"taxonomy":"product_cat","embeddable":true,"href":"https:\/\/key-bak.fr\/gr\/wp-json\/wp\/v2\/product_cat?post=7082"},{"taxonomy":"product_tag","embeddable":true,"href":"https:\/\/key-bak.fr\/gr\/wp-json\/wp\/v2\/product_tag?post=7082"}],"curies":[{"name":"wp","href":"https:\/\/api.w.org\/{rel}","templated":true}]}}