{"id":4229,"date":"2022-03-24T20:26:42","date_gmt":"2022-03-24T20:26:42","guid":{"rendered":"https:\/\/www.keybak.amicalementgeorge.com\/?post_type=product&#038;p=4229"},"modified":"2026-02-27T08:35:12","modified_gmt":"2026-02-27T08:35:12","slug":"kk2-%ce%ba%ce%bb%ce%b9%cf%80-%ce%b6%cf%8e%ce%bd%ce%b7%cf%82-%ce%b3%ce%b9%ce%b1-%cf%8c%ce%bb%ce%b5%cf%82-%cf%84%ce%b9%cf%82-%cf%87%cf%81%ce%ae%cf%83%ce%b5%ce%b9%cf%82","status":"publish","type":"product","link":"https:\/\/key-bak.fr\/gr\/produit\/attache-ceinture-tout-usage-kk2\/","title":{"rendered":"KK2 \u03ba\u03bb\u03b9\u03c0 \u03b6\u03ce\u03bd\u03b7\u03c2 \u03b3\u03b5\u03bd\u03b9\u03ba\u03ae\u03c2 \u03c7\u03c1\u03ae\u03c3\u03b7\u03c2"},"content":{"rendered":"<div class=\"flex flex-grow flex-col max-w-full\">\n<div class=\"min-h-[20px] text-message flex flex-col items-start whitespace-pre-wrap break-words [.text-message+&amp;]:mt-5 juice:w-full juice:items-end overflow-x-auto gap-2\" dir=\"auto\" data-message-author-role=\"assistant\" data-message-id=\"981458f4-40e6-4e1b-93a1-54c499f923a2\">\n<div class=\"flex w-full flex-col gap-1 juice:empty:hidden juice:first:pt-[3px]\">\n<div class=\"markdown prose w-full break-words dark:prose-invert dark\">\n<p>D\u00e9couvrez le KeyBak Secure Clip dit \u00ab KK2 \u00bb, un syst\u00e8me d&rsquo;attache pour ceinture con\u00e7u pour s\u00e9curiser vos cl\u00e9s ou votre t\u00e9l\u00e9phone avec une simplicit\u00e9 et une ing\u00e9niosit\u00e9 exceptionnelles.<\/p>\n<h2>Conception innovante et pratique<\/h2>\n<p>Le KeyBak KK2 est dot\u00e9 d&rsquo;un design exclusif qui combine facilit\u00e9 d&rsquo;utilisation et s\u00e9curit\u00e9 accrue. Id\u00e9al pour attacher rapidement et s\u00fbrement tout objet essentiel tel que des cl\u00e9s, un t\u00e9l\u00e9phone, ou d&rsquo;autres petits accessoires dont vous avez besoin au quotidien.<\/p>\n<h2>S\u00e9curit\u00e9 et acc\u00e8s facile<\/h2>\n<p>Ce syst\u00e8me d&rsquo;attache utilise un m\u00e9canisme de verrouillage solide qui garantit que vos objets restent attach\u00e9s en toute s\u00e9curit\u00e9 \u00e0 votre ceinture, tout en offrant un acc\u00e8s facile et rapide lorsque n\u00e9cessaire. Vous pouvez vaquer \u00e0 vos activit\u00e9s quotidiennes sans vous soucier de perdre vos objets importants.<\/p>\n<h2>Polyvalence et compatibilit\u00e9<\/h2>\n<p>Le KeyBak KK2 est con\u00e7u pour \u00eatre universel, s&rsquo;adaptant \u00e0 une vari\u00e9t\u00e9 de ceintures et de styles. Que vous soyez en d\u00e9placement, au travail, ou en activit\u00e9 ext\u00e9rieure, ce clip est votre compagnon id\u00e9al pour une organisation optimale.<\/p>\n<h2>Robuste et durable<\/h2>\n<p>Fabriqu\u00e9 avec des mat\u00e9riaux de haute qualit\u00e9, le KeyBak KK2 est con\u00e7u pour r\u00e9sister aux rigueurs de l&rsquo;utilisation quotidienne. Sa robustesse assure une long\u00e9vit\u00e9 exceptionnelle, m\u00eame dans les conditions les plus exigeantes.<\/p>\n<h2>L&rsquo;accessoire essentiel pour tous<\/h2>\n<p>Que vous soyez professionnel souhaitant un acc\u00e8s rapide \u00e0 vos cl\u00e9s, ou simplement \u00e0 la recherche d&rsquo;une solution pratique, le KeyBak KK2 est la solution id\u00e9ale.\u00a0Simple, s\u00fbr et ing\u00e9nieux, c&rsquo;est l&rsquo;accessoire qui r\u00e9volutionnera la mani\u00e8re dont vous s\u00e9curisez vos objets personnels au quotidien.<\/p>\n<\/div>\n<\/div>\n<\/div>\n<\/div>\n<div class=\"mt-1 flex gap-3 empty:hidden juice:-ml-3\"><\/div>\n","protected":false},"excerpt":{"rendered":"<h3>\u0388\u03bd\u03b1 \u03b1\u03c0\u03bb\u03cc \u03ba\u03b1\u03b9 \u03c0\u03c1\u03b1\u03ba\u03c4\u03b9\u03ba\u03cc \u03bc\u03bf\u03bd\u03c4\u03ad\u03bb\u03bf<\/h3>\n<p>\u0392\u03b1\u03c3\u03b9\u03c3\u03c4\u03b5\u03af\u03c4\u03b5 \u03c3\u03c4\u03b7\u03bd \u03b1\u03c0\u03bb\u03cc\u03c4\u03b7\u03c4\u03b1 \u03ba\u03b1\u03b9 \u03c4\u03b7\u03bd \u03b1\u03c3\u03c6\u03ac\u03bb\u03b5\u03b9\u03b1 \u03c4\u03bf\u03c5 KK2<\/p>\n<h3>\u03a7\u03b1\u03c1\u03b1\u03ba\u03c4\u03b7\u03c1\u03b9\u03c3\u03c4\u03b9\u03ba\u03ac<\/h3>\n<ul>\n<li>\u0391\u03c0\u03bf\u03c3\u03c0\u03ce\u03bc\u03b5\u03bd\u03bf \u03bc\u03c0\u03c1\u03b5\u03bb\u03cc\u03ba \u03c0\u03bf\u03bb\u03bb\u03b1\u03c0\u03bb\u03ce\u03bd \u03c7\u03c1\u03ae\u03c3\u03b5\u03c9\u03bd \u03b3\u03b9\u03b1 \u03b6\u03ce\u03bd\u03b7<\/li>\n<li>\u0393\u03c5\u03c1\u03af\u03c3\u03c4\u03b5 \u03c4\u03bf\u03bd \u03ba\u03c1\u03af\u03ba\u03bf \u03ba\u03bb\u03b5\u03b9\u03b4\u03b9\u03bf\u03cd \u03ba\u03b1\u03c4\u03ac 90 \u03bc\u03bf\u03af\u03c1\u03b5\u03c2 \u03b3\u03b9\u03b1 \u03bd\u03b1 \u03b1\u03c0\u03bf\u03c3\u03c0\u03ac\u03c3\u03b5\u03c4\u03b5 \u03c4\u03bf \u03ba\u03bb\u03b5\u03b9\u03b4\u03af \u03ae \u03c4\u03bf \u03b1\u03bd\u03c4\u03b9\u03ba\u03b5\u03af\u03bc\u03b5\u03bd\u03bf \u03b1\u03c0\u03cc \u03c4\u03b7 \u03b6\u03ce\u03bd\u03b7 \u03c3\u03b1\u03c2.<\/li>\n<li>\u03a0\u03b5\u03c1\u03b9\u03bb\u03b1\u03bc\u03b2\u03ac\u03bd\u03bf\u03bd\u03c4\u03b1\u03b9 \u03b4\u03cd\u03bf \u03b1\u03c5\u03c4\u03bf\u03ba\u03cc\u03bb\u03bb\u03b7\u03c4\u03b1 \u03ba\u03bb\u03b9\u03c0 \u03b3\u03b9\u03b1 \u03bd\u03b1 \u03c3\u03c4\u03b5\u03c1\u03b5\u03ce\u03c3\u03b5\u03c4\u03b5 \u03c4\u03bf \u03c4\u03b7\u03bb\u03ad\u03c6\u03c9\u03bd\u03cc \u03c3\u03b1\u03c2 \u03ae \u03bf\u03c0\u03bf\u03b9\u03bf\u03b4\u03ae\u03c0\u03bf\u03c4\u03b5 \u03ac\u03bb\u03bb\u03bf \u03b1\u03bd\u03c4\u03b9\u03ba\u03b5\u03af\u03bc\u03b5\u03bd\u03bf \u03c3\u03c4\u03b7 \u03b8\u03ad\u03c3\u03b7 \u03c4\u03c9\u03bd \u03ba\u03bb\u03b5\u03b9\u03b4\u03b9\u03ce\u03bd \u03c3\u03b1\u03c2.<\/li>\n<\/ul>","protected":false},"featured_media":4931,"template":"","meta":[],"product_brand":[],"product_cat":[52,68,67],"product_tag":[],"class_list":{"0":"post-4229","1":"product","2":"type-product","3":"status-publish","4":"has-post-thumbnail","6":"product_cat-accessoires","7":"product_cat-industrie","8":"product_cat-securite","10":"first","11":"instock","12":"taxable","13":"shipping-taxable","14":"purchasable","15":"product-type-simple"},"_links":{"self":[{"href":"https:\/\/key-bak.fr\/gr\/wp-json\/wp\/v2\/product\/4229","targetHints":{"allow":["GET"]}}],"collection":[{"href":"https:\/\/key-bak.fr\/gr\/wp-json\/wp\/v2\/product"}],"about":[{"href":"https:\/\/key-bak.fr\/gr\/wp-json\/wp\/v2\/types\/product"}],"version-history":[{"count":0,"href":"https:\/\/key-bak.fr\/gr\/wp-json\/wp\/v2\/product\/4229\/revisions"}],"wp:featuredmedia":[{"embeddable":true,"href":"https:\/\/key-bak.fr\/gr\/wp-json\/wp\/v2\/media\/4931"}],"wp:attachment":[{"href":"https:\/\/key-bak.fr\/gr\/wp-json\/wp\/v2\/media?parent=4229"}],"wp:term":[{"taxonomy":"product_brand","embeddable":true,"href":"https:\/\/key-bak.fr\/gr\/wp-json\/wp\/v2\/product_brand?post=4229"},{"taxonomy":"product_cat","embeddable":true,"href":"https:\/\/key-bak.fr\/gr\/wp-json\/wp\/v2\/product_cat?post=4229"},{"taxonomy":"product_tag","embeddable":true,"href":"https:\/\/key-bak.fr\/gr\/wp-json\/wp\/v2\/product_tag?post=4229"}],"curies":[{"name":"wp","href":"https:\/\/api.w.org\/{rel}","templated":true}]}}