{"id":4179,"date":"2022-03-24T20:26:16","date_gmt":"2022-03-24T20:26:16","guid":{"rendered":"https:\/\/www.keybak.amicalementgeorge.com\/?post_type=product&#038;p=4179"},"modified":"2024-09-30T06:45:09","modified_gmt":"2024-09-30T06:45:09","slug":"mini-bak-pb","status":"publish","type":"product","link":"https:\/\/key-bak.fr\/gr\/produit\/mini-bak-pb\/","title":{"rendered":"MINI-BAK \u039a\u03ac\u03c4\u03bf\u03c7\u03bf\u03c2 \u03c3\u03ae\u03bc\u03b1\u03c4\u03bf\u03c2"},"content":{"rendered":"<p>Le KeyBak Mini-Bak Porte-Badge , un porte-cl\u00e9s r\u00e9tractable qui combine robustesse, facilit\u00e9 d&rsquo;utilisation, l\u00e9g\u00e8ret\u00e9 et discr\u00e9tion. Con\u00e7u pour ceux qui recherchent un accessoire \u00e0 la fois pratique et peu encombrant pour avoir son badge \u00e0 port\u00e9e de main.<\/p>\n<div class=\"flex flex-grow flex-col max-w-full\">\n<div class=\"min-h-[20px] text-message flex flex-col items-start whitespace-pre-wrap break-words [.text-message+&amp;]:mt-5 juice:w-full juice:items-end overflow-x-auto gap-2\" dir=\"auto\" data-message-author-role=\"assistant\" data-message-id=\"fe544462-bee2-4575-911b-b8e23054d612\">\n<div class=\"flex w-full flex-col gap-1 juice:empty:hidden juice:first:pt-[3px]\">\n<div class=\"markdown prose w-full break-words dark:prose-invert dark\">\n<h2>Compact et efficace<\/h2>\n<p>Le Mini-Bak est parfait pour garder \u00e0 port\u00e9e de main vos badges. Son m\u00e9canisme r\u00e9tractable robuste et fluide vous permet d&rsquo;acc\u00e9der rapidement \u00e0 votre ou vos badges sans jamais craindre de les perdre.<\/p>\n<h2>Design discret et polyvalent<\/h2>\n<p>Avec son profil compact et son design \u00e9l\u00e9gant, le Mini-Bak Porte-Badge se fait discret tout en restant extr\u00eamement pratique pour un usage quotidien.<\/p>\n<h2>Choix de couleurs vibrantes<\/h2>\n<p>Le Mini-Bak est disponible en 5 couleurs attrayantes, vous permettant de choisir celle qui correspond le mieux \u00e0 votre style ou \u00e0 vos pr\u00e9f\u00e9rences. Que vous pr\u00e9f\u00e9riez quelque chose de classique ou de vibrant, il y a un Mini-Bak pour chacun.<\/p>\n<p>Optez pour le KeyBak Mini-Bak pour une solution de port de cl\u00e9s simple, \u00e9l\u00e9gante et efficace. Choisissez votre couleur aujourd&rsquo;hui et simplifiez la gestion de vos cl\u00e9s avec style et s\u00e9curit\u00e9.<\/p>\n<p><strong>Choisissez la couleur de votre MINI-BAK<\/strong><\/p>\n<\/div>\n<\/div>\n<\/div>\n<\/div>\n","protected":false},"excerpt":{"rendered":"<h3>\u039a\u03c1\u03b1\u03c4\u03ae\u03c3\u03c4\u03b5 \u03c4\u03bf \u03c3\u03ae\u03bc\u03b1 \u03c3\u03b1\u03c2 \u03b1\u03c3\u03c6\u03b1\u03bb\u03ad\u03c2 \u03bc\u03b5 \u03c4\u03b7\u03bd \u03c0\u03bf\u03b9\u03cc\u03c4\u03b7\u03c4\u03b1 Key-Bak<\/h3>\n<p>\u038c\u03c4\u03b1\u03bd \u03b7 \u03c3\u03c4\u03b9\u03b2\u03b1\u03c1\u03cc\u03c4\u03b7\u03c4\u03b1 \u03ba\u03b1\u03b9 \u03b7 \u03b5\u03c5\u03ba\u03bf\u03bb\u03af\u03b1 \u03c7\u03c1\u03ae\u03c3\u03b7\u03c2 \u03c3\u03c5\u03bc\u03b2\u03b1\u03b4\u03af\u03b6\u03bf\u03c5\u03bd \u03bc\u03b5 \u03c4\u03b7\u03bd \u03b5\u03bb\u03b1\u03c6\u03c1\u03cc\u03c4\u03b7\u03c4\u03b1 \u03ba\u03b1\u03b9 \u03c4\u03b7 \u03b4\u03b9\u03b1\u03ba\u03c1\u03b9\u03c4\u03b9\u03ba\u03cc\u03c4\u03b7\u03c4\u03b1 \u03b3\u03b9\u03b1 \u03bd\u03b1 \u03ad\u03c7\u03b5\u03c4\u03b5 \u03c4\u03bf \u03c3\u03ae\u03bc\u03b1 \u03c3\u03b1\u03c2 \u03c0\u03ac\u03bd\u03c4\u03b1 \u03b4\u03b9\u03b1\u03b8\u03ad\u03c3\u03b9\u03bc\u03bf.<\/p>\n<h3>\u03a7\u03b1\u03c1\u03b1\u03ba\u03c4\u03b7\u03c1\u03b9\u03c3\u03c4\u03b9\u03ba\u03ac<\/h3>\n<ul>\n<li>\u0394\u03cd\u03bd\u03b1\u03bc\u03b7 \u03c3\u03c5\u03c1\u03c1\u03af\u03ba\u03bd\u03c9\u03c3\u03b7\u03c2 120 \u03b3\u03c1\u03b1\u03bc\u03bc\u03ac\u03c1\u03b9\u03b1<\/li>\n<li>90 cm, \u03c3\u03cd\u03c1\u03bc\u03b1 2 \u03ba\u03bb\u03ce\u03bd\u03c9\u03bd \u039d\u03ac\u03b9\u03bb\u03bf\u03bd \u03c3\u03c4\u03c1\u03b1\u03c4\u03b9\u03c9\u03c4\u03b9\u03ba\u03bf\u03cd \u03b2\u03b1\u03b8\u03bc\u03bf\u03cd II<\/li>\n<li>\u039c\u03bf\u03bd\u03c4\u03ad\u03bb\u03bf \u03bc\u03b5 \u03c0\u03b9\u03b5\u03c3\u03c4\u03b9\u03ba\u03cc \u03ba\u03bf\u03cd\u03bc\u03c0\u03c9\u03bc\u03b1<\/li>\n<li>\u039a\u03bb\u03b9\u03c0 \u03c3\u03c4\u03b5\u03c1\u03ad\u03c9\u03c3\u03b7\u03c2<\/li>\n<li>\u0395\u03be\u03b1\u03b9\u03c1\u03b5\u03c4\u03b9\u03ba\u03ac \u03b1\u03bd\u03b8\u03b5\u03ba\u03c4\u03b9\u03ba\u03ae \u03c0\u03bf\u03bb\u03c5\u03b1\u03bd\u03b8\u03c1\u03b1\u03ba\u03b9\u03ba\u03ae \u03b8\u03ae\u03ba\u03b7<\/li>\n<li>\u0394\u03bf\u03ba\u03b9\u03bc\u03b1\u03c3\u03bc\u03ad\u03bd\u03bf \u03b3\u03b9\u03b1 1 \u03b5\u03ba\u03b1\u03c4\u03bf\u03bc\u03bc\u03cd\u03c1\u03b9\u03bf \u03b5\u03ba\u03c4\u03c5\u03c0\u03ce\u03c3\u03b5\u03b9\u03c2<\/li>\n<li>\u039a\u03b1\u03c4\u03b1\u03c3\u03ba\u03b5\u03c5\u03b1\u03c3\u03bc\u03ad\u03bd\u03bf \u03c3\u03c4\u03b9\u03c2 \u0397\u03a0\u0391<\/li>\n<\/ul>","protected":false},"featured_media":4785,"template":"","meta":[],"product_brand":[],"product_cat":[29,65,69],"product_tag":[],"class_list":{"0":"post-4179","1":"product","2":"type-product","3":"status-publish","4":"has-post-thumbnail","6":"product_cat-porte-badges","7":"product_cat-sante","8":"product_cat-usage-quotidien","10":"first","11":"instock","12":"taxable","13":"shipping-taxable","14":"purchasable","15":"product-type-variable"},"_links":{"self":[{"href":"https:\/\/key-bak.fr\/gr\/wp-json\/wp\/v2\/product\/4179","targetHints":{"allow":["GET"]}}],"collection":[{"href":"https:\/\/key-bak.fr\/gr\/wp-json\/wp\/v2\/product"}],"about":[{"href":"https:\/\/key-bak.fr\/gr\/wp-json\/wp\/v2\/types\/product"}],"version-history":[{"count":0,"href":"https:\/\/key-bak.fr\/gr\/wp-json\/wp\/v2\/product\/4179\/revisions"}],"wp:featuredmedia":[{"embeddable":true,"href":"https:\/\/key-bak.fr\/gr\/wp-json\/wp\/v2\/media\/4785"}],"wp:attachment":[{"href":"https:\/\/key-bak.fr\/gr\/wp-json\/wp\/v2\/media?parent=4179"}],"wp:term":[{"taxonomy":"product_brand","embeddable":true,"href":"https:\/\/key-bak.fr\/gr\/wp-json\/wp\/v2\/product_brand?post=4179"},{"taxonomy":"product_cat","embeddable":true,"href":"https:\/\/key-bak.fr\/gr\/wp-json\/wp\/v2\/product_cat?post=4179"},{"taxonomy":"product_tag","embeddable":true,"href":"https:\/\/key-bak.fr\/gr\/wp-json\/wp\/v2\/product_tag?post=4179"}],"curies":[{"name":"wp","href":"https:\/\/api.w.org\/{rel}","templated":true}]}}