{"id":8329,"date":"2024-12-21T10:07:37","date_gmt":"2024-12-21T10:07:37","guid":{"rendered":"https:\/\/key-bak.fr\/?post_type=product&#038;p=8329"},"modified":"2026-03-26T11:21:32","modified_gmt":"2026-03-26T11:21:32","slug":"karabinerhaken-key-ring","status":"publish","type":"product","link":"https:\/\/key-bak.fr\/de\/produit\/mousqueton-key-ring\/","title":{"rendered":"Karabinerhaken Key Ring"},"content":{"rendered":"<div class=\"experimental-mode-disclaimer-container ng-star-inserted\">\n<div class=\"disclaimer\">\n<div class=\"disclaimer-text ng-star-inserted\">Der KEY-BAK Schl\u00fcsselanh\u00e4nger mit Karabinerhaken \"Key Ring\" ist ein praktisches und robustes Accessoire, das entwickelt wurde, um Ihre Schl\u00fcssel oder kleinen Werkzeuge zu sichern und griffbereit zu halten. Sein einfaches und effektives Design macht ihn ideal f\u00fcr den t\u00e4glichen Gebrauch in verschiedenen Kontexten.<\/div>\n<\/div>\n<\/div>\n<div id=\"model-response-message-contentr_56081ad93973c126\" class=\"markdown markdown-main-panel response-optimization stronger\" dir=\"ltr\">\n<h2 data-sourcepos=\"3:1-3:28\" class=\"translation-block\"><strong>Robustheit und<\/strong> Haltbarkeit<\/h2>\n<p data-sourcepos=\"5:1-5:359\">Dieser Schl\u00fcsselanh\u00e4nger hat ein sto\u00dffestes Geh\u00e4use aus schwarzem Polycarbonat, das eine einziehbare Nylonschnur sch\u00fctzt. Sein Karabinerhaken aus Stahl erm\u00f6glicht eine einfache und sichere Befestigung an einem G\u00fcrtel, einer Tasche, einer Hosenschlaufe oder einem anderen Befestigungspunkt. Die robuste Konstruktion sorgt f\u00fcr eine lange Lebensdauer, auch bei intensiver Nutzung.<\/p>\n<h2 data-sourcepos=\"7:1-7:24\" class=\"translation-block\"><strong>Einfaches Befestigen<\/strong><\/h2>\n<p data-sourcepos=\"9:1-9:318\">Dank des integrierten Karabinerhakens l\u00e4sst sich der Schl\u00fcsselanh\u00e4nger schnell und einfach an verschiedenen Halterungen befestigen. Ob an einer G\u00fcrtelschlaufe, einer Hosenschlaufe, einem Rucksack oder einer Handtasche - er bietet eine praktische und zug\u00e4ngliche Tragem\u00f6glichkeit. Diese Vielseitigkeit macht ihn ideal f\u00fcr Menschen, die st\u00e4ndig in Bewegung sind.<\/p>\n<h2 data-sourcepos=\"15:1-15:28\" class=\"translation-block\"><strong>Sicherheit und<\/strong> einfacher Zugang<\/strong>.<\/h2>\n<p data-sourcepos=\"17:1-17:321\">Mit dem gebrochenen Stahlring lassen sich Schl\u00fcssel oder andere kleine Gegenst\u00e4nde leicht befestigen. Der einziehbare Mechanismus sorgt daf\u00fcr, dass die Schl\u00fcssel sicher aufbewahrt werden und nicht verloren gehen. Der Zugriff ist schnell und einfach: Einfach den Karabinerhaken aush\u00e4ngen und schon k\u00f6nnen sie benutzt werden.<\/p>\n<h2 data-sourcepos=\"17:1-17:321\">F\u00fcr die Arbeit und zu Hause<\/h2>\n<p data-sourcepos=\"21:1-21:366\">Obwohl er auf dieser Seite nicht speziell auf einen einzigen Berufszweig ausgerichtet ist, ist der KEY-BAK Key Ring mit Karabinerhaken ein n\u00fctzliches Accessoire f\u00fcr jeden, der seine Schl\u00fcssel sicher und griffbereit aufbewahren m\u00f6chte. Dank seiner Robustheit und Funktionalit\u00e4t ist er f\u00fcr den t\u00e4glichen Gebrauch geeignet, sei es f\u00fcr den privaten oder beruflichen Gebrauch.<\/p>\n<\/div>","protected":false},"excerpt":{"rendered":"<h3>Der Key-Bak, der nie zur\u00fcckziehen wird<\/h3>\n<p>Zuverl\u00e4ssig und robust ist er ein unverzichtbarer Begleiter in Ihrem pers\u00f6nlichen oder beruflichen Alltag.<\/p>\n<h3>Merkmale<\/h3>\n<ul>\n<li>Karabinerhaken aus schwarzer Zinklegierung mit ballistischem Nylonband.<\/li>\n<li>Gebrochener Ring aus schwarzem Stahl, 3,2 cm lang.<\/li>\n<li>L\u00e4nge: 11,4 cm.<\/li>\n<li>L\u00e4sst sich leicht an G\u00fcrtelschlaufen, Handtaschengurten oder Rucks\u00e4cken befestigen.<\/li>\n<li>Gesch\u00fctzt durch eine 1-j\u00e4hrige Garantie<\/li>\n<\/ul>","protected":false},"featured_media":8330,"template":"","meta":[],"product_brand":[],"product_cat":[66,68,96,67,69],"product_tag":[],"class_list":{"0":"post-8329","1":"product","2":"type-product","3":"status-publish","4":"has-post-thumbnail","6":"product_cat-hotellerie","7":"product_cat-industrie","8":"product_cat-infrastructure","9":"product_cat-securite","10":"product_cat-usage-quotidien","12":"first","13":"instock","14":"taxable","15":"shipping-taxable","16":"purchasable","17":"product-type-simple"},"_links":{"self":[{"href":"https:\/\/key-bak.fr\/de\/wp-json\/wp\/v2\/product\/8329","targetHints":{"allow":["GET"]}}],"collection":[{"href":"https:\/\/key-bak.fr\/de\/wp-json\/wp\/v2\/product"}],"about":[{"href":"https:\/\/key-bak.fr\/de\/wp-json\/wp\/v2\/types\/product"}],"version-history":[{"count":1,"href":"https:\/\/key-bak.fr\/de\/wp-json\/wp\/v2\/product\/8329\/revisions"}],"predecessor-version":[{"id":8983,"href":"https:\/\/key-bak.fr\/de\/wp-json\/wp\/v2\/product\/8329\/revisions\/8983"}],"wp:featuredmedia":[{"embeddable":true,"href":"https:\/\/key-bak.fr\/de\/wp-json\/wp\/v2\/media\/8330"}],"wp:attachment":[{"href":"https:\/\/key-bak.fr\/de\/wp-json\/wp\/v2\/media?parent=8329"}],"wp:term":[{"taxonomy":"product_brand","embeddable":true,"href":"https:\/\/key-bak.fr\/de\/wp-json\/wp\/v2\/product_brand?post=8329"},{"taxonomy":"product_cat","embeddable":true,"href":"https:\/\/key-bak.fr\/de\/wp-json\/wp\/v2\/product_cat?post=8329"},{"taxonomy":"product_tag","embeddable":true,"href":"https:\/\/key-bak.fr\/de\/wp-json\/wp\/v2\/product_tag?post=8329"}],"curies":[{"name":"wp","href":"https:\/\/api.w.org\/{rel}","templated":true}]}}