{"id":8093,"date":"2024-11-08T11:00:00","date_gmt":"2024-11-08T11:00:00","guid":{"rendered":"https:\/\/key-bak.fr\/?post_type=product&#038;p=8093"},"modified":"2025-03-13T11:26:44","modified_gmt":"2025-03-13T11:26:44","slug":"toolmate-5lb","status":"publish","type":"product","link":"https:\/\/key-bak.fr\/de\/produit\/toolmate-5lb\/","title":{"rendered":"Toolmate 5lb"},"content":{"rendered":"<p>Entwickelt zur Vermeidung von herabfallenden Gegenst\u00e4nden. Befestigen Sie Werkzeuge bis zu 2200 Gramm sicher an sich selbst, Ihrem Klettergurt, einer Leiter, einem Lastenaufzug oder einer Struktur, um zu verhindern, dass ein Werkzeug versehentlich herunterf\u00e4llt und einen Teamkollegen verletzt.<\/p>\n<h3>Minimale Auswirkungen auf die Arbeit<\/h3>\n<p>Unsere einziehbaren ToolMate-Werkzeugschl\u00e4uche ziehen nur das Verbindungsmittel ein, nicht das Werkzeug. Sie liefern genau die R\u00fcckzugskraft, die erforderlich ist, um das Verbindungsmittel wieder aufzurollen, ohne w\u00e4hrend des Gebrauchs am Werkzeug zu ziehen.<\/p>\n<h3>Design gegen das Aufh\u00e4ngen<\/h3>\n<p>Das selbst einziehende Verbindungsmittel h\u00e4lt die 100 cm lange Schnur so kurz wie n\u00f6tig, verhindert ein Verheddern und Verhaken im Arbeitsbereich und l\u00f6st damit das Problem, das bei nicht einziehbaren Verbindungsmitteln auftritt.<\/p>\n<h3>Auf Dauer angelegt<\/h3>\n<p>Der K\u00f6rper ist aus schlagfestem Polycarbonat mit einer Feder aus rostfreiem Stahl gefertigt und soll in fast allen Arbeitsumgebungen halten.<\/p>\n<h3>Verankerungskarabiner<\/h3>\n<p>Drehbarer Aluminiumkarabiner mit automatischem Verschluss, der ein versehentliches \u00d6ffnen und Entfernen verhindert.<\/p>\n<h3>Von einer dritten Stelle getestet<\/h3>\n<p>Von einer Drittpartei durchgef\u00fchrte Tests stellen sicher, dass Ihr ToolMate mit einem Sicherheitsfaktor von 2:1 entwickelt, getestet und nachgewiesen wurde.<\/p>","protected":false},"excerpt":{"rendered":"<h3>TOOLMATE 2,2 Kilo Werkzeughalter 100 cm mit Karabinerhaken<\/h3>\n<p>Verhindern Sie Unf\u00e4lle durch herabfallendes Werkzeug mit dem ToolMate R\u00fccklaufsperre-Ratschenwerkzeughalter mit 2200 g aus der Key-Bak Pro Reihe.<\/p>\n<p><strong>DER TOOLMATE IST KEIN EINZIEHBARER SCHL\u00dcSSELANH\u00c4NGER, SONDERN EINE ABSTURZSICHERUNG F\u00dcR WERKZEUGE<\/strong><\/p>\n<h3>Spezifikationen<\/h3>\n<ul>\n<li>Maximal unterst\u00fctztes Werkzeuggewicht: 5 lb (2,2 kg)<\/li>\n<li>Schrumpfkraft: 170 Gramm (Schrumpft nicht 2200 Gramm)<\/li>\n<li>Kabell\u00e4nge: 100 cm<\/li>\n<li>Gesamtnutzungsreichweite: 138 cm<\/li>\n<li>Kabelmaterial: Dacron-Kabel<\/li>\n<li>Werkzeugbefestigung: Drehbarer Aluminiumkarabiner mit automatischer Schlie\u00dfung<\/li>\n<li>Verankerungsbefestigung: Drehbarer Aluminiumkarabiner mit automatischer Schlie\u00dfung<\/li>\n<li>Gurtband: Gewebtes Polyester<\/li>\n<li><a href=\"https:\/\/key-bak.fr\/de\/ansi-standard-isea-121-2018\/\">Zertifiziert nach ANSI\/ISEA 121-2018<\/a><\/li>\n<\/ul>\n<div class=\"product-block\">\n<div class=\"rte\">\n<div class=\"shogun-root\" data-region=\"main\" data-shogun-variant-id=\"5f22dc87cfc0a40052f426e6\" data-shogun-platform-type=\"shopify\" data-shogun-page-version-id=\"5f22dc87cfc0a40052f426e4\" data-shogun-page-id=\"5f22dc87cfc0a40052f426e5\" data-shogun-site-id=\"e86a1cc1-284a-4ce1-993b-40b93c6dd0bd\" data-shogun-id=\"5f22dc87cfc0a40052f426e5\">\n<div id=\"s-f2cc359e-eb95-4e0b-8a84-8467de240fbe\" class=\"shg-c\">\n<h3>H\u00f6here Sicherheit<\/h3>\n<ul>\n<li class=\"x_ContentPasted4\">Gefahrenbeseitigung: Einziehbare Werkzeughalter ersetzen elastische Schn\u00fcre und h\u00e4ngende Gurte, die sich verheddern und an Gegenst\u00e4nden h\u00e4ngen bleiben k\u00f6nnen.<\/li>\n<li class=\"x_ContentPasted4\">Entspricht ANSI 121, d. h. es wurde getestet und zertifiziert, um die h\u00f6chsten Sicherheits- und Leistungsanforderungen zu erf\u00fcllen.<\/li>\n<\/ul>\n<h3>Praktische Funktionen<\/h3>\n<ul>\n<li class=\"x_ContentPasted4\">Doppelkarabiner mit automatischer Verriegelung: Bietet einfach zu bedienende Befestigungspunkte und Werkzeughalterungen<\/li>\n<li class=\"x_ContentPasted4\">Werkzeugsicherung: Mit einer Tragf\u00e4higkeit von 5 lb (ca. 2,2 kg) sichert dieser Werkzeughalter Ihre Werkzeuge und verhindert, dass sie w\u00e4hrend der Arbeit herunterfallen oder verloren gehen.<\/li>\n<li class=\"x_ContentPasted4\">Sto\u00dfd\u00e4mpfender, elastischer Gurt: Bietet zus\u00e4tzlichen Schutz vor versehentlichen St\u00fcrzen.<\/li>\n<\/ul>\n<\/div>\n<\/div>\n<\/div>\n<\/div>","protected":false},"featured_media":8101,"template":"","meta":[],"product_brand":[],"product_cat":[68,96,28],"product_tag":[],"class_list":{"0":"post-8093","1":"product","2":"type-product","3":"status-publish","4":"has-post-thumbnail","6":"product_cat-industrie","7":"product_cat-infrastructure","8":"product_cat-key-bak-speciaux","10":"first","11":"instock","12":"taxable","13":"shipping-taxable","14":"purchasable","15":"product-type-simple"},"_links":{"self":[{"href":"https:\/\/key-bak.fr\/de\/wp-json\/wp\/v2\/product\/8093","targetHints":{"allow":["GET"]}}],"collection":[{"href":"https:\/\/key-bak.fr\/de\/wp-json\/wp\/v2\/product"}],"about":[{"href":"https:\/\/key-bak.fr\/de\/wp-json\/wp\/v2\/types\/product"}],"version-history":[{"count":0,"href":"https:\/\/key-bak.fr\/de\/wp-json\/wp\/v2\/product\/8093\/revisions"}],"wp:featuredmedia":[{"embeddable":true,"href":"https:\/\/key-bak.fr\/de\/wp-json\/wp\/v2\/media\/8101"}],"wp:attachment":[{"href":"https:\/\/key-bak.fr\/de\/wp-json\/wp\/v2\/media?parent=8093"}],"wp:term":[{"taxonomy":"product_brand","embeddable":true,"href":"https:\/\/key-bak.fr\/de\/wp-json\/wp\/v2\/product_brand?post=8093"},{"taxonomy":"product_cat","embeddable":true,"href":"https:\/\/key-bak.fr\/de\/wp-json\/wp\/v2\/product_cat?post=8093"},{"taxonomy":"product_tag","embeddable":true,"href":"https:\/\/key-bak.fr\/de\/wp-json\/wp\/v2\/product_tag?post=8093"}],"curies":[{"name":"wp","href":"https:\/\/api.w.org\/{rel}","templated":true}]}}