{"id":7829,"date":"2024-07-24T09:24:09","date_gmt":"2024-07-24T09:24:09","guid":{"rendered":"https:\/\/key-bak.fr\/?post_type=product&#038;p=7829"},"modified":"2024-07-28T12:10:25","modified_gmt":"2024-07-28T12:10:25","slug":"key-bak-sidekick-laniere","status":"publish","type":"product","link":"https:\/\/key-bak.fr\/de\/produit\/key-bak-sidekick-laniere\/","title":{"rendered":"Einziehbarer Key-Bak SIDEKICK mit abnehmbarem Riemen"},"content":{"rendered":"<p>Nutzen Sie den Sidekick\u00ae f\u00fcr eine vereinfachte Verwaltung Ihrer t\u00e4glichen Zug\u00e4nge, mit der Garantie eines zuverl\u00e4ssigen und robusten Produkts, das auf Langlebigkeit ausgelegt ist.<\/p>\n<h2>Einfachheit und Sicherheit im Alltag<\/h2>\n<p>Der Sidekick\u00ae ist unverzichtbar f\u00fcr Berufst\u00e4tige, die einen schnellen Zugriff auf ihre Schl\u00fcssel und Ausweise ben\u00f6tigen, ohne sie abzunehmen. Perfekt f\u00fcr sichere Umgebungen und Kongresse, begleitet dieser Namensschildhalter Ihren Alltag effizient und diskret.<\/p>\n<h2>Optimale Kapazit\u00e4t<\/h2>\n<p>Ausgestattet mit einem Namensschildaufroller und einem Schl\u00fcsselanh\u00e4nger bietet der Sidekick\u00ae Platz f\u00fcr bis zu f\u00fcnf Schl\u00fcssel und ein Namensschild und erf\u00fcllt damit die Anforderungen der aktivsten Berufst\u00e4tigen.<\/p>\n<h2>Nachhaltiges Design<\/h2>\n<p>Der in den USA hergestellte, verstellbare und abnehmbare Riemen enth\u00e4lt die robuste DuPont\u2122 Kevlar\u00ae Faser, die f\u00fcr au\u00dfergew\u00f6hnliche St\u00e4rke und Haltbarkeit bei allt\u00e4glichen Herausforderungen sorgt.<\/p>\n<h2>Intuitive Nutzung<\/h2>\n<p>Verwenden Sie Ihre Schl\u00fcssel oder Ihr Namensschild ganz einfach - ziehen Sie zum Benutzen und lassen Sie zum automatischen Einziehen in einer kompakten Schutzh\u00fclle los.<\/p>\n<h2>Doppelte Funktionalit\u00e4t<\/h2>\n<p>Kombinieren Sie die Sichtbarkeit eines abnehmbaren Riemens mit der Bequemlichkeit eines einziehbaren Mechanismus zu einer unvergleichlichen Zwei-in-Eins-L\u00f6sung.<\/p>\n<h2><strong>Design und praktisch<\/strong><\/h2>\n<p>Der Sidekick\u00ae ist nicht nur funktional, sondern hat auch ein elegantes Design mit einem Geh\u00e4use aus kevlarfaserverst\u00e4rktem Polykarbonat, das auch den h\u00e4rtesten Einsatz \u00fcbersteht.<\/p>\n<h2><strong>Verpflichtung zur Qualit\u00e4t<\/strong><\/h2>\n<p>Vertrauen Sie auf eine einj\u00e4hrige Garantie und eine lebenslange Reparaturrichtlinie, die unser Vertrauen in die Zuverl\u00e4ssigkeit des Sidekick\u00ae belegen.<\/p>\n<h2><strong>Wahl der Fachkr\u00e4fte<\/strong><\/h2>\n<p>Der Sidekick\u00ae wird von f\u00fchrenden Unternehmen der Sicherheits- und Veranstaltungsbranche eingesetzt und ist der Standard f\u00fcr die Verwaltung von Schl\u00fcsseln und Ausweisen.<\/p>","protected":false},"excerpt":{"rendered":"<h3>Der Key-Bak-Badgehalter zum Umh\u00e4ngen<\/h3>\n<p>Der Sidekick mit abnehmbarem Lanyard erm\u00f6glicht es Ihnen, Ihr Namensschild jederzeit vorzeigen zu k\u00f6nnen. Er verf\u00fcgt au\u00dferdem \u00fcber einen Ring, an dem Sie Ihre Schl\u00fcssel befestigen k\u00f6nnen.<\/p>\n<h3>Merkmale<\/h3>\n<ul>\n<li>R\u00fcckzugskraft von 225 Gramm<\/li>\n<li>Feder aus rostfreiem Stahl, eingebettet in ein durchsichtiges Polycarbonatgeh\u00e4use mit einem Durchmesser von 3 cm.<\/li>\n<li>Langlebigkeit gesch\u00fctzt durch eine einj\u00e4hrige Garantie.<\/li>\n<li>Standard-Service-R\u00fcckzugskraft, die bis zu 112 g tragen kann, (ca. 5 Schl\u00fcssel und ein Ausweis).<\/li>\n<li>60 cm langes Kabel aus DuPont\u2122 Kevlar\u00ae-Faser mit der gleichen Festigkeit wie Stahl und einer Rei\u00dfgrenze von 36,3 kg.<\/li>\n<li>Verdrehungsfreie Befestigung mit gebrochenem Ring zur Sicherung mehrerer Schl\u00fcssel und eines Ausweises.<\/li>\n<\/ul>","protected":false},"featured_media":7934,"template":"","meta":[],"product_brand":[],"product_cat":[27,29,65,69],"product_tag":[],"class_list":{"0":"post-7829","1":"product","2":"type-product","3":"status-publish","4":"has-post-thumbnail","6":"product_cat-key-bak-enrouleurs","7":"product_cat-porte-badges","8":"product_cat-sante","9":"product_cat-usage-quotidien","11":"first","12":"instock","13":"featured","14":"taxable","15":"shipping-taxable","16":"purchasable","17":"product-type-simple"},"_links":{"self":[{"href":"https:\/\/key-bak.fr\/de\/wp-json\/wp\/v2\/product\/7829","targetHints":{"allow":["GET"]}}],"collection":[{"href":"https:\/\/key-bak.fr\/de\/wp-json\/wp\/v2\/product"}],"about":[{"href":"https:\/\/key-bak.fr\/de\/wp-json\/wp\/v2\/types\/product"}],"version-history":[{"count":0,"href":"https:\/\/key-bak.fr\/de\/wp-json\/wp\/v2\/product\/7829\/revisions"}],"wp:featuredmedia":[{"embeddable":true,"href":"https:\/\/key-bak.fr\/de\/wp-json\/wp\/v2\/media\/7934"}],"wp:attachment":[{"href":"https:\/\/key-bak.fr\/de\/wp-json\/wp\/v2\/media?parent=7829"}],"wp:term":[{"taxonomy":"product_brand","embeddable":true,"href":"https:\/\/key-bak.fr\/de\/wp-json\/wp\/v2\/product_brand?post=7829"},{"taxonomy":"product_cat","embeddable":true,"href":"https:\/\/key-bak.fr\/de\/wp-json\/wp\/v2\/product_cat?post=7829"},{"taxonomy":"product_tag","embeddable":true,"href":"https:\/\/key-bak.fr\/de\/wp-json\/wp\/v2\/product_tag?post=7829"}],"curies":[{"name":"wp","href":"https:\/\/api.w.org\/{rel}","templated":true}]}}