{"id":7787,"date":"2024-07-23T18:11:43","date_gmt":"2024-07-23T18:11:43","guid":{"rendered":"https:\/\/key-bak.fr\/?post_type=product&#038;p=7787"},"modified":"2026-03-26T11:03:21","modified_gmt":"2026-03-26T11:03:21","slug":"keybak-original-hybrid","status":"publish","type":"product","link":"https:\/\/key-bak.fr\/de\/produit\/keybak-original-hybride\/","title":{"rendered":"KeyBak Hybrid \" 484 \""},"content":{"rendered":"<h2>Doppelte Funktionalit\u00e4t f\u00fcr unvergleichliche Flexibilit\u00e4t<\/h2>\n<p>Entdecken Sie das KeyBak Hybrid \u00ab484\u00bb, eine bahnbrechende Innovation, die zwei wichtige Funktionen f\u00fcr anspruchsvolle Profis vereint:<\/p>\n<ol>\n<li class=\"translation-block\"><strong>Einziehbarer Aufrollmechanismus<\/strong>: Kann bis zu 20 Schl\u00fcssel oder ein Zubeh\u00f6rteil mit einem Gewicht von bis zu 225 Gramm halten und stellt sicher, dass Ihre wichtigsten Gegenst\u00e4nde sicher und griffbereit bleiben.<\/li>\n<li><strong>Innovativer abnehmbarer Clip<\/strong> : An Ihrem G\u00fcrtel befestigt, l\u00e4sst er sich schnell l\u00f6sen und einfach wieder anklipsen und bietet so einen erweiterten Einsatzbereich, der weit \u00fcber die 120 cm unseres urspr\u00fcnglichen KeyBak-Modells hinausgeht.<\/li>\n<\/ol>\n<h2>Praktisches und nachhaltiges Design<\/h2>\n<p>Das KeyBak Hybrid verf\u00fcgt \u00fcber einen abnehmbaren, drehbaren G\u00fcrtelclip in Kombination mit einem robusten, einziehbaren Ring, der sich ideal zum Organisieren von Schl\u00fcsseln und diversem Zubeh\u00f6r eignet. Das Geh\u00e4use ist leicht abnehmbar und bleibt bei Ihren Schl\u00fcsseln, wodurch Ihre Zeit optimiert und Ihr Seelenfrieden bei jedem Gebrauch erh\u00f6ht wird.<\/p>\n<h2>Ultrapraktisch und elegant<\/h2>\n<p>Kompakt, aber extrem f\u00e4hig: Dieses revolution\u00e4re Modell ben\u00f6tigt nur wenig Platz und erf\u00fcllt dennoch die h\u00f6chsten Anspr\u00fcche. Erh\u00e4ltlich mit einer 60 cm langen Kette oder einem 120 cm langen Kabel, passt es sich Ihren speziellen Bed\u00fcrfnissen an.<\/p>\n<h2>Vereinfachte Bedienung f\u00fcr maximale Effizienz<\/h2>\n<p>Benutzen Sie Ihre Schl\u00fcssel oder Accessoires und lassen Sie sie dann los: Sie ziehen sich automatisch in ihre Schutzh\u00fclle zur\u00fcck und sind immer bereit f\u00fcr den n\u00e4chsten Einsatz. Dieses System garantiert eine beispiellose Benutzerfreundlichkeit und Effizienz.<\/p>\n<h2>Langfristiges Engagement<\/h2>\n<p>Das KeyBak Hybrid ist nicht nur auf Langlebigkeit ausgelegt, sondern auch auf hervorragende Leistungen. Profitieren Sie von einer einj\u00e4hrigen Garantie und einer lebenslangen Reparaturpolitik. Von f\u00fchrenden Industrie- und Luxusunternehmen angenommen, ist dieser Schl\u00fcsselanh\u00e4nger f\u00fcr seine herausragende Qualit\u00e4t und kontinuierliche Innovation bekannt.<\/p>\n<h2>Entscheiden Sie sich f\u00fcr Exzellenz mit dem KeyBak Hybrid \u00ab484\u00bb.\u00bb<\/h2>\n<p>G\u00f6nnen Sie sich das Beste, wenn es um die Verwaltung von Schl\u00fcsseln und Zubeh\u00f6r geht. Bestellen Sie noch heute und erleben Sie die perfekte Kombination aus Design, Robustheit und Funktionalit\u00e4t.<\/p>","protected":false},"excerpt":{"rendered":"<h3>Das hybride KeyBak mit :<\/h3>\n<ol>\n<li>Ein einziehbarer KeyBak-Aufrollmechanismus, um bis zu 15 Schl\u00fcssel oder ein 225 Gramm schweres Accessoire zu befestigen.<\/li>\n<li>Ein abnehmbarer Clip, der an Ihrem G\u00fcrtel befestigt wird und mit dem Sie ihn ganz einfach vom G\u00fcrtel l\u00f6sen und wieder anklipsen k\u00f6nnen.<\/li>\n<\/ol>\n<h3>Merkmale<\/h3>\n<ul>\n<li>60 cm lange Edelstahlkette oder Kevlarseil<\/li>\n<li>L\u00e4sst sich leicht an Ihrem G\u00fcrtel befestigen und wieder abnehmen<\/li>\n<li>Feder aus rostfreiem Stahl, eingebettet in ein 5 cm gro\u00dfes Geh\u00e4use aus rostfreiem Stahl<\/li>\n<li>Einzugskraft bei Standardgebrauch, die bis zu 225 g tragen kann.<\/li>\n<li>Verdrehungsfreie Befestigung mit gebrochenem Ring zur Sicherung mehrerer Schl\u00fcssel.<\/li>\n<li>Schwarzer Stahlclip, der sich leicht an Ihrem G\u00fcrtel, Ihrer Tasche oder Ihrem Beutel befestigen l\u00e4sst.<\/li>\n<li>2,5 cm langer Ring aus geh\u00e4rtetem, korrosionsbest\u00e4ndigem Stahl<\/li>\n<li>Getestet, um 1 Million Abz\u00fcge zu \u00fcberdauern<\/li>\n<li>KEY-BAK \u00d6ko-Rollups erzeugen 90% weniger Abfall als Einweg-Rollups, Schl\u00fcsselanh\u00e4nger und Befestigungen.<\/li>\n<\/ul>\n<h3>2 Kr\u00e4fte des Widerrufs<\/h3>\n<ul>\n<li>Der \u00ab 484\u00bb (60 cm lange Kette). Einzug bis zu 225 g (ca. 10 Schl\u00fcssel)<\/li>\n<li>Der \u00ab484 HDK\u00bb (120 cm langes Kabel). Einzug bis 225g (\u00b1 15 Schl\u00fcssel)<\/li>\n<\/ul>\n<p><iframe title=\"YouTube-Videoplayer\" src=\"https:\/\/www.youtube.com\/embed\/Klg4qI3kCw8?si=1XvbdiuPVDi_i2JP\" width=\"560\" height=\"315\" frameborder=\"0\" allowfullscreen=\"allowfullscreen\"><\/iframe><\/p>","protected":false},"featured_media":7920,"template":"","meta":[],"product_brand":[],"product_cat":[68,27,67,69],"product_tag":[],"class_list":{"0":"post-7787","1":"product","2":"type-product","3":"status-publish","4":"has-post-thumbnail","6":"product_cat-industrie","7":"product_cat-key-bak-enrouleurs","8":"product_cat-securite","9":"product_cat-usage-quotidien","11":"first","12":"instock","13":"featured","14":"taxable","15":"shipping-taxable","16":"purchasable","17":"product-type-variable"},"_links":{"self":[{"href":"https:\/\/key-bak.fr\/de\/wp-json\/wp\/v2\/product\/7787","targetHints":{"allow":["GET"]}}],"collection":[{"href":"https:\/\/key-bak.fr\/de\/wp-json\/wp\/v2\/product"}],"about":[{"href":"https:\/\/key-bak.fr\/de\/wp-json\/wp\/v2\/types\/product"}],"version-history":[{"count":0,"href":"https:\/\/key-bak.fr\/de\/wp-json\/wp\/v2\/product\/7787\/revisions"}],"wp:featuredmedia":[{"embeddable":true,"href":"https:\/\/key-bak.fr\/de\/wp-json\/wp\/v2\/media\/7920"}],"wp:attachment":[{"href":"https:\/\/key-bak.fr\/de\/wp-json\/wp\/v2\/media?parent=7787"}],"wp:term":[{"taxonomy":"product_brand","embeddable":true,"href":"https:\/\/key-bak.fr\/de\/wp-json\/wp\/v2\/product_brand?post=7787"},{"taxonomy":"product_cat","embeddable":true,"href":"https:\/\/key-bak.fr\/de\/wp-json\/wp\/v2\/product_cat?post=7787"},{"taxonomy":"product_tag","embeddable":true,"href":"https:\/\/key-bak.fr\/de\/wp-json\/wp\/v2\/product_tag?post=7787"}],"curies":[{"name":"wp","href":"https:\/\/api.w.org\/{rel}","templated":true}]}}