{"id":7736,"date":"2024-07-22T11:53:57","date_gmt":"2024-07-22T11:53:57","guid":{"rendered":"https:\/\/key-bak.fr\/?post_type=product&#038;p=7736"},"modified":"2025-12-29T21:48:06","modified_gmt":"2025-12-29T21:48:06","slug":"keybak-75-geburtstag","status":"publish","type":"product","link":"https:\/\/key-bak.fr\/de\/produit\/keybak-75-anniversaire\/","title":{"rendered":"KeyBak ORIGINAL 75. Jubil\u00e4um"},"content":{"rendered":"<p class=\"translation-block\">Feiern Sie mit uns das 75-j\u00e4hrige Jubil\u00e4um unserer Marke, die 1948 auf der Innovation eines kalifornischen <a href=\"https:\/\/key-bak.fr\/de\/a-propos\/\" target=\"_self\"><strong>Wanderers.<\/strong><\/a> gegr\u00fcndet wurde.<\/p>\n<h2>Au\u00dfergew\u00f6hnliche Haltbarkeit und Zuverl\u00e4ssigkeit<\/h2>\n<p>Dieses Sammlermodell unseres ikonischen einziehbaren Schl\u00fcsselanh\u00e4ngers zeichnet sich durch die Qualit\u00e4t der Kette und des Einziehmechanismus aus, die entwickelt wurden, um die Konkurrenz zu \u00fcbertreffen.<\/p>\n<p>Es ist das beliebteste und am h\u00e4ufigsten nachgeahmte Modell in unserem Sortiment, ein Beweis f\u00fcr seine hohe Qualit\u00e4t und nahtlose Funktionalit\u00e4t.<\/p>\n<h2>Ergonomisches und sicheres Design<\/h2>\n<p>Dieses Original Key-Bak Anniversary l\u00e4sst sich dank eines robusten Clips leicht am G\u00fcrtel befestigen und erm\u00f6glicht so einen schnellen und einfachen Zugriff auf Ihre Schl\u00fcssel. Schluss mit Schl\u00fcsseln, die in den Taschen st\u00f6ren oder Ihre Kleidung abnutzen. Mit diesem Schl\u00fcsselanh\u00e4nger minimieren Sie auch das Risiko, dass Ihre Schl\u00fcssel verloren gehen oder gestohlen werden.<\/p>\n<h2>Individuell anpassbar und anpassungsf\u00e4hig<\/h2>\n<p>Passen Sie das Key-Bak mit zwei Kabeloptionen (Kette oder Kevlar) und vier L\u00e4ngenoptionen (60 cm, 70 cm, 90 cm oder 120 cm) an Ihre speziellen Bed\u00fcrfnisse an und bieten Sie so eine Vielfalt, die allen Nutzungsanforderungen gerecht wird.<\/p>\n<h2>Ein St\u00fcck Geschichte, das kopiert, aber nie erreicht wurde<\/h2>\n<p>Der Key-Bak Original Jubil\u00e4umsschl\u00fcsselanh\u00e4nger ist mehr als nur ein Schl\u00fcsselanh\u00e4nger: Er ist ein St\u00fcck Innovationsgeschichte, das f\u00fcr die Ewigkeit gemacht ist und Sie t\u00e4glich begleitet. Er wird mit einem Clip am G\u00fcrtel befestigt und erm\u00f6glicht die schnelle und einfache Verwendung von Schl\u00fcsseln. Der Original-Schl\u00fcsselanh\u00e4nger key-bak macht Schluss mit l\u00e4stigen Schl\u00fcsseln in der Tasche, verhindert die Abnutzung der Kleidung und den Verlust oder Diebstahl von Schl\u00fcsseln.<\/p>","protected":false},"excerpt":{"rendered":"<h3>Sichern Sie Ihre Schl\u00fcssel und Werkzeuge mit mit diesem KeyBak Anniversary<\/h3>\n<p>Das verchromte Original Key-Bak war der erste einziehbare Schl\u00fcsselanh\u00e4nger der Welt und ist zu einem unverzichtbaren Klassiker geworden. Mit dieser limitierten Auflage feiern wir unser 75-j\u00e4hriges Jubil\u00e4um.<\/p>\n<h3>Merkmale<\/h3>\n<ul>\n<li>Medaillon zum Gedenken an 75 Jahre in der Fassade<\/li>\n<li>Gesch\u00fctzt in einer Zinndose<\/li>\n<li>Kette aus unzerbrechlichem Edelstahl oder Kevlarseil<\/li>\n<li>Feder aus rostfreiem Stahl, eingebettet in ein 5 cm gro\u00dfes Geh\u00e4use aus rostfreiem Stahl<\/li>\n<li>2,5 cm langer Ring aus geh\u00e4rtetem, korrosionsbest\u00e4ndigem Stahl<\/li>\n<li>Getestet, um 1 Million Abz\u00fcge zu \u00fcberdauern<\/li>\n<li>Gesch\u00fctzt durch eine einj\u00e4hrige Garantie<\/li>\n<li>ECO-REELS KEY-BAK-Spulen produzieren 90 % weniger Abfall als die Konkurrenz.<\/li>\n<li>Hergestellt in den USA<\/li>\n<\/ul>","protected":false},"featured_media":7912,"template":"","meta":[],"product_brand":[],"product_cat":[68,27,67,69],"product_tag":[],"class_list":{"0":"post-7736","1":"product","2":"type-product","3":"status-publish","4":"has-post-thumbnail","6":"product_cat-industrie","7":"product_cat-key-bak-enrouleurs","8":"product_cat-securite","9":"product_cat-usage-quotidien","11":"first","12":"instock","13":"featured","14":"taxable","15":"shipping-taxable","16":"purchasable","17":"product-type-simple"},"_links":{"self":[{"href":"https:\/\/key-bak.fr\/de\/wp-json\/wp\/v2\/product\/7736","targetHints":{"allow":["GET"]}}],"collection":[{"href":"https:\/\/key-bak.fr\/de\/wp-json\/wp\/v2\/product"}],"about":[{"href":"https:\/\/key-bak.fr\/de\/wp-json\/wp\/v2\/types\/product"}],"version-history":[{"count":0,"href":"https:\/\/key-bak.fr\/de\/wp-json\/wp\/v2\/product\/7736\/revisions"}],"wp:featuredmedia":[{"embeddable":true,"href":"https:\/\/key-bak.fr\/de\/wp-json\/wp\/v2\/media\/7912"}],"wp:attachment":[{"href":"https:\/\/key-bak.fr\/de\/wp-json\/wp\/v2\/media?parent=7736"}],"wp:term":[{"taxonomy":"product_brand","embeddable":true,"href":"https:\/\/key-bak.fr\/de\/wp-json\/wp\/v2\/product_brand?post=7736"},{"taxonomy":"product_cat","embeddable":true,"href":"https:\/\/key-bak.fr\/de\/wp-json\/wp\/v2\/product_cat?post=7736"},{"taxonomy":"product_tag","embeddable":true,"href":"https:\/\/key-bak.fr\/de\/wp-json\/wp\/v2\/product_tag?post=7736"}],"curies":[{"name":"wp","href":"https:\/\/api.w.org\/{rel}","templated":true}]}}