{"id":7602,"date":"2024-03-24T20:21:02","date_gmt":"2024-03-24T20:21:02","guid":{"rendered":"https:\/\/key-bak.fr\/?post_type=product&#038;p=7602"},"modified":"2026-03-26T11:27:26","modified_gmt":"2026-03-26T11:27:26","slug":"ratch-it","status":"publish","type":"product","link":"https:\/\/key-bak.fr\/de\/produit\/ratch-it\/","title":{"rendered":"Ratch-It Anti-R\u00fccklauf Karabinerhaken"},"content":{"rendered":"<h2>Robustes Design f\u00fcr den t\u00e4glichen Gebrauch<\/h2>\n<p>Der Key-Bak Ratch-It-Schl\u00fcsselanh\u00e4nger ist kein gew\u00f6hnliches Accessoire. Mit seinem kompakten Geh\u00e4use aus schwarzem Polycarbonat und dem extrem robusten Kevlar-Kabel, das auch extremen Bedingungen standh\u00e4lt, verbindet der Ratch-It Haltbarkeit und Einfallsreichtum. Er wird in den USA aus erstklassigen Materialien hergestellt und ist so konzipiert, dass er lange h\u00e4lt und den Test der Zeit \u00fcbersteht.<\/p>\n<h2>Fortschrittliche Praktikabilit\u00e4t und Sicherheit<\/h2>\n<p>Mit seinem festen Karabinerhaken aus einer robusten Zinklegierung l\u00e4sst sich das Ratch-It ganz einfach an Ihrem G\u00fcrtel, Ihren Satteltaschen oder Taschen befestigen und sichert so Ihre Schl\u00fcsselbunde, wo immer Sie auch hingehen. Das einzigartige Verriegelungssystem l\u00e4sst die Kordel in Abst\u00e4nden von 12,5 cm einrasten und bietet Ihnen so Flexibilit\u00e4t und Bequemlichkeit w\u00e4hrend des Gebrauchs.<\/p>\n<h2>Innovation und Leistung<\/h2>\n<p>Dieser Schl\u00fcsselanh\u00e4nger ist nicht einfach nur ein Accessoire, sondern eine L\u00f6sung, die Ihnen den Alltag erleichtern soll. Seine Feder aus rostfreiem Stahl, die in ein robustes Geh\u00e4use eingebettet ist, garantiert eine einwandfreie Funktionalit\u00e4t. Die Kevlar-Schnur ist st\u00e4rker als Stahl und h\u00e4lt einer Zugkraft von bis zu 40 kg stand.<\/p>\n<h2>Garantierte Haltbarkeit<\/h2>\n<p>Der Ratch-It Anti-Return-Karabiner wurde auf eine Lebensdauer von 1 Million Abz\u00fcge getestet und ist nicht nur f\u00fcr eine lange Lebensdauer konstruiert, sondern wird auch mit einer einj\u00e4hrigen Garantie geliefert, die unser Engagement f\u00fcr Qualit\u00e4t und Ihre Zufriedenheit unterstreicht.<\/p>\n<h2>Das Zubeh\u00f6r f\u00fcr anspruchsvolle Nutzer<\/h2>\n<p>Egal, ob Sie ein vielbesch\u00e4ftigter Berufst\u00e4tiger oder ein abenteuerlustiger Enthusiast sind, der Ratch-It wurde entwickelt, um Ihre Effizienz zu steigern und Ihren Stress zu reduzieren. Nehmen Sie es noch heute an und ver\u00e4ndern Sie die Art und Weise, wie Sie Ihre Schl\u00fcssel und Werkzeuge verwalten oder Ihr Handy mit dem richtigen Zubeh\u00f6r daran befestigen.<\/p>\n<p>Ratch-It ist ein Muss f\u00fcr alle, die Sicherheit, Praktikabilit\u00e4t und Nachhaltigkeit in einem Produkt vereinen wollen. KEY-BAK \u00d6ko-Roller erzeugen 90% weniger Abfall als Einweg-Roller, Schl\u00fcsselanh\u00e4nger und Befestigungen.<\/p>","protected":false},"excerpt":{"rendered":"<h3>Das KeyBak mit R\u00fccklaufsperre<\/h3>\n<p>Halten Sie Ihre Schl\u00fcssel, Ihr Telefon oder Ihr Werkzeug immer griffbereit mit dem revolution\u00e4ren Schl\u00fcsselanh\u00e4nger Ratch-It Anti-Return Karabinerhaken! Dieser innovative Schl\u00fcsselanh\u00e4nger verf\u00fcgt \u00fcber einen Sperrmechanismus mit R\u00fccklaufsperre und sorgt daf\u00fcr, dass Ihre Schl\u00fcssel, Ihr Werkzeug oder Ihr Telefon nicht nur sicher, sondern auch sofort zug\u00e4nglich bleiben.<\/p>\n<h3><strong>Merkmale<\/strong><\/h3>\n<ul style=\"font-weight: 400;\">\n<li>Feder aus rostfreiem Stahl, eingebettet in ein Geh\u00e4use mit 5 cm Durchmesser<\/li>\n<li>Verriegelungsmechanismus mit R\u00fccklaufsperre, die in Abst\u00e4nden von 12,5 cm einrastet<\/li>\n<li>Karabinerhaken aus Zinklegierung, der sich leicht an G\u00fcrtelschlaufen, Taschen, Kinderwagen oder Handtaschen anbringen l\u00e4sst.<\/li>\n<li>Schnur aus Kevlarfaser mit einer Mindestbruchkraft von 36,3 kg<\/li>\n<li>Getestet, um 1 Million Abz\u00fcge zu \u00fcberdauern<\/li>\n<li>Langlebigkeit gesch\u00fctzt durch eine 1-j\u00e4hrige Garantie<\/li>\n<\/ul>","protected":false},"featured_media":7605,"template":"","meta":[],"product_brand":[],"product_cat":[66,68,27,67,69],"product_tag":[],"class_list":{"0":"post-7602","1":"product","2":"type-product","3":"status-publish","4":"has-post-thumbnail","6":"product_cat-hotellerie","7":"product_cat-industrie","8":"product_cat-key-bak-enrouleurs","9":"product_cat-securite","10":"product_cat-usage-quotidien","12":"first","13":"instock","14":"sale","15":"taxable","16":"shipping-taxable","17":"purchasable","18":"product-type-variable"},"_links":{"self":[{"href":"https:\/\/key-bak.fr\/de\/wp-json\/wp\/v2\/product\/7602","targetHints":{"allow":["GET"]}}],"collection":[{"href":"https:\/\/key-bak.fr\/de\/wp-json\/wp\/v2\/product"}],"about":[{"href":"https:\/\/key-bak.fr\/de\/wp-json\/wp\/v2\/types\/product"}],"version-history":[{"count":0,"href":"https:\/\/key-bak.fr\/de\/wp-json\/wp\/v2\/product\/7602\/revisions"}],"wp:featuredmedia":[{"embeddable":true,"href":"https:\/\/key-bak.fr\/de\/wp-json\/wp\/v2\/media\/7605"}],"wp:attachment":[{"href":"https:\/\/key-bak.fr\/de\/wp-json\/wp\/v2\/media?parent=7602"}],"wp:term":[{"taxonomy":"product_brand","embeddable":true,"href":"https:\/\/key-bak.fr\/de\/wp-json\/wp\/v2\/product_brand?post=7602"},{"taxonomy":"product_cat","embeddable":true,"href":"https:\/\/key-bak.fr\/de\/wp-json\/wp\/v2\/product_cat?post=7602"},{"taxonomy":"product_tag","embeddable":true,"href":"https:\/\/key-bak.fr\/de\/wp-json\/wp\/v2\/product_tag?post=7602"}],"curies":[{"name":"wp","href":"https:\/\/api.w.org\/{rel}","templated":true}]}}