{"id":7290,"date":"2023-04-30T16:22:32","date_gmt":"2023-04-30T16:22:32","guid":{"rendered":"https:\/\/key-bak.fr\/?post_type=product&#038;p=7290"},"modified":"2026-05-05T09:24:07","modified_gmt":"2026-05-05T09:24:07","slug":"key-connect","status":"publish","type":"product","link":"https:\/\/key-bak.fr\/de\/produit\/key-connect\/","title":{"rendered":"KEY-CONNECT"},"content":{"rendered":"<h2>Einfache und vielseitige Befestigung<\/h2>\n<p>Ausgestattet mit einem Karabinerhaken aus robustem Metall l\u00e4sst sich dieser Schl\u00fcsselanh\u00e4nger leicht an Rucks\u00e4cken, G\u00fcrtelschlaufen oder Handtaschen befestigen. Ein zus\u00e4tzlicher Karabinerhaken aus haltbarem Kunststoff erm\u00f6glicht die einfache Verwaltung und den Austausch mehrerer Schl\u00fcsselbunde oder die Befestigung anderer wichtiger Gegenst\u00e4nde, ohne mit den herk\u00f6mmlichen Schl\u00fcsselringen zu k\u00e4mpfen.<\/p>\n<h2>Ansprechendes Design undpraktisch<\/h2>\n<p>Mit seiner leuchtend orangefarbenen Kordel und dem transparenten Geh\u00e4use ist dieser Schl\u00fcsselanh\u00e4nger ein echter Hingucker. Er verleiht den t\u00e4glichen Accessoires der Kinder einen Hauch von Farbe und Spa\u00df und ist gleichzeitig eine praktische Wahl f\u00fcr die Eltern.<\/p>\n<h2>Erweiterte Reichweite f\u00fcr mehr Komfort<\/h2>\n<p>Das auf bis zu 60 cm ausziehbare Kabel sorgt daf\u00fcr, dass Schl\u00fcssel oder andere wichtige Gegenst\u00e4nde zug\u00e4nglich bleiben, ohne dass sie verloren gehen k\u00f6nnen. Kinder k\u00f6nnen ihre Schl\u00fcssel leicht benutzen und sie dann sicher in das Geh\u00e4use zur\u00fcckziehen lassen.<\/p>\n<h2>Verst\u00e4rkte Sicherheit<\/h2>\n<p>Dieser Schl\u00fcsselanh\u00e4nger wurde speziell entwickelt, um Eltern Seelenfrieden und Kindern Unabh\u00e4ngigkeit zu bieten. Die robusten Materialien garantieren einen langlebigen und sicheren Gebrauch, ideal f\u00fcr die gesch\u00e4ftigen Tage von aktiven Jugendlichen.<\/p>\n<p>Entscheiden Sie sich f\u00fcr Bequemlichkeit und Sicherheit mit diesem Karabinerhaken-Schl\u00fcsselanh\u00e4nger mit transparentem K\u00f6rper und orangefarbener Kordel. Er ist das perfekte Accessoire, um bei Ihren Kindern Organisationstalent und Verantwortungsbewusstsein zu f\u00f6rdern und gleichzeitig eine spielerische Note zu verleihen.<\/p>\n<p class=\"translation-block\">Dieses Modell gibt es auch ohne Pfeife: das <a href=\"https:\/\/key-bak.fr\/de\/product-2\/key-connect-safe\/\" target=\"_self\"><strong>Key-Connect Safe<\/strong><\/a>.<\/p>","protected":false},"excerpt":{"rendered":"<h3>Sichern Sie Ihre Schl\u00fcssel mit diesem spielerischen KeyBak<\/h3>\n<p class=\"translation-block\">Diese farbenfrohe Version des einziehbaren Schl\u00fcsselanh\u00e4ngers <a href=\"https:\/\/key-bak.fr\/de\/product-2\/key-bak-sidekick\/\" target=\"_self\">SIDEKICK<\/a> ist die ideale L\u00f6sung f\u00fcr Sie oder Ihre Kinder, um Schl\u00fcssel und kleine Gegenst\u00e4nde immer sicher und griffbereit zu halten. Das KeyBak Key-Connect wurde f\u00fcr die Action entworfen und verbindet Funktionalit\u00e4t mit einem witzigen Stil.<\/p>\n<h3>Merkmale<\/h3>\n<ul>\n<li>Einfache Befestigung, um Schl\u00fcsselverluste zu vermeiden<\/li>\n<li>R\u00fcckzugskapazit\u00e4t bis zu 113 g (ca. 5 Schl\u00fcssel)<\/li>\n<li>60 cm lange Anh\u00e4ngekordel, die es erm\u00f6glicht, die Schl\u00fcssel zu benutzen, ohne sie zu trennen<\/li>\n<li>Karabinerhaken, der sich an Taschen und G\u00fcrtelschlaufen befestigen l\u00e4sst<\/li>\n<li>Hergestellt in den USA<\/li>\n<\/ul>\n<p><iframe title=\"YouTube-Videoplayer\" src=\"https:\/\/www.youtube.com\/embed\/fyybACGI0l8?si=PeL4QVMuqwM5so1T\" width=\"560\" height=\"315\" frameborder=\"0\" allowfullscreen=\"allowfullscreen\"><\/iframe><\/p>","protected":false},"featured_media":7291,"template":"","meta":[],"product_brand":[],"product_cat":[27,69],"product_tag":[],"class_list":{"0":"post-7290","1":"product","2":"type-product","3":"status-publish","4":"has-post-thumbnail","6":"product_cat-key-bak-enrouleurs","7":"product_cat-usage-quotidien","9":"first","10":"instock","11":"featured","12":"taxable","13":"shipping-taxable","14":"purchasable","15":"product-type-simple"},"_links":{"self":[{"href":"https:\/\/key-bak.fr\/de\/wp-json\/wp\/v2\/product\/7290","targetHints":{"allow":["GET"]}}],"collection":[{"href":"https:\/\/key-bak.fr\/de\/wp-json\/wp\/v2\/product"}],"about":[{"href":"https:\/\/key-bak.fr\/de\/wp-json\/wp\/v2\/types\/product"}],"version-history":[{"count":1,"href":"https:\/\/key-bak.fr\/de\/wp-json\/wp\/v2\/product\/7290\/revisions"}],"predecessor-version":[{"id":8984,"href":"https:\/\/key-bak.fr\/de\/wp-json\/wp\/v2\/product\/7290\/revisions\/8984"}],"wp:featuredmedia":[{"embeddable":true,"href":"https:\/\/key-bak.fr\/de\/wp-json\/wp\/v2\/media\/7291"}],"wp:attachment":[{"href":"https:\/\/key-bak.fr\/de\/wp-json\/wp\/v2\/media?parent=7290"}],"wp:term":[{"taxonomy":"product_brand","embeddable":true,"href":"https:\/\/key-bak.fr\/de\/wp-json\/wp\/v2\/product_brand?post=7290"},{"taxonomy":"product_cat","embeddable":true,"href":"https:\/\/key-bak.fr\/de\/wp-json\/wp\/v2\/product_cat?post=7290"},{"taxonomy":"product_tag","embeddable":true,"href":"https:\/\/key-bak.fr\/de\/wp-json\/wp\/v2\/product_tag?post=7290"}],"curies":[{"name":"wp","href":"https:\/\/api.w.org\/{rel}","templated":true}]}}