{"id":7277,"date":"2023-04-30T14:59:21","date_gmt":"2023-04-30T14:59:21","guid":{"rendered":"https:\/\/key-bak.fr\/?post_type=product&#038;p=7277"},"modified":"2026-04-16T12:28:18","modified_gmt":"2026-04-16T12:28:18","slug":"key-connect-safe","status":"publish","type":"product","link":"https:\/\/key-bak.fr\/de\/produit\/key-connect-safe\/","title":{"rendered":"KEY-CONNECT SAFE"},"content":{"rendered":"<p>Gewinnen Sie mehr Gelassenheit mit Key-Connect Safe, einer Innovation, die pers\u00f6nliche Sicherheit mit Funktionalit\u00e4t verbindet. Dieses Ger\u00e4t, das eine Kombination aus einer zug\u00e4nglichen Notfallpfeife und einem einziehbaren Schl\u00fcsselanh\u00e4nger darstellt, wurde entwickelt, um Sie und Ihre Schl\u00fcssel unter allen Umst\u00e4nden zu sch\u00fctzen.<\/p>\n<h2>Einfache Befestigung und Vielseitigkeit<\/h2>\n<p>Key-Connect Safe ist mit einem robusten Metallkarabiner ausgestattet und l\u00e4sst sich problemlos an Rucks\u00e4cken, G\u00fcrtelschlaufen oder Handtaschen befestigen. Ein zweiter Karabinerhaken aus strapazierf\u00e4higem Kunststoff, an dem die Pfeife befestigt ist, erm\u00f6glicht au\u00dferdem die einfache Verwaltung mehrerer Schl\u00fcsselbunde oder das problemlose Befestigen anderer Accessoires.<\/p>\n<h2>Ansprechendes und funktionales Design<\/h2>\n<p>Die orangefarbene, vibrierende Schnur und das durchsichtige Geh\u00e4use sind ein echter Hingucker und bieten gleichzeitig ein praktisches und sicheres Accessoire. Es ist ein Farbtupfer, der auch eine spielerische Dimension mit sich bringt und leicht auffindbar ist, ideal f\u00fcr den t\u00e4glichen Gebrauch.<\/p>\n<h2>Skalierbarkeit f\u00fcr einen leichteren Zugang<\/h2>\n<p>Dank des einziehbaren, bis zu 60 cm ausziehbaren Bandes sind Ihre Schl\u00fcssel oder andere wichtige Gegenst\u00e4nde immer griffbereit, ohne dass sie verloren gehen k\u00f6nnen. Benutzen Sie Ihre Schl\u00fcssel sorglos und lassen Sie sie dann sicher in ihre H\u00fclle einziehen.<\/p>\n<h2>Verbesserte Sicherheit<\/h2>\n<p>Mit Key-Connect Safe k\u00f6nnen Sie sich beruhigt zur\u00fccklehnen. Seine Robustheit sorgt f\u00fcr eine lange Lebensdauer und Zuverl\u00e4ssigkeit, perfekt f\u00fcr den hektischen Alltag. Seine integrierte Notfallpfeife ist ideal f\u00fcr zus\u00e4tzlichen Schutz in Gefahrensituationen.<\/p>\n<h2>Ein wichtiges Accessoire f\u00fcr Ihre Sicherheit<\/h2>\n<p>W\u00e4hlen Sie Key-Connect Safe, um Bequemlichkeit und Sicherheit zu kombinieren. Es ist das ideale Werkzeug f\u00fcr alle, die ihre pers\u00f6nliche Sicherheit erh\u00f6hen wollen und gleichzeitig ihre Schl\u00fcssel organisiert und zug\u00e4nglich halten m\u00f6chten. Gehen Sie nie wieder ohne ihn!<\/p>\n<p class=\"translation-block\">Mit Key-Connect Safe vereinen Sie \u00c4sthetik, Funktionalit\u00e4t und Sicherheit in einem einzigen kompakten Produkt. Nehmen Sie es noch heute an, um eine beruhigende und sorgenfreie Alltagserfahrung zu machen. Dieses Modell gibt es auch ohne Pfeife: den <strong><a href=\"https:\/\/key-bak.fr\/de\/product-2\/key-connect\/\" target=\"_self\">Key-Connect<\/a><\/strong>.<\/p>","protected":false},"excerpt":{"rendered":"<h3>Ihr pers\u00f6nliches Sicherheitsdispositiv zur Bek\u00e4mpfung von Bel\u00e4stigung auf der Stra\u00dfe<\/h3>\n<p>Sie verdienen den Seelenfrieden, den Sie brauchen, wenn Sie oder Ihr Kind ausgehen.<\/p>\n<h3>Merkmale<\/h3>\n<ul>\n<li>Einfach zu verwendender Karabinerhaken f\u00fcr G\u00fcrtelschlaufen und Rucks\u00e4cke.<\/li>\n<li>60 cm einziehbare Verl\u00e4ngerung mit der F\u00e4higkeit, bis zu 120 g einzuziehen (ca. 5 Schl\u00fcssel, wenn Sie die Pfeife entfernen m\u00f6chten)<\/li>\n<li>Hochwertige Fox40-Pfeife in Orange, IMMER griffbereit und nie verloren.<\/li>\n<li>Pfeife mit einem Ton, der bis zu 1500 Meter weit zu h\u00f6ren ist<\/li>\n<li>Tr\u00e4gt zu deinem Schutz bei, wenn du allein unterwegs bist, oder f\u00fcr Kinder, die bel\u00e4stigt werden.<\/li>\n<li>Transparenter K\u00f6rper mit orangefarbener Kordel<\/li>\n<li>Geeignet f\u00fcr Kinder und Erwachsene.<\/li>\n<\/ul>\n<p><iframe title=\"YouTube-Videoplayer\" src=\"https:\/\/www.youtube.com\/embed\/I09sXTeTfA8?si=tuN2G_jxy4xYbX3q\" width=\"560\" height=\"315\" frameborder=\"0\" allowfullscreen=\"allowfullscreen\"><\/iframe><\/p>","protected":false},"featured_media":7285,"template":"","meta":[],"product_brand":[],"product_cat":[27,69],"product_tag":[],"class_list":{"0":"post-7277","1":"product","2":"type-product","3":"status-publish","4":"has-post-thumbnail","6":"product_cat-key-bak-enrouleurs","7":"product_cat-usage-quotidien","9":"first","10":"instock","11":"featured","12":"taxable","13":"shipping-taxable","14":"purchasable","15":"product-type-simple"},"_links":{"self":[{"href":"https:\/\/key-bak.fr\/de\/wp-json\/wp\/v2\/product\/7277","targetHints":{"allow":["GET"]}}],"collection":[{"href":"https:\/\/key-bak.fr\/de\/wp-json\/wp\/v2\/product"}],"about":[{"href":"https:\/\/key-bak.fr\/de\/wp-json\/wp\/v2\/types\/product"}],"version-history":[{"count":1,"href":"https:\/\/key-bak.fr\/de\/wp-json\/wp\/v2\/product\/7277\/revisions"}],"predecessor-version":[{"id":8985,"href":"https:\/\/key-bak.fr\/de\/wp-json\/wp\/v2\/product\/7277\/revisions\/8985"}],"wp:featuredmedia":[{"embeddable":true,"href":"https:\/\/key-bak.fr\/de\/wp-json\/wp\/v2\/media\/7285"}],"wp:attachment":[{"href":"https:\/\/key-bak.fr\/de\/wp-json\/wp\/v2\/media?parent=7277"}],"wp:term":[{"taxonomy":"product_brand","embeddable":true,"href":"https:\/\/key-bak.fr\/de\/wp-json\/wp\/v2\/product_brand?post=7277"},{"taxonomy":"product_cat","embeddable":true,"href":"https:\/\/key-bak.fr\/de\/wp-json\/wp\/v2\/product_cat?post=7277"},{"taxonomy":"product_tag","embeddable":true,"href":"https:\/\/key-bak.fr\/de\/wp-json\/wp\/v2\/product_tag?post=7277"}],"curies":[{"name":"wp","href":"https:\/\/api.w.org\/{rel}","templated":true}]}}