{"id":4180,"date":"2022-03-24T20:26:16","date_gmt":"2022-03-24T20:26:16","guid":{"rendered":"https:\/\/www.keybak.amicalementgeorge.com\/?post_type=product&#038;p=4180"},"modified":"2026-03-29T09:55:47","modified_gmt":"2026-03-29T09:55:47","slug":"key-bak-6c-id","status":"publish","type":"product","link":"https:\/\/key-bak.fr\/de\/produit\/key-bak-6c-id\/","title":{"rendered":"Key-bak 6C-ID"},"content":{"rendered":"<p>Der 6C ID \u00abHeavy Duty\u00bb Ausweishalter ist das ideale Werkzeug f\u00fcr alle, die mehrere Ausweise oder Zugangskarten verwalten und h\u00e4ufigen Zugriff ben\u00f6tigen. Sein Design erm\u00f6glicht eine einfache und schnelle Bedienung, die in dynamischen Gesch\u00e4ftsumgebungen unerl\u00e4sslich ist.<\/p>\n<h2 class=\"translation-block\"><strong>Robustheit und<\/strong> Haltbarkeit<\/h2>\n<p>Dieser Namensschildhalter verf\u00fcgt \u00fcber ein robustes Geh\u00e4use aus schwarzem, gegossenem Polycarbonat, das eine 90 cm lange, einziehbare Spule aus DuPont\u2122 Kevlar\u00ae Faser sch\u00fctzt. Mit seinem Karabinerhaken l\u00e4sst er sich leicht an G\u00fcrtelschlaufen, Taschen oder Handtaschen befestigen.<\/p>\n<h2 class=\"translation-block\"><strong>Einfaches Befestigen<\/strong><\/h2>\n<p>Mit seiner vielseitigen Befestigung l\u00e4sst sich der 6C ID Badge Holder dank des integrierten Karabinerhakens ganz einfach an Ihrer G\u00fcrtelschnalle, Ihrem Rucksack oder einer anderen Halterung befestigen. Er wurde entwickelt, um Ihre IDs immer griffbereit zu haben, ohne dass sie verloren gehen k\u00f6nnen.<\/p>\n<h2>\u00dcberlegene Schrumpfbarkeit<\/h2>\n<p>Profitieren Sie von einer 90 cm langen einziehbaren Schnur, die mehr L\u00e4nge und Einziehkraft bietet als die meisten anderen Ausweishalter auf dem Markt. Diese Funktion ist perfekt f\u00fcr alle, die ihre Ausweise h\u00e4ufig und ohne Einschr\u00e4nkungen pr\u00e4sentieren m\u00fcssen.<\/p>\n<h2 class=\"translation-block\"><strong>Sicherheit und<\/strong> einfacher Zugang<\/strong>.<\/h2>\n<p>Befestigen Sie Ihren Ausweis oder Ihre Zugangskarten einfach am Vinylstrap des Ausweishalters. Benutzen und l\u00f6sen Sie Ihren Ausweis ganz einfach; der einziehbare Mechanismus bringt ihn bis zur n\u00e4chsten Benutzung sicher zur\u00fcck.<\/p>\n<h2>Ein Must f\u00fcr Profis<\/h2>\n<p>Die 6C-Modelle sind f\u00fcr ihre Zuverl\u00e4ssigkeit und Effektivit\u00e4t in verschiedenen Branchen bekannt. Egal, ob Sie in der Sicherheitstechnik, im Hotel- und Gastst\u00e4ttengewerbe oder in einem anderen Bereich arbeiten, der h\u00e4ufigen Zugang erfordert, dieses Namensschild ist die perfekte L\u00f6sung, um Ihre Anmeldeinformationen sicher und zug\u00e4nglich zu halten.<\/p>\n<p>Entscheiden Sie sich f\u00fcr den 6C ID Ausweishalter, um Ihre Ausweise praktisch und sicher zugleich zu verwalten. Zuverl\u00e4ssig und robust ist er ein unverzichtbarer Begleiter in Ihrem Berufsalltag.<\/p>","protected":false},"excerpt":{"rendered":"<h3>Der Namensschildhalter \u00abHeavy Duty\u00bb.\u00bb<\/h3>\n<p>Der 6C ID Ausweishalter ist ideal, wenn Sie mehrere Ausweise besitzen und diese h\u00e4ufig verwenden m\u00fcssen<\/p>\n<h3>Merkmale<\/h3>\n<ul>\n<li>Kevlar-Kabel auf 90 cm ausziehbar<\/li>\n<li>R\u00fcckzugskraft von 170 g<\/li>\n<li>Karabinerhaken aus Zinklegierung<\/li>\n<li>Geh\u00e4use aus extrem widerstandsf\u00e4higem Polycarbonat<\/li>\n<li>Getestet, um 1 Million Abz\u00fcge zu \u00fcberdauern<\/li>\n<li>Gesch\u00fctzt durch eine 1-j\u00e4hrige Garantie<\/li>\n<\/ul>","protected":false},"featured_media":4945,"template":"","meta":[],"product_brand":[],"product_cat":[29,65,69],"product_tag":[],"class_list":{"0":"post-4180","1":"product","2":"type-product","3":"status-publish","4":"has-post-thumbnail","6":"product_cat-porte-badges","7":"product_cat-sante","8":"product_cat-usage-quotidien","10":"first","11":"instock","12":"taxable","13":"shipping-taxable","14":"purchasable","15":"product-type-simple"},"_links":{"self":[{"href":"https:\/\/key-bak.fr\/de\/wp-json\/wp\/v2\/product\/4180","targetHints":{"allow":["GET"]}}],"collection":[{"href":"https:\/\/key-bak.fr\/de\/wp-json\/wp\/v2\/product"}],"about":[{"href":"https:\/\/key-bak.fr\/de\/wp-json\/wp\/v2\/types\/product"}],"version-history":[{"count":2,"href":"https:\/\/key-bak.fr\/de\/wp-json\/wp\/v2\/product\/4180\/revisions"}],"predecessor-version":[{"id":8991,"href":"https:\/\/key-bak.fr\/de\/wp-json\/wp\/v2\/product\/4180\/revisions\/8991"}],"wp:featuredmedia":[{"embeddable":true,"href":"https:\/\/key-bak.fr\/de\/wp-json\/wp\/v2\/media\/4945"}],"wp:attachment":[{"href":"https:\/\/key-bak.fr\/de\/wp-json\/wp\/v2\/media?parent=4180"}],"wp:term":[{"taxonomy":"product_brand","embeddable":true,"href":"https:\/\/key-bak.fr\/de\/wp-json\/wp\/v2\/product_brand?post=4180"},{"taxonomy":"product_cat","embeddable":true,"href":"https:\/\/key-bak.fr\/de\/wp-json\/wp\/v2\/product_cat?post=4180"},{"taxonomy":"product_tag","embeddable":true,"href":"https:\/\/key-bak.fr\/de\/wp-json\/wp\/v2\/product_tag?post=4180"}],"curies":[{"name":"wp","href":"https:\/\/api.w.org\/{rel}","templated":true}]}}