{"id":4175,"date":"2022-03-24T20:26:15","date_gmt":"2022-03-24T20:26:15","guid":{"rendered":"https:\/\/www.keybak.amicalementgeorge.com\/?post_type=product&#038;p=4175"},"modified":"2025-01-08T09:12:25","modified_gmt":"2025-01-08T09:12:25","slug":"key-bak-work-1","status":"publish","type":"product","link":"https:\/\/key-bak.fr\/de\/produit\/key-bak-work-1\/","title":{"rendered":"Key-Bak WORK 1"},"content":{"rendered":"<p class=\"translation-block\">Der KeyBak Retractor Roller \u00ab<strong>WORK 1<\/strong>\u00bb ist dank des an einem 90 cm langen Kevlarkabel befestigten Rings zum unverzichtbaren Werkzeug geworden, um kleine Gegenst\u00e4nde (Schraubenschl\u00fcssel, Gebrauchsanweisung, Checkliste usw.) zu sichern.<\/p>\n<h2>Robustes, langlebiges Design<\/h2>\n<p>Der in den USA hergestellte Key-Bak Retractable Industrial Roller wurde f\u00fcr ein Leben lang entwickelt. Es ist mit einer Feder aus hochwertigem Edelstahl ausgestattet und gilt als das zuverl\u00e4ssigste Aufrollsystem der Welt.<\/p>\n<h2>Attraktives und robustes Geh\u00e4use<\/h2>\n<p>Das verchromte, strukturierte Stahlgeh\u00e4use mit einem Durchmesser von 5 cm ist mit einem 7 cm langen Metallb\u00fcgel verschwei\u00dft, den Sie an Ihrer Maschine oder Wand befestigen k\u00f6nnen, und garantiert Stabilit\u00e4t und \u00c4sthetik. Das elegante Design, das mit dem einer Taschenuhr vergleichbar ist, bleibt Jahr f\u00fcr Jahr makellos.<\/p>\n<h2>Schrumpfungsf\u00e4higkeit und -kraft<\/h2>\n<p>Mit einer R\u00fcckzugskraft von 225 Gramm kann dieser Aufroller kleine Werkzeuge oder das Gewichts\u00e4quivalent von 15 gro\u00dfen Schl\u00fcsseln tragen. Die 60 Zentimeter lange Edelstahlkette sorgt daf\u00fcr, dass alles, was Sie daran befestigen, sicher und leicht zug\u00e4nglich bleibt.<\/p>\n<h2>Inklusive Zubeh\u00f6r und einfache Montage<\/h2>\n<p>Der Aufroller ist mit einem angebrachten verzinkten Ring ausgestattet, der f\u00fcr eine verbesserte Haltbarkeit und Vielseitigkeit sorgt. Eine Halterung aus verchromtem Stahl erm\u00f6glicht mithilfe von zwei Befestigungen eine einfache Montage auf jeder Oberfl\u00e4che.<\/p>\n<h2>Au\u00dfergew\u00f6hnliche Vielseitigkeit<\/h2>\n<p>Das KeyBak Work 1 ist ideal f\u00fcr Fachleute aus den Bereichen Dienstleistungen, Sicherheit, Kasinos und mehr. Es eignet sich hervorragend zur Sicherung von Schl\u00fcsseln, kleinen Werkzeugen, Taschenlampen und anderen wichtigen Ausr\u00fcstungsgegenst\u00e4nden.<\/p>\n<h2>Garantie und Zuverl\u00e4ssigkeit<\/h2>\n<p>Jedes KEY-BAK-Aufrollsystem wird von einer einj\u00e4hrigen beschr\u00e4nkten Garantie und einer lebenslangen Servicepolitik unterst\u00fctzt, die unser Engagement f\u00fcr Qualit\u00e4t und Kundenzufriedenheit widerspiegeln. Seit seiner Gr\u00fcndung im Jahr 1948 bietet KEY-BAK weiterhin zuverl\u00e4ssige und praktische L\u00f6sungen f\u00fcr alle, die einen sicheren und bequemen Zugang zu ihren Werkzeugen und Schl\u00fcsseln ben\u00f6tigen.<\/p>","protected":false},"excerpt":{"rendered":"<h3>F\u00fcr den industriellen Gebrauch<\/h3>\n<p>Das KeyBak WORK 1 ist dank seines Edelstahlkabels ein unverzichtbares Werkzeug f\u00fcr den industriellen Einsatz.<\/p>\n<h3>Merkmale<\/h3>\n<ul>\n<li>R\u00fcckzugskraft von 225 Gramm<\/li>\n<li>120 cm langes, ultra-starkes Kevlar-Kabel<\/li>\n<li>7 cm lange Metallhalterung<\/li>\n<li>Feder aus rostfreiem Stahl, eingebettet in ein 5 cm gro\u00dfes Geh\u00e4use aus rostfreiem Stahl<\/li>\n<li>2,5 cm langer Ring aus geh\u00e4rtetem, korrosionsbest\u00e4ndigem Stahl<\/li>\n<li>Getestet, um 1 Million Abz\u00fcge zu \u00fcberdauern<\/li>\n<li>Hergestellt in den USA<\/li>\n<\/ul>","protected":false},"featured_media":4725,"template":"","meta":[],"product_brand":[],"product_cat":[68,28],"product_tag":[],"class_list":{"0":"post-4175","1":"product","2":"type-product","3":"status-publish","4":"has-post-thumbnail","6":"product_cat-industrie","7":"product_cat-key-bak-speciaux","9":"first","10":"instock","11":"taxable","12":"shipping-taxable","13":"purchasable","14":"product-type-simple"},"_links":{"self":[{"href":"https:\/\/key-bak.fr\/de\/wp-json\/wp\/v2\/product\/4175","targetHints":{"allow":["GET"]}}],"collection":[{"href":"https:\/\/key-bak.fr\/de\/wp-json\/wp\/v2\/product"}],"about":[{"href":"https:\/\/key-bak.fr\/de\/wp-json\/wp\/v2\/types\/product"}],"version-history":[{"count":0,"href":"https:\/\/key-bak.fr\/de\/wp-json\/wp\/v2\/product\/4175\/revisions"}],"wp:featuredmedia":[{"embeddable":true,"href":"https:\/\/key-bak.fr\/de\/wp-json\/wp\/v2\/media\/4725"}],"wp:attachment":[{"href":"https:\/\/key-bak.fr\/de\/wp-json\/wp\/v2\/media?parent=4175"}],"wp:term":[{"taxonomy":"product_brand","embeddable":true,"href":"https:\/\/key-bak.fr\/de\/wp-json\/wp\/v2\/product_brand?post=4175"},{"taxonomy":"product_cat","embeddable":true,"href":"https:\/\/key-bak.fr\/de\/wp-json\/wp\/v2\/product_cat?post=4175"},{"taxonomy":"product_tag","embeddable":true,"href":"https:\/\/key-bak.fr\/de\/wp-json\/wp\/v2\/product_tag?post=4175"}],"curies":[{"name":"wp","href":"https:\/\/api.w.org\/{rel}","templated":true}]}}