{"id":4172,"date":"2022-03-24T20:26:15","date_gmt":"2022-03-24T20:26:15","guid":{"rendered":"https:\/\/www.keybak.amicalementgeorge.com\/?post_type=product&#038;p=4172"},"modified":"2026-03-26T11:36:26","modified_gmt":"2026-03-26T11:36:26","slug":"key-bak-sidekick","status":"publish","type":"product","link":"https:\/\/key-bak.fr\/de\/produit\/key-bak-sidekick\/","title":{"rendered":"Key-bak SIDEKICK"},"content":{"rendered":"<p>Freiheit in der Hosentasche oder Handtasche mit einem Schl\u00fcsselring und einer transparenten Vinyllasche mit Druckknopf f\u00fcr Namensschild, Ausweis oder USB-Stick<\/p>\n<h2>Kompakt und hyperpraktisch<\/h2>\n<p>Trotz seiner geringen Gr\u00f6\u00dfe ist der Sidekick ein wahres B\u00fcndel an Funktionen. Er kann bis zu 5 Schl\u00fcssel und 1 Ausweis tragen und vereint Leichtigkeit und Robustheit in einem eleganten, transparenten Geh\u00e4use.<\/p>\n<h2>Sofortige Erreichbarkeit<\/h2>\n<p>Dank des innovativen Aufrollsystems geh\u00f6rt das minutenlange, verzweifelte W\u00fchlen in Ihrer Handtasche oder Ihren Taschen der Vergangenheit an. Dank der robusten, einziehbaren Schnur reicht eine einfache Bewegung, um das zu greifen, was Sie suchen.<\/p>\n<h2>Haltbarkeit und Widerstandsf\u00e4higkeit<\/h2>\n<p>Der Sidekick wurde aus ultrafestem Polycarbonat hergestellt und mit Kevlarfasern verst\u00e4rkt. Er ist bereit, die Herausforderungen des Alltags zu meistern. Befestigen Sie ihn an Ihrem G\u00fcrtel oder Ihrer Tasche, und er wird all Ihren Aktivit\u00e4ten standhalten, ohne zu versagen.<\/p>\n<h2>M\u00fchelose Nutzung<\/h2>\n<p>Verwenden Sie Ihre Schl\u00fcssel oder Ihr Namensschild ganz einfach und lassen Sie sie nach dem Gebrauch sanft in ihre Schutzh\u00fclle zur\u00fcckziehen. Das spart Ihnen viel Zeit und gibt Ihnen bei jedem Gebrauch ein sicheres Gef\u00fchl.<\/p>\n<h2>Ausgefeiltes und ultrapraktisches Design<\/h2>\n<p>Der Sidekick ist nicht nur n\u00fctzlich, sondern mit seinem schlichten und modernen Design auch ein modisches Accessoire. Von Fachleuten anerkannt und angenommen, ist er zu einem Referenzmodell f\u00fcr alle geworden, die eine \u00e4sthetische und zugleich funktionale L\u00f6sung suchen.<\/p>\n<h2>Investieren Sie in Qualit\u00e4t<\/h2>\n<p>Suchen Sie nicht weiter, der Sidekick ist der perfekte Begleiter, auf den Sie gewartet haben. G\u00f6nnen Sie sich dieses exzellente St\u00fcck mit 1 Jahr Garantie f\u00fcr eine ver\u00e4nderte Alltagserfahrung.<\/p>\n<p>Mit dem Sidekick der n\u00e4chsten Generation bringen Sie Ihre pers\u00f6nliche Organisation auf ein neues Niveau. Bestellen Sie ihn noch heute und definieren Sie die Art und Weise, wie Sie Ihre Schl\u00fcssel und Ausweise t\u00e4glich transportieren, neu.<\/p>","protected":false},"excerpt":{"rendered":"<h3>Das vielseitige Key-Bak: Schl\u00fcssel und Namensschild<\/h3>\n<p>Der Sidekick ist das vielseitige KeyBak f\u00fcr Ihre Schl\u00fcssel und Ihr Namensschild.<\/p>\n<h3>Merkmale<\/h3>\n<ul>\n<li>R\u00fcckzugskraft von 225 Gramm<\/li>\n<li class=\"translation-block\">60 cm langes, ultra-starkes, dehnbares Anti-Torsions-Kevlar<sup>\u00a9<\/sup>-Kabel<\/li>\n<li>Karabiner aus Legierung, um den KeyBak Sidekick einfach an Ihrem G\u00fcrtel oder Ihrer Tasche zu befestigen<\/li>\n<li>Feder aus rostfreiem Stahl, eingebettet in ein 3,5 cm gro\u00dfes Polycarbonat-Geh\u00e4use<\/li>\n<li>Getestet, um 1 Million Abz\u00fcge zu \u00fcberdauern<\/li>\n<li>Gesch\u00fctzt durch eine 1-j\u00e4hrige Garantie<\/li>\n<\/ul>\n<p><iframe title=\"YouTube-Videoplayer\" src=\"https:\/\/www.youtube.com\/embed\/0m5_U6k3q-0?si=Ms2I_GWJYqWoMbEt\" width=\"560\" height=\"315\" frameborder=\"0\" allowfullscreen=\"allowfullscreen\"><\/iframe><\/p>","protected":false},"featured_media":4633,"template":"","meta":[],"product_brand":[],"product_cat":[27,29,65,69],"product_tag":[],"class_list":{"0":"post-4172","1":"product","2":"type-product","3":"status-publish","4":"has-post-thumbnail","6":"product_cat-key-bak-enrouleurs","7":"product_cat-porte-badges","8":"product_cat-sante","9":"product_cat-usage-quotidien","11":"first","12":"instock","13":"sale","14":"taxable","15":"shipping-taxable","16":"purchasable","17":"product-type-simple"},"_links":{"self":[{"href":"https:\/\/key-bak.fr\/de\/wp-json\/wp\/v2\/product\/4172","targetHints":{"allow":["GET"]}}],"collection":[{"href":"https:\/\/key-bak.fr\/de\/wp-json\/wp\/v2\/product"}],"about":[{"href":"https:\/\/key-bak.fr\/de\/wp-json\/wp\/v2\/types\/product"}],"version-history":[{"count":1,"href":"https:\/\/key-bak.fr\/de\/wp-json\/wp\/v2\/product\/4172\/revisions"}],"predecessor-version":[{"id":8989,"href":"https:\/\/key-bak.fr\/de\/wp-json\/wp\/v2\/product\/4172\/revisions\/8989"}],"wp:featuredmedia":[{"embeddable":true,"href":"https:\/\/key-bak.fr\/de\/wp-json\/wp\/v2\/media\/4633"}],"wp:attachment":[{"href":"https:\/\/key-bak.fr\/de\/wp-json\/wp\/v2\/media?parent=4172"}],"wp:term":[{"taxonomy":"product_brand","embeddable":true,"href":"https:\/\/key-bak.fr\/de\/wp-json\/wp\/v2\/product_brand?post=4172"},{"taxonomy":"product_cat","embeddable":true,"href":"https:\/\/key-bak.fr\/de\/wp-json\/wp\/v2\/product_cat?post=4172"},{"taxonomy":"product_tag","embeddable":true,"href":"https:\/\/key-bak.fr\/de\/wp-json\/wp\/v2\/product_tag?post=4172"}],"curies":[{"name":"wp","href":"https:\/\/api.w.org\/{rel}","templated":true}]}}